{"id":323,"date":"2024-07-28T09:07:37","date_gmt":"2024-07-28T07:07:37","guid":{"rendered":"https:\/\/www.cotraneurope.it-up.tech\/?page_id=323"},"modified":"2025-07-13T10:02:20","modified_gmt":"2025-07-13T08:02:20","slug":"mentions-legales","status":"publish","type":"page","link":"https:\/\/www.cotraneurope.com\/fr\/mentions-legales\/","title":{"rendered":"Mentions l\u00e9gales"},"content":{"rendered":"<!--themify_builder_content-->\n<div id=\"themify_builder_content-323\" data-postid=\"323\" class=\"themify_builder_content themify_builder_content-323 themify_builder tf_clear\">\n                    <div  data-lazy=\"1\" class=\"module_row themify_builder_row tb_0s1o16 tb_first tf_w\">\n                        <div class=\"row_inner col_align_top tb_col_count_1 tf_box tf_rel\">\n                        <div  data-lazy=\"1\" class=\"module_column tb-column col-full tb_ycpt16 first\">\n                    <!-- module text -->\n<div  class=\"module module-text tb_l4y5758   \" data-lazy=\"1\">\n        <div  class=\"tb_text_wrap\">\n        <h3 data-start=\"146\" data-end=\"169\"><strong data-start=\"150\" data-end=\"169\">\u00c9diteur du site<\/strong><\/h3>\n<p data-start=\"171\" data-end=\"394\"><strong data-start=\"171\" data-end=\"188\">COTRAN EUROPE<\/strong><br data-start=\"188\" data-end=\"191\">SARL au capital social de 1.000 \u20ac<br data-start=\"224\" data-end=\"227\">RCS Lille M\u00e9tropole : 801 436 734<br data-start=\"260\" data-end=\"263\">N\u00b0 TVA Intracommunautaire : FR23801436734<br data-start=\"304\" data-end=\"307\">Si\u00e8ge social : 46 rue d\u2019Armenti\u00e8res, 59560 COMINES, FRANCE<br data-start=\"365\" data-end=\"368\">T\u00e9l. : +33 3 66 72 58 52<\/p>\n<hr data-start=\"396\" data-end=\"399\">\n<h3 data-start=\"401\" data-end=\"428\"><strong data-start=\"405\" data-end=\"428\">Maintenance du site<\/strong><\/h3>\n<p data-start=\"430\" data-end=\"560\"><strong data-start=\"430\" data-end=\"439\">IT UP<\/strong><br data-start=\"439\" data-end=\"442\">RCS Dunkerque : 904 908 787<br data-start=\"469\" data-end=\"472\">Si\u00e8ge social : 23, rue de Normandie, 59492 HOYMILLE, FRANCE<br data-start=\"531\" data-end=\"534\">T\u00e9l. : +33 6 72 38 98 81<\/p>\n<hr data-start=\"562\" data-end=\"565\">\n<h3 data-start=\"567\" data-end=\"586\"><strong data-start=\"571\" data-end=\"586\">H\u00e9bergement<\/strong><\/h3>\n<p data-start=\"588\" data-end=\"780\"><strong data-start=\"588\" data-end=\"597\">IONOS<\/strong><br data-start=\"597\" data-end=\"600\">SARL au capital social de 100.000 \u20ac<br data-start=\"635\" data-end=\"638\">RCS Sarreguemines : 431 303 775<br data-start=\"669\" data-end=\"672\">Si\u00e8ge social : 7, place de la Gare, BP 70109, 57200 Sarreguemines Cedex, FRANCE<br data-start=\"751\" data-end=\"754\">T\u00e9l. : +33 9 70 80 89 11<\/p>\n<hr data-start=\"782\" data-end=\"785\">\n<h3 data-start=\"787\" data-end=\"810\"><strong data-start=\"791\" data-end=\"810\">Confidentialit\u00e9<\/strong><\/h3>\n<p data-start=\"812\" data-end=\"1142\">La soci\u00e9t\u00e9 <strong data-start=\"823\" data-end=\"840\">COTRAN EUROPE<\/strong> ne collecte pas d\u2019informations personnelles permettant l\u2019identification, \u00e0 l\u2019exception des formulaires que l\u2019utilisateur est libre de remplir. Ces informations ne seront pas utilis\u00e9es sans votre accord. Elles ne serviront qu\u2019\u00e0 vous adresser des courriers, des brochures, des devis ou \u00e0 vous contacter.<\/p>\n<p data-start=\"1144\" data-end=\"1572\">Les donn\u00e9es recueillies sur ce site b\u00e9n\u00e9ficient de la protection de la loi \u00ab Informatique et Libert\u00e9s \u00bb n\u00b078-17 du 6 janvier 1978. Conform\u00e9ment \u00e0 cette loi, vous disposez d\u2019un droit d\u2019acc\u00e8s, de rectification, d\u2019opposition \u00e0 la communication et de suppression des donn\u00e9es vous concernant sur simple demande adress\u00e9e \u00e0 :<br data-start=\"1462\" data-end=\"1465\"><strong data-start=\"1465\" data-end=\"1527\">COTRAN EUROPE, 46 rue d\u2019Armenti\u00e8res, 59560 COMINES, FRANCE<\/strong><br data-start=\"1527\" data-end=\"1530\">(voir notre politique de confidentialit\u00e9).<\/p>\n<p data-start=\"1574\" data-end=\"1769\"><strong data-start=\"1574\" data-end=\"1591\">COTRAN EUROPE<\/strong> pourra r\u00e9aliser des analyses statistiques non nominatives et pourra en communiquer les r\u00e9sultats \u00e0 des tiers (organismes de mesure d\u2019audience) sous une forme agr\u00e9g\u00e9e et anonyme.<\/p>\n<hr data-start=\"1771\" data-end=\"1774\">\n<h3 data-start=\"1776\" data-end=\"1807\"><strong data-start=\"1780\" data-end=\"1807\">Utilisation des cookies<\/strong><\/h3>\n<p data-start=\"1809\" data-end=\"2234\">La gestion des commandes n\u00e9cessite l\u2019utilisation de cookies. Ces cookies sont des fichiers texte enregistr\u00e9s sur votre terminal, permettant de reconna\u00eetre un utilisateur et de simplifier la navigation sur le site. Les donn\u00e9es ainsi recueillies ne sont pas personnelles et ne servent qu\u2019au bon fonctionnement du site <a class=\"\" href=\"https:\/\/www.cotraneurope.com\" target=\"_new\" rel=\"noopener\" data-start=\"2125\" data-end=\"2185\">https:\/\/www.cotraneurope.com<\/a><br data-start=\"2185\" data-end=\"2188\">(voir notre politique de gestion des cookies).<\/p>\n<hr data-start=\"2236\" data-end=\"2239\">\n<h3 data-start=\"2241\" data-end=\"2269\"><strong data-start=\"2245\" data-end=\"2269\">Donn\u00e9es personnelles<\/strong><\/h3>\n<p data-start=\"2271\" data-end=\"2688\">Les donn\u00e9es collect\u00e9es via les formulaires de contact sont utilis\u00e9es pour r\u00e9pondre \u00e0 vos demandes et \u00e0 des fins commerciales.<br data-start=\"2396\" data-end=\"2399\">Conform\u00e9ment au RGPD et \u00e0 la loi \u00ab Informatique et Libert\u00e9s \u00bb, vous disposez des droits suivants : acc\u00e8s, rectification, suppression, opposition et portabilit\u00e9.<br data-start=\"2559\" data-end=\"2562\">Vous pouvez exercer ces droits en contactant : <strong data-start=\"2609\" data-end=\"2630\"><a class=\"cursor-pointer\" rel=\"noopener\" data-start=\"2611\" data-end=\"2628\">contact@cotran.fr<\/a><\/strong> (ou l\u2019adresse e-mail du DPO \/ responsable du traitement).<\/p>\n<hr data-start=\"2690\" data-end=\"2693\">\n<h3 data-start=\"2695\" data-end=\"2720\"><strong data-start=\"2699\" data-end=\"2720\">Liens hypertextes<\/strong><\/h3>\n<p data-start=\"2722\" data-end=\"2968\"><strong data-start=\"2722\" data-end=\"2739\">COTRAN EUROPE<\/strong> ne contr\u00f4le pas les sites web reli\u00e9s au sien et ne peut en aucun cas \u00eatre tenue responsable de leur contenu. L\u2019utilisation de ces sites est faite sous votre enti\u00e8re responsabilit\u00e9 et selon leurs propres conditions d\u2019utilisation.<\/p>\n<hr data-start=\"2970\" data-end=\"2973\">\n<h3 data-start=\"2975\" data-end=\"2997\"><strong data-start=\"2979\" data-end=\"2997\">Responsabilit\u00e9<\/strong><\/h3>\n<p data-start=\"2999\" data-end=\"3203\"><strong data-start=\"2999\" data-end=\"3016\">COTRAN EUROPE<\/strong> s\u2019efforce d\u2019assurer l\u2019exactitude des informations diffus\u00e9es sur son site, mais ne peut garantir l\u2019absence totale d\u2019erreurs. L\u2019utilisation du site se fait sous votre seule responsabilit\u00e9.<\/p>    <\/div>\n<\/div>\n<!-- \/module text -->        <\/div>\n                        <\/div>\n        <\/div>\n        <\/div>\n<!--\/themify_builder_content-->","protected":false},"excerpt":{"rendered":"<p>\u00c9diteur du site COTRAN EUROPESARL au capital social de 1.000 \u20acRCS Lille M\u00e9tropole : 801 436 734N\u00b0 TVA Intracommunautaire : FR23801436734Si\u00e8ge social : 46 rue d\u2019Armenti\u00e8res, 59560 COMINES, FRANCET\u00e9l. : +33 3 66 72 58 52 Maintenance du site IT UPRCS Dunkerque : 904 908 787Si\u00e8ge social : 23, rue de Normandie, 59492 HOYMILLE, FRANCET\u00e9l. [&hellip;]<\/p>\n","protected":false},"author":1,"featured_media":0,"parent":0,"menu_order":0,"comment_status":"closed","ping_status":"closed","template":"","meta":{"footnotes":""},"folder":[],"class_list":["post-323","page","type-page","status-publish","hentry","has-post-title","has-post-date","has-post-category","has-post-tag","has-post-comment","has-post-author",""],"builder_content":"<h3 data-start=\"146\" data-end=\"169\"><strong data-start=\"150\" data-end=\"169\">\u00c9diteur du site<\/strong><\/h3> <p data-start=\"171\" data-end=\"394\"><strong data-start=\"171\" data-end=\"188\">COTRAN EUROPE<\/strong><br data-start=\"188\" data-end=\"191\">SARL au capital social de 1.000 \u20ac<br data-start=\"224\" data-end=\"227\">RCS Lille M\u00e9tropole : 801 436 734<br data-start=\"260\" data-end=\"263\">N\u00b0 TVA Intracommunautaire : FR23801436734<br data-start=\"304\" data-end=\"307\">Si\u00e8ge social : 46 rue d\u2019Armenti\u00e8res, 59560 COMINES, FRANCE<br data-start=\"365\" data-end=\"368\">T\u00e9l. : +33 3 66 72 58 52<\/p> <hr data-start=\"396\" data-end=\"399\"> <h3 data-start=\"401\" data-end=\"428\"><strong data-start=\"405\" data-end=\"428\">Maintenance du site<\/strong><\/h3> <p data-start=\"430\" data-end=\"560\"><strong data-start=\"430\" data-end=\"439\">IT UP<\/strong><br data-start=\"439\" data-end=\"442\">RCS Dunkerque : 904 908 787<br data-start=\"469\" data-end=\"472\">Si\u00e8ge social : 23, rue de Normandie, 59492 HOYMILLE, FRANCE<br data-start=\"531\" data-end=\"534\">T\u00e9l. : +33 6 72 38 98 81<\/p> <hr data-start=\"562\" data-end=\"565\"> <h3 data-start=\"567\" data-end=\"586\"><strong data-start=\"571\" data-end=\"586\">H\u00e9bergement<\/strong><\/h3> <p data-start=\"588\" data-end=\"780\"><strong data-start=\"588\" data-end=\"597\">IONOS<\/strong><br data-start=\"597\" data-end=\"600\">SARL au capital social de 100.000 \u20ac<br data-start=\"635\" data-end=\"638\">RCS Sarreguemines : 431 303 775<br data-start=\"669\" data-end=\"672\">Si\u00e8ge social : 7, place de la Gare, BP 70109, 57200 Sarreguemines Cedex, FRANCE<br data-start=\"751\" data-end=\"754\">T\u00e9l. : +33 9 70 80 89 11<\/p> <hr data-start=\"782\" data-end=\"785\"> <h3 data-start=\"787\" data-end=\"810\"><strong data-start=\"791\" data-end=\"810\">Confidentialit\u00e9<\/strong><\/h3> <p data-start=\"812\" data-end=\"1142\">La soci\u00e9t\u00e9 <strong data-start=\"823\" data-end=\"840\">COTRAN EUROPE<\/strong> ne collecte pas d\u2019informations personnelles permettant l\u2019identification, \u00e0 l\u2019exception des formulaires que l\u2019utilisateur est libre de remplir. Ces informations ne seront pas utilis\u00e9es sans votre accord. Elles ne serviront qu\u2019\u00e0 vous adresser des courriers, des brochures, des devis ou \u00e0 vous contacter.<\/p> <p data-start=\"1144\" data-end=\"1572\">Les donn\u00e9es recueillies sur ce site b\u00e9n\u00e9ficient de la protection de la loi \u00ab Informatique et Libert\u00e9s \u00bb n\u00b078-17 du 6 janvier 1978. Conform\u00e9ment \u00e0 cette loi, vous disposez d\u2019un droit d\u2019acc\u00e8s, de rectification, d\u2019opposition \u00e0 la communication et de suppression des donn\u00e9es vous concernant sur simple demande adress\u00e9e \u00e0 :<br data-start=\"1462\" data-end=\"1465\"><strong data-start=\"1465\" data-end=\"1527\">COTRAN EUROPE, 46 rue d\u2019Armenti\u00e8res, 59560 COMINES, FRANCE<\/strong><br data-start=\"1527\" data-end=\"1530\">(voir notre politique de confidentialit\u00e9).<\/p> <p data-start=\"1574\" data-end=\"1769\"><strong data-start=\"1574\" data-end=\"1591\">COTRAN EUROPE<\/strong> pourra r\u00e9aliser des analyses statistiques non nominatives et pourra en communiquer les r\u00e9sultats \u00e0 des tiers (organismes de mesure d\u2019audience) sous une forme agr\u00e9g\u00e9e et anonyme.<\/p> <hr data-start=\"1771\" data-end=\"1774\"> <h3 data-start=\"1776\" data-end=\"1807\"><strong data-start=\"1780\" data-end=\"1807\">Utilisation des cookies<\/strong><\/h3> <p data-start=\"1809\" data-end=\"2234\">La gestion des commandes n\u00e9cessite l\u2019utilisation de cookies. Ces cookies sont des fichiers texte enregistr\u00e9s sur votre terminal, permettant de reconna\u00eetre un utilisateur et de simplifier la navigation sur le site. Les donn\u00e9es ainsi recueillies ne sont pas personnelles et ne servent qu\u2019au bon fonctionnement du site <a href=\"https:\/\/www.cotraneurope.com\" target=\"_new\" rel=\"noopener\" data-start=\"2125\" data-end=\"2185\">https:\/\/www.cotraneurope.com<\/a><br data-start=\"2185\" data-end=\"2188\">(voir notre politique de gestion des cookies).<\/p> <hr data-start=\"2236\" data-end=\"2239\"> <h3 data-start=\"2241\" data-end=\"2269\"><strong data-start=\"2245\" data-end=\"2269\">Donn\u00e9es personnelles<\/strong><\/h3> <p data-start=\"2271\" data-end=\"2688\">Les donn\u00e9es collect\u00e9es via les formulaires de contact sont utilis\u00e9es pour r\u00e9pondre \u00e0 vos demandes et \u00e0 des fins commerciales.<br data-start=\"2396\" data-end=\"2399\">Conform\u00e9ment au RGPD et \u00e0 la loi \u00ab Informatique et Libert\u00e9s \u00bb, vous disposez des droits suivants : acc\u00e8s, rectification, suppression, opposition et portabilit\u00e9.<br data-start=\"2559\" data-end=\"2562\">Vous pouvez exercer ces droits en contactant : <strong data-start=\"2609\" data-end=\"2630\"><a rel=\"noopener\" data-start=\"2611\" data-end=\"2628\">contact@cotran.fr<\/a><\/strong> (ou l\u2019adresse e-mail du DPO \/ responsable du traitement).<\/p> <hr data-start=\"2690\" data-end=\"2693\"> <h3 data-start=\"2695\" data-end=\"2720\"><strong data-start=\"2699\" data-end=\"2720\">Liens hypertextes<\/strong><\/h3> <p data-start=\"2722\" data-end=\"2968\"><strong data-start=\"2722\" data-end=\"2739\">COTRAN EUROPE<\/strong> ne contr\u00f4le pas les sites web reli\u00e9s au sien et ne peut en aucun cas \u00eatre tenue responsable de leur contenu. L\u2019utilisation de ces sites est faite sous votre enti\u00e8re responsabilit\u00e9 et selon leurs propres conditions d\u2019utilisation.<\/p> <hr data-start=\"2970\" data-end=\"2973\"> <h3 data-start=\"2975\" data-end=\"2997\"><strong data-start=\"2979\" data-end=\"2997\">Responsabilit\u00e9<\/strong><\/h3> <p data-start=\"2999\" data-end=\"3203\"><strong data-start=\"2999\" data-end=\"3016\">COTRAN EUROPE<\/strong> s\u2019efforce d\u2019assurer l\u2019exactitude des informations diffus\u00e9es sur son site, mais ne peut garantir l\u2019absence totale d\u2019erreurs. L\u2019utilisation du site se fait sous votre seule responsabilit\u00e9.<\/p>","_links":{"self":[{"href":"https:\/\/www.cotraneurope.com\/fr\/wp-json\/wp\/v2\/pages\/323","targetHints":{"allow":["GET"]}}],"collection":[{"href":"https:\/\/www.cotraneurope.com\/fr\/wp-json\/wp\/v2\/pages"}],"about":[{"href":"https:\/\/www.cotraneurope.com\/fr\/wp-json\/wp\/v2\/types\/page"}],"author":[{"embeddable":true,"href":"https:\/\/www.cotraneurope.com\/fr\/wp-json\/wp\/v2\/users\/1"}],"replies":[{"embeddable":true,"href":"https:\/\/www.cotraneurope.com\/fr\/wp-json\/wp\/v2\/comments?post=323"}],"version-history":[{"count":0,"href":"https:\/\/www.cotraneurope.com\/fr\/wp-json\/wp\/v2\/pages\/323\/revisions"}],"wp:attachment":[{"href":"https:\/\/www.cotraneurope.com\/fr\/wp-json\/wp\/v2\/media?parent=323"}],"wp:term":[{"taxonomy":"folder","embeddable":true,"href":"https:\/\/www.cotraneurope.com\/fr\/wp-json\/wp\/v2\/folder?post=323"}],"curies":[{"name":"wp","href":"https:\/\/api.w.org\/{rel}","templated":true}]}}