{"id":3647,"date":"2025-07-08T11:40:28","date_gmt":"2025-07-08T09:40:28","guid":{"rendered":"https:\/\/xenodochial-taussig.212-227-206-74.plesk.page\/?page_id=3647"},"modified":"2025-07-08T13:36:10","modified_gmt":"2025-07-08T11:36:10","slug":"delais-et-tarifs-de-livraison","status":"publish","type":"page","link":"https:\/\/www.cotraneurope.com\/fr\/delais-et-tarifs-de-livraison\/","title":{"rendered":"D\u00e9lais et tarifs de livraison"},"content":{"rendered":"<!--themify_builder_content-->\n<div id=\"themify_builder_content-3647\" data-postid=\"3647\" class=\"themify_builder_content themify_builder_content-3647 themify_builder tf_clear\">\n                    <div  data-lazy=\"1\" class=\"module_row themify_builder_row tb_3j2b802 tb_first tf_w\">\n                        <div class=\"row_inner col_align_top tb_col_count_1 tf_box tf_rel\">\n                        <div  data-lazy=\"1\" class=\"module_column tb-column col-full tb_yt03802 first\">\n                    <!-- module text -->\n<div  class=\"module module-text tb_g15t447   \" data-lazy=\"1\">\n        <div  class=\"tb_text_wrap\">\n        <p><strong>Disponibilit\u00e9 des articles<\/strong><\/p>\n<p>Nous exp\u00e9dions g\u00e9n\u00e9ralement toutes nos commandes en moins de 24h avec un stock permanent de toutes les r\u00e9f\u00e9rences. En cas exceptionnel de rupture de stock ou de d\u00e9lai rallong\u00e9, le d\u00e9lai de disponibilit\u00e9 est mentionn\u00e9 sur la fiche artiche du produit.<\/p>\n<p>\u00a0<\/p>\n<p><strong>Moyens de livraison<\/strong><\/p>\n<p>&#8211; Commandes en France M\u00e9tropolitaine : Nous exp\u00e9dions toutes vos commandes avec La Poste\/Colissimo ou GLS.<\/p>\n<p>&#8211; Commandes France Dom\/Tom et Corse : Nous exp\u00e9dions vos commandes avec La Poste\/Colissimo ou autre transporteur express international (DHL, FedEx, UPS, Chronopost)<\/p>\n<p>&#8211; Commandes internationales zone francophone (Belgique, Suisse, Luxembourg) : Nous exp\u00e9dions vos commandes dans la majorit\u00e9 des cas avec La Poste fran\u00e7aise\/Colissimo Expert international. Concernant la livraison, le partenaire local de La Poste fran\u00e7aise, assurera le relai et la livraison \u00e0 votre adresse (BPost, La Poste Suisse, Post Luxembourg ou autre)<\/p>\n<p>\u00a0<\/p>\n<p><strong>D\u00e9lais de livraison<\/strong><\/p>\n<p>Votre commande est g\u00e9n\u00e9ralement exp\u00e9di\u00e9e sous moins de 24h. Votre colis est alors pris en charge par le transporteur, les d\u00e9lais de livraison sont g\u00e9n\u00e9ralement les suivants :<\/p>\n<p>France M\u00e9tropolitaine : 2-3 jours<\/p>\n<p>Corse\u00a0: 3 jours<\/p>\n<p>Belgique, Luxembourg, Allemagne : 2-3 jours<\/p>\n<p>Suisse : 4 jours<\/p>\n<p>Autres pays de l&rsquo;Union Europ\u00e9enne : 3 &#8211; 7 jours<\/p>\n<p>Pays hors Union Europ\u00e9enne : 7 &#8211; 15 jours<\/p>\n<p><strong>Suivi de commande<\/strong><\/p>\n<p>A l&rsquo;exp\u00e9dition de votre commande, vous recevrez par email un lien vous permettant de suivre votre colis par internet. Vous pourrez ainsi constater l&rsquo;avanc\u00e9e de la livraison pas-\u00e0-pas<\/p>\n<p><strong>Tarifs de livraison<\/strong><\/p>\n<p>Toute commande sup\u00e9rieure \u00e0 49 \u20ac Hors Taxes d&rsquo;achat vous est livr\u00e9e gratuitement dans les pays de l&rsquo;Union Europ\u00e9enne continentale (et Corse). Si votre commande est inf\u00e9rieure \u00e0 49 \u20ac Hors Taxes, ou si l&rsquo;adresse de livraison se situe en dehors de la zone g\u00e9ographique cit\u00e9e, un tarif unique de 8 \u20ac Hors Taxes, est appliqu\u00e9 pour les frais d&rsquo;exp\u00e9dition. Certaines destinations (DOM-TOM, pays hors Union Europ\u00e9enne) font \u00e9galement l&rsquo;objet de frais de port sp\u00e9cifiques\u00a0 qui vous seront communiqu\u00e9s sur la page de confirmation de commande, avant votre paiement. Vous devez pour cela choisir le pays correspondant \u00e0 votre adresse de livraison. Ex. Guadeloupe, Martinique, R\u00e9union etc. Nous nous r\u00e9servons le droit de ne pas honorer votre commande (remboursement) ou de vous demander un compl\u00e9ment pour frais de livraison si le pays choisi dans le menu d\u00e9roulant sous &lsquo;Adresse&rsquo; ou &lsquo;Adresse de livraison&rsquo; n&rsquo;est pas en ad\u00e9quation avec votre adresse.\u00a0<\/p>\n<p>\u00a0<\/p>    <\/div>\n<\/div>\n<!-- \/module text -->        <\/div>\n                        <\/div>\n        <\/div>\n        <\/div>\n<!--\/themify_builder_content-->","protected":false},"excerpt":{"rendered":"<p>Disponibilit\u00e9 des articles Nous exp\u00e9dions g\u00e9n\u00e9ralement toutes nos commandes en moins de 24h avec un stock permanent de toutes les r\u00e9f\u00e9rences. En cas exceptionnel de rupture de stock ou de d\u00e9lai rallong\u00e9, le d\u00e9lai de disponibilit\u00e9 est mentionn\u00e9 sur la fiche artiche du produit. \u00a0 Moyens de livraison &#8211; Commandes en France M\u00e9tropolitaine : Nous [&hellip;]<\/p>\n","protected":false},"author":2,"featured_media":0,"parent":0,"menu_order":0,"comment_status":"closed","ping_status":"closed","template":"","meta":{"footnotes":""},"folder":[],"class_list":["post-3647","page","type-page","status-publish","hentry","has-post-title","has-post-date","has-post-category","has-post-tag","has-post-comment","has-post-author",""],"builder_content":"<p><strong>Disponibilit\u00e9 des articles<\/strong><\/p> <p>Nous exp\u00e9dions g\u00e9n\u00e9ralement toutes nos commandes en moins de 24h avec un stock permanent de toutes les r\u00e9f\u00e9rences. En cas exceptionnel de rupture de stock ou de d\u00e9lai rallong\u00e9, le d\u00e9lai de disponibilit\u00e9 est mentionn\u00e9 sur la fiche artiche du produit.<\/p> <p>\u00a0<\/p> <p><strong>Moyens de livraison<\/strong><\/p> <p>- Commandes en France M\u00e9tropolitaine : Nous exp\u00e9dions toutes vos commandes avec La Poste\/Colissimo ou GLS.<\/p> <p>- Commandes France Dom\/Tom et Corse : Nous exp\u00e9dions vos commandes avec La Poste\/Colissimo ou autre transporteur express international (DHL, FedEx, UPS, Chronopost)<\/p> <p>- Commandes internationales zone francophone (Belgique, Suisse, Luxembourg) : Nous exp\u00e9dions vos commandes dans la majorit\u00e9 des cas avec La Poste fran\u00e7aise\/Colissimo Expert international. Concernant la livraison, le partenaire local de La Poste fran\u00e7aise, assurera le relai et la livraison \u00e0 votre adresse (BPost, La Poste Suisse, Post Luxembourg ou autre)<\/p> <p>\u00a0<\/p> <p><strong>D\u00e9lais de livraison<\/strong><\/p> <p>Votre commande est g\u00e9n\u00e9ralement exp\u00e9di\u00e9e sous moins de 24h. Votre colis est alors pris en charge par le transporteur, les d\u00e9lais de livraison sont g\u00e9n\u00e9ralement les suivants :<\/p> <p>France M\u00e9tropolitaine : 2-3 jours<\/p> <p>Corse\u00a0: 3 jours<\/p> <p>Belgique, Luxembourg, Allemagne : 2-3 jours<\/p> <p>Suisse : 4 jours<\/p> <p>Autres pays de l'Union Europ\u00e9enne : 3 - 7 jours<\/p> <p>Pays hors Union Europ\u00e9enne : 7 - 15 jours<\/p> <p><strong>Suivi de commande<\/strong><\/p> <p>A l'exp\u00e9dition de votre commande, vous recevrez par email un lien vous permettant de suivre votre colis par internet. Vous pourrez ainsi constater l'avanc\u00e9e de la livraison pas-\u00e0-pas<\/p> <p><strong>Tarifs de livraison<\/strong><\/p> <p>Toute commande sup\u00e9rieure \u00e0 49 \u20ac Hors Taxes d'achat vous est livr\u00e9e gratuitement dans les pays de l'Union Europ\u00e9enne continentale (et Corse). Si votre commande est inf\u00e9rieure \u00e0 49 \u20ac Hors Taxes, ou si l'adresse de livraison se situe en dehors de la zone g\u00e9ographique cit\u00e9e, un tarif unique de 8 \u20ac Hors Taxes, est appliqu\u00e9 pour les frais d'exp\u00e9dition. Certaines destinations (DOM-TOM, pays hors Union Europ\u00e9enne) font \u00e9galement l'objet de frais de port sp\u00e9cifiques\u00a0 qui vous seront communiqu\u00e9s sur la page de confirmation de commande, avant votre paiement. Vous devez pour cela choisir le pays correspondant \u00e0 votre adresse de livraison. Ex. Guadeloupe, Martinique, R\u00e9union etc. Nous nous r\u00e9servons le droit de ne pas honorer votre commande (remboursement) ou de vous demander un compl\u00e9ment pour frais de livraison si le pays choisi dans le menu d\u00e9roulant sous 'Adresse' ou 'Adresse de livraison' n'est pas en ad\u00e9quation avec votre adresse.\u00a0<\/p> <p>\u00a0<\/p>","_links":{"self":[{"href":"https:\/\/www.cotraneurope.com\/fr\/wp-json\/wp\/v2\/pages\/3647","targetHints":{"allow":["GET"]}}],"collection":[{"href":"https:\/\/www.cotraneurope.com\/fr\/wp-json\/wp\/v2\/pages"}],"about":[{"href":"https:\/\/www.cotraneurope.com\/fr\/wp-json\/wp\/v2\/types\/page"}],"author":[{"embeddable":true,"href":"https:\/\/www.cotraneurope.com\/fr\/wp-json\/wp\/v2\/users\/2"}],"replies":[{"embeddable":true,"href":"https:\/\/www.cotraneurope.com\/fr\/wp-json\/wp\/v2\/comments?post=3647"}],"version-history":[{"count":0,"href":"https:\/\/www.cotraneurope.com\/fr\/wp-json\/wp\/v2\/pages\/3647\/revisions"}],"wp:attachment":[{"href":"https:\/\/www.cotraneurope.com\/fr\/wp-json\/wp\/v2\/media?parent=3647"}],"wp:term":[{"taxonomy":"folder","embeddable":true,"href":"https:\/\/www.cotraneurope.com\/fr\/wp-json\/wp\/v2\/folder?post=3647"}],"curies":[{"name":"wp","href":"https:\/\/api.w.org\/{rel}","templated":true}]}}