{"id":3799,"date":"2025-07-15T10:31:44","date_gmt":"2025-07-15T08:31:44","guid":{"rendered":"https:\/\/xenodochial-taussig.212-227-206-74.plesk.page\/?page_id=3799"},"modified":"2025-07-15T10:31:46","modified_gmt":"2025-07-15T08:31:46","slug":"moyens-de-paiement","status":"publish","type":"page","link":"https:\/\/www.cotraneurope.com\/fr\/moyens-de-paiement\/","title":{"rendered":"Moyens de paiement"},"content":{"rendered":"<!--themify_builder_content-->\n<div id=\"themify_builder_content-3799\" data-postid=\"3799\" class=\"themify_builder_content themify_builder_content-3799 themify_builder tf_clear\">\n                    <div  data-lazy=\"1\" class=\"module_row themify_builder_row tb_w4i4541 tb_first tf_w\">\n                        <div class=\"row_inner col_align_top tb_col_count_1 tf_box tf_rel\">\n                        <div  data-lazy=\"1\" class=\"module_column tb-column col-full tb_z9rg541 first\">\n                    <!-- module text -->\n<div  class=\"module module-text tb_axov820   \" data-lazy=\"1\">\n    <h3 class=\"module-title\">Moyens de paiement<\/h3>    <div  class=\"tb_text_wrap\">\n        <p>Sur notre site, vous aurez acc\u00e8s aux modes de paiement suivants :<\/p><ul data-spread=\"false\"><li>Carte bancaire<\/li><li><p>Virement bancaire<\/p><\/li><li><p>Ch\u00e8que<\/p><\/li><li>Paypal<\/li><li><p>Esp\u00e8ces<\/p><\/li><\/ul><p>Vous avez le choix de votre mode de paiement. Les paiements par carte de cr\u00e9dit et PayPal offrent les d\u00e9lais de traitement les plus rapides : une fois le paiement effectu\u00e9, votre commande est imm\u00e9diatement envoy\u00e9e pour pr\u00e9paration et exp\u00e9dition.<\/p><p><br \/>Les paiements par virement bancaire, ch\u00e8que et esp\u00e8ces sont plus longs \u00e0 traiter, car ils n\u00e9cessitent une intervention manuelle de notre part. Cependant, nous nous effor\u00e7ons de minimiser les d\u00e9lais de traitement. Les commandes sont g\u00e9n\u00e9ralement valid\u00e9es sous 1 \u00e0 2\u00a0jours apr\u00e8s r\u00e9ception de votre paiement.<\/p><p>Les paiements par esp\u00e8ces, s&rsquo;ils sont envoy\u00e9s par courrier, se font enti\u00e8rement aux risques et charges du client.<\/p><p>Vous avez des questions concernant un paiement ou votre commande\u00a0? Veuillez nous envoyer un e-mail \u00e0\u00a0: contact@cotraneurope.com<\/p>    <\/div>\n<\/div>\n<!-- \/module text -->        <\/div>\n                        <\/div>\n        <\/div>\n        <\/div>\n<!--\/themify_builder_content-->","protected":false},"excerpt":{"rendered":"<p>Sur notre site, vous aurez acc\u00e8s aux modes de paiement suivants :Carte bancaireVirement bancaireCh\u00e8quePaypalEsp\u00e8cesVous avez le choix de votre mode de paiement. Les paiements par carte de cr\u00e9dit et PayPal offrent les d\u00e9lais de traitement les plus rapides : une fois le paiement effectu\u00e9, votre commande est imm\u00e9diatement envoy\u00e9e pour pr\u00e9paration et exp\u00e9dition.Les paiements par [&hellip;]<\/p>\n","protected":false},"author":2,"featured_media":0,"parent":0,"menu_order":0,"comment_status":"closed","ping_status":"closed","template":"","meta":{"footnotes":""},"folder":[],"class_list":["post-3799","page","type-page","status-publish","hentry","has-post-title","has-post-date","has-post-category","has-post-tag","has-post-comment","has-post-author",""],"builder_content":"<h3>Moyens de paiement<\/h3> <p>Sur notre site, vous aurez acc\u00e8s aux modes de paiement suivants :<\/p><ul data-spread=\"false\"><li>Carte bancaire<\/li><li><p>Virement bancaire<\/p><\/li><li><p>Ch\u00e8que<\/p><\/li><li>Paypal<\/li><li><p>Esp\u00e8ces<\/p><\/li><\/ul><p>Vous avez le choix de votre mode de paiement. Les paiements par carte de cr\u00e9dit et PayPal offrent les d\u00e9lais de traitement les plus rapides : une fois le paiement effectu\u00e9, votre commande est imm\u00e9diatement envoy\u00e9e pour pr\u00e9paration et exp\u00e9dition.<\/p><p><br \/>Les paiements par virement bancaire, ch\u00e8que et esp\u00e8ces sont plus longs \u00e0 traiter, car ils n\u00e9cessitent une intervention manuelle de notre part. Cependant, nous nous effor\u00e7ons de minimiser les d\u00e9lais de traitement. Les commandes sont g\u00e9n\u00e9ralement valid\u00e9es sous 1 \u00e0 2\u00a0jours apr\u00e8s r\u00e9ception de votre paiement.<\/p><p>Les paiements par esp\u00e8ces, s'ils sont envoy\u00e9s par courrier, se font enti\u00e8rement aux risques et charges du client.<\/p><p>Vous avez des questions concernant un paiement ou votre commande\u00a0? Veuillez nous envoyer un e-mail \u00e0\u00a0: contact@cotraneurope.com<\/p>","_links":{"self":[{"href":"https:\/\/www.cotraneurope.com\/fr\/wp-json\/wp\/v2\/pages\/3799","targetHints":{"allow":["GET"]}}],"collection":[{"href":"https:\/\/www.cotraneurope.com\/fr\/wp-json\/wp\/v2\/pages"}],"about":[{"href":"https:\/\/www.cotraneurope.com\/fr\/wp-json\/wp\/v2\/types\/page"}],"author":[{"embeddable":true,"href":"https:\/\/www.cotraneurope.com\/fr\/wp-json\/wp\/v2\/users\/2"}],"replies":[{"embeddable":true,"href":"https:\/\/www.cotraneurope.com\/fr\/wp-json\/wp\/v2\/comments?post=3799"}],"version-history":[{"count":0,"href":"https:\/\/www.cotraneurope.com\/fr\/wp-json\/wp\/v2\/pages\/3799\/revisions"}],"wp:attachment":[{"href":"https:\/\/www.cotraneurope.com\/fr\/wp-json\/wp\/v2\/media?parent=3799"}],"wp:term":[{"taxonomy":"folder","embeddable":true,"href":"https:\/\/www.cotraneurope.com\/fr\/wp-json\/wp\/v2\/folder?post=3799"}],"curies":[{"name":"wp","href":"https:\/\/api.w.org\/{rel}","templated":true}]}}