{"id":1011,"date":"2025-07-04T16:33:31","date_gmt":"2025-07-04T14:33:31","guid":{"rendered":"https:\/\/www.cotraneurope.it-up.tech\/?post_type=product&#038;p=1011"},"modified":"2025-07-08T16:10:33","modified_gmt":"2025-07-08T14:10:33","slug":"support-biberon-en-metal","status":"publish","type":"product","link":"https:\/\/www.cotraneurope.com\/fr\/mise-bas-allaitement\/biberons-et-seaux-dallaitement\/support-biberon-en-metal\/","title":{"rendered":"Support biberon en m\u00e9tal"},"content":{"rendered":"\r\n<p>Le support pour biberon BESS permet de rendre l\u2019animal autonome dans son allaitement. Apr\u00e8s avoir entra\u00een\u00e9 l\u2019animal \u00e0 s\u2019allaiter au biberon, le support pour biberon BESS permet de se lib\u00e9rer de la t\u00e2che d\u2019allaitement en fixant le biberon dans son enclos.<\/p>\r\n\r\n\r\n\r\n<p>Au cours d\u2019une journ\u00e9e, le biberon peut \u00eatre rempli facilement tout en restant en place, gr\u00e2ce au couvercle au col large facilement accessible par le dessus.<\/p>\r\n\r\n\r\n\r\n<p>Le biberon est maintenu fermement en place gr\u00e2ce \u00e0 l\u2019armature m\u00e9tallique. Il est con\u00e7u pour r\u00e9sister aux mouvements des animaux les plus \u00e9nergiques.<\/p>\r\n","protected":false},"excerpt":{"rendered":"<p>Support m\u00e9tallique compatible avec tout biberon BESS \u00e0 partir de 2 litres. Le support permet de fixer le biberon sur la barri\u00e8re de l\u2019enclos ou de le visser au mur.<br \/>Il dispose d\u2019un syst\u00e8me de clip permettant une installation et un retrait facile pour le remplissage ou le nettoyage du biberon.<br \/>Le support maintient fermement le biberon en place, \u00e0 l\u2019\u00e9preuve des mouvements de l\u2019animal.<\/p>\n","protected":false},"featured_media":1012,"comment_status":"open","ping_status":"closed","template":"","meta":[],"product_brand":[],"product_cat":[2313,37],"product_tag":[],"class_list":{"0":"post-1011","1":"product","2":"type-product","3":"status-publish","4":"has-post-thumbnail","6":"product_cat-biberons-et-seaux-dallaitement","7":"product_cat-mise-bas-allaitement","8":"has-post-title","9":"has-post-date","10":"has-post-category","11":"has-post-tag","12":"has-post-comment","13":"has-post-author","14":"","16":"first","17":"instock","18":"taxable","19":"shipping-taxable","20":"purchasable","21":"product-type-simple"},"builder_content":"","_links":{"self":[{"href":"https:\/\/www.cotraneurope.com\/fr\/wp-json\/wp\/v2\/product\/1011","targetHints":{"allow":["GET"]}}],"collection":[{"href":"https:\/\/www.cotraneurope.com\/fr\/wp-json\/wp\/v2\/product"}],"about":[{"href":"https:\/\/www.cotraneurope.com\/fr\/wp-json\/wp\/v2\/types\/product"}],"replies":[{"embeddable":true,"href":"https:\/\/www.cotraneurope.com\/fr\/wp-json\/wp\/v2\/comments?post=1011"}],"wp:featuredmedia":[{"embeddable":true,"href":"https:\/\/www.cotraneurope.com\/fr\/wp-json\/wp\/v2\/media\/1012"}],"wp:attachment":[{"href":"https:\/\/www.cotraneurope.com\/fr\/wp-json\/wp\/v2\/media?parent=1011"}],"wp:term":[{"taxonomy":"product_brand","embeddable":true,"href":"https:\/\/www.cotraneurope.com\/fr\/wp-json\/wp\/v2\/product_brand?post=1011"},{"taxonomy":"product_cat","embeddable":true,"href":"https:\/\/www.cotraneurope.com\/fr\/wp-json\/wp\/v2\/product_cat?post=1011"},{"taxonomy":"product_tag","embeddable":true,"href":"https:\/\/www.cotraneurope.com\/fr\/wp-json\/wp\/v2\/product_tag?post=1011"}],"curies":[{"name":"wp","href":"https:\/\/api.w.org\/{rel}","templated":true}]}}