{"id":1015,"date":"2025-07-04T16:27:07","date_gmt":"2025-07-04T14:27:07","guid":{"rendered":"https:\/\/www.cotraneurope.it-up.tech\/?post_type=product&#038;p=1015"},"modified":"2025-07-08T16:10:13","modified_gmt":"2025-07-08T14:10:13","slug":"seau-8-litres-avec-tetine-sans-fuites","status":"publish","type":"product","link":"https:\/\/www.cotraneurope.com\/fr\/mise-bas-allaitement\/biberons-et-seaux-dallaitement\/seau-8-litres-avec-tetine-sans-fuites\/","title":{"rendered":"Seau 8 litres avec t\u00e9tine sans-fuites"},"content":{"rendered":"\r\n<p>Seau d\u2019allaitement pour veau en plastique ABS de grade alimentaire. D\u2019une capacit\u00e9 de 8 litres, il vous permettra d\u2019\u00e9lever vos veaux dans de bonnes conditions, que le seau soit utilis\u00e9 pour allaiter un veau seul ou en groupe. Le seau est enti\u00e8rement \u00e9quip\u00e9, avec un crochet support en plastique, un clapet de t\u00e9tine et est fourni avec une t\u00e9tine universelle sans-fuites BESS.<\/p>\r\n\r\n\r\n\r\n<p>Le seau est pourvu en outre d\u2019un double syst\u00e8me d\u2019accroche, qui lui permet d\u2019\u00eatre fix\u00e9 \u00e0 l\u2019int\u00e9rieur ou \u00e0 l\u2019ext\u00e9rieur de l\u2019enclos. Le r\u00e9approvisionnement du lait se fait facilement par le dessus et gr\u00e2ce \u00e0 la graduation en relief \u00e0 l\u2019int\u00e9rieur du seau (de 1\u00a0 \u00e0 8 litres). Le clapet est \u00e9quip\u00e9 d&rsquo;un syst\u00e8me permettant une vidange maximale du seau.<\/p>\r\n\r\n\r\n\r\n<p>La t\u00e9tine universelle BESS est issue de notre r\u00e9cente innovation. Gr\u00e2ce \u00e0 son syst\u00e8me de valve interne (insert), la t\u00e9tine BESS permet \u00e0 la fois de garantir le bon d\u00e9bit de buv\u00e9e de mani\u00e8re constante, tout en \u00e9vitant tout probl\u00e8me de fuites qui survient au fur et \u00e0 mesure que la t\u00e9tine devient us\u00e9e. Il est recommand\u00e9 de nettoyer quotidiennement tout le mat\u00e9riel en contact avec le lait. Pour nettoyer la t\u00e9tine, d\u00e9clipser le syst\u00e8me d\u2019insert et passer les pi\u00e8ces sous l\u2019eau chaude.<\/p>\r\n\r\n\r\n\r\n<p>Points forts :<\/p>\r\n\r\n\r\n\r\n<ul class=\"wp-block-list\">\r\n<li>Seau de 8 litres en ABS<\/li>\r\n\r\n\r\n\r\n<li>T\u00e9tine en silicone de grade alimentaire avec valve interne qui r\u00e9gule parfaitement le flux du lait pour un allaitement naturel<\/li>\r\n\r\n\r\n\r\n<li>\u00c9coulement proche de l\u2019allaitement naturel\u00a0: flux contr\u00f4l\u00e9 et constant gr\u00e2ce \u00e0 la valve interne. Le lait s\u2019\u00e9coule uniquement lorsque le veau t\u00eate, de mani\u00e8re constante, quelque soit l\u2019\u00e9tat d\u2019usure de la t\u00e9tine.<\/li>\r\n\r\n\r\n\r\n<li>Anti-fuites\u00a0: la valve situ\u00e9e \u00e0 l\u2019int\u00e9rieur de la t\u00e9tine permet de ne laisser passer le lait que lorsque l\u2019animal t\u00e8te, ce m\u00eame si la t\u00e9tine est us\u00e9e ou d\u00e9chir\u00e9e<\/li>\r\n\r\n\r\n\r\n<li>Longue dur\u00e9e de vie\u00a0: Le silicone alli\u00e9 \u00e0 la valve interne permet de prolonger la dur\u00e9e de vie de nos t\u00e9tines bien au-del\u00e0 des t\u00e9tines ordinaire<\/li>\r\n<\/ul>\r\n","protected":false},"excerpt":{"rendered":"<p>Seau d\u2019allaitement pour veau d\u2019une capacit\u00e9 de 8 litres, livr\u00e9 avec crochet support en plastique, clapet de t\u00e9tine et t\u00e9tine universelle sans-fuites BESS. Le seau est gradu\u00e9 de 1 litre \u00e0 8 litres et avec syst\u00e8me de vidange optimale int\u00e9gr\u00e9 au clapet de t\u00e9tine.<br \/>Les t\u00e9tines BESS sont con\u00e7ues pour \u00eatre extr\u00eamement durables et procurer un allaitement le plus proche possible de l\u2019allaitement naturel. Leur syst\u00e8me innovant de valve interne (insert), permet \u00e0 la fois de contr\u00f4ler parfaitement le d\u00e9bit, et emp\u00eache toute fuite provenant de l\u2019usure de la t\u00e9tine.<\/p>\n","protected":false},"featured_media":1016,"comment_status":"open","ping_status":"closed","template":"","meta":[],"product_brand":[],"product_cat":[2313,37],"product_tag":[],"class_list":{"0":"post-1015","1":"product","2":"type-product","3":"status-publish","4":"has-post-thumbnail","6":"product_cat-biberons-et-seaux-dallaitement","7":"product_cat-mise-bas-allaitement","8":"has-post-title","9":"has-post-date","10":"has-post-category","11":"has-post-tag","12":"has-post-comment","13":"has-post-author","14":"","16":"first","17":"instock","18":"taxable","19":"shipping-taxable","20":"purchasable","21":"product-type-simple"},"builder_content":"","_links":{"self":[{"href":"https:\/\/www.cotraneurope.com\/fr\/wp-json\/wp\/v2\/product\/1015","targetHints":{"allow":["GET"]}}],"collection":[{"href":"https:\/\/www.cotraneurope.com\/fr\/wp-json\/wp\/v2\/product"}],"about":[{"href":"https:\/\/www.cotraneurope.com\/fr\/wp-json\/wp\/v2\/types\/product"}],"replies":[{"embeddable":true,"href":"https:\/\/www.cotraneurope.com\/fr\/wp-json\/wp\/v2\/comments?post=1015"}],"wp:featuredmedia":[{"embeddable":true,"href":"https:\/\/www.cotraneurope.com\/fr\/wp-json\/wp\/v2\/media\/1016"}],"wp:attachment":[{"href":"https:\/\/www.cotraneurope.com\/fr\/wp-json\/wp\/v2\/media?parent=1015"}],"wp:term":[{"taxonomy":"product_brand","embeddable":true,"href":"https:\/\/www.cotraneurope.com\/fr\/wp-json\/wp\/v2\/product_brand?post=1015"},{"taxonomy":"product_cat","embeddable":true,"href":"https:\/\/www.cotraneurope.com\/fr\/wp-json\/wp\/v2\/product_cat?post=1015"},{"taxonomy":"product_tag","embeddable":true,"href":"https:\/\/www.cotraneurope.com\/fr\/wp-json\/wp\/v2\/product_tag?post=1015"}],"curies":[{"name":"wp","href":"https:\/\/api.w.org\/{rel}","templated":true}]}}