{"id":1018,"date":"2024-11-02T17:28:55","date_gmt":"2024-11-02T16:28:55","guid":{"rendered":"https:\/\/www.cotraneurope.it-up.tech\/?post_type=product&#038;p=1018"},"modified":"2025-08-28T09:21:33","modified_gmt":"2025-08-28T07:21:33","slug":"tetine-sans-fuite-pour-veaux","status":"publish","type":"product","link":"https:\/\/www.cotraneurope.com\/fr\/calving-nursing-feeding\/nursing-bottles-and-buckets\/tetine-sans-fuite-pour-veaux\/","title":{"rendered":"T\u00e9tine sans-fuite pour veaux"},"content":{"rendered":"\r\n<p>La t\u00e9tine universelle BESS est issue de notre r\u00e9cente innovation. Gr\u00e2ce \u00e0 son syst\u00e8me de valve interne (insert), la t\u00e9tine BESS permet \u00e0 la fois de garantir le bon d\u00e9bit de buv\u00e9e de mani\u00e8re constante, tout en \u00e9vitant tout probl\u00e8me de fuites qui survient au fur et \u00e0 mesure que la t\u00e9tine devient us\u00e9e.<\/p>\r\n\r\n\r\n\r\n<ul class=\"wp-block-list\">\r\n<li>T\u00e9tine en silicone de grade alimentaire avec valve interne qui r\u00e9gule parfaitement le flux du lait pour un allaitement naturel<\/li>\r\n\r\n\r\n\r\n<li>\u00c9coulement proche de l\u2019allaitement naturel\u00a0: flux contr\u00f4l\u00e9 et constant gr\u00e2ce \u00e0 la valve interne. Le lait s\u2019\u00e9coule uniquement lorsque le veau t\u00eate, de mani\u00e8re constante, quelque soit l\u2019\u00e9tat d\u2019usure de la t\u00e9tine.<\/li>\r\n\r\n\r\n\r\n<li>Anti-fuites\u00a0: la valve situ\u00e9e \u00e0 l\u2019int\u00e9rieur de la t\u00e9tine permet de ne laisser passer le lait que lorsque l\u2019animal t\u00e8te, ce m\u00eame si la t\u00e9tine est us\u00e9e ou d\u00e9chir\u00e9e<\/li>\r\n\r\n\r\n\r\n<li>Longue dur\u00e9e de vie\u00a0: Le silicone alli\u00e9 \u00e0 la valve interne permet de prolonger la dur\u00e9e de vie de nos t\u00e9tines bien au-del\u00e0 des t\u00e9tines ordinaires<\/li>\r\n<\/ul>\r\n","protected":false},"excerpt":{"rendered":"<p>T\u00e9tine veau de rechange pour seau. Compatible avec une majorit\u00e9 de seaux pr\u00e9sents sur le march\u00e9.<br \/>Gr\u00e2ce \u00e0 leur syst\u00e8me de valve interne, les t\u00e9tines BESS sont con\u00e7ues pour \u00eatre extr\u00eamement durables et procurer un allaitement le plus proche possible de l\u2019allaitement naturel.<\/p>\n","protected":false},"featured_media":1019,"comment_status":"open","ping_status":"closed","template":"","meta":[],"product_brand":[1218],"product_cat":[38,37],"product_tag":[],"class_list":{"0":"post-1018","1":"product","2":"type-product","3":"status-publish","4":"has-post-thumbnail","6":"product_brand-bess","7":"product_cat-nursing-bottles-and-buckets","8":"product_cat-calving-nursing-feeding","9":"has-post-title","10":"has-post-date","11":"has-post-category","12":"has-post-tag","13":"has-post-comment","14":"has-post-author","15":"","17":"first","18":"instock","19":"taxable","20":"shipping-taxable","21":"purchasable","22":"product-type-variable"},"builder_content":"","_links":{"self":[{"href":"https:\/\/www.cotraneurope.com\/fr\/wp-json\/wp\/v2\/product\/1018","targetHints":{"allow":["GET"]}}],"collection":[{"href":"https:\/\/www.cotraneurope.com\/fr\/wp-json\/wp\/v2\/product"}],"about":[{"href":"https:\/\/www.cotraneurope.com\/fr\/wp-json\/wp\/v2\/types\/product"}],"replies":[{"embeddable":true,"href":"https:\/\/www.cotraneurope.com\/fr\/wp-json\/wp\/v2\/comments?post=1018"}],"wp:featuredmedia":[{"embeddable":true,"href":"https:\/\/www.cotraneurope.com\/fr\/wp-json\/wp\/v2\/media\/1019"}],"wp:attachment":[{"href":"https:\/\/www.cotraneurope.com\/fr\/wp-json\/wp\/v2\/media?parent=1018"}],"wp:term":[{"taxonomy":"product_brand","embeddable":true,"href":"https:\/\/www.cotraneurope.com\/fr\/wp-json\/wp\/v2\/product_brand?post=1018"},{"taxonomy":"product_cat","embeddable":true,"href":"https:\/\/www.cotraneurope.com\/fr\/wp-json\/wp\/v2\/product_cat?post=1018"},{"taxonomy":"product_tag","embeddable":true,"href":"https:\/\/www.cotraneurope.com\/fr\/wp-json\/wp\/v2\/product_tag?post=1018"}],"curies":[{"name":"wp","href":"https:\/\/api.w.org\/{rel}","templated":true}]}}