{"id":1025,"date":"2024-11-02T18:30:15","date_gmt":"2024-11-02T17:30:15","guid":{"rendered":"https:\/\/www.cotraneurope.it-up.tech\/?post_type=product&#038;p=1025"},"modified":"2025-07-08T16:09:40","modified_gmt":"2025-07-08T14:09:40","slug":"machine-dallaitement-automatique-ovis-80","status":"publish","type":"product","link":"https:\/\/www.cotraneurope.com\/fr\/calving-nursing-feeding\/milk-vending-machines\/machine-dallaitement-automatique-ovis-80\/","title":{"rendered":"Machine d\u2019allaitement automatique OVIS-80"},"content":{"rendered":"\r\n<p>Avec sa pompe \u00e0 eau et sa tr\u00e9mie de 25 kgs, le distributeur automatique de lait OVIS-80 est con\u00e7u pour tenir la cadence. Fini la corv\u00e9e de pr\u00e9paration, le remplissage et nettoyage des seaux ou biberons, la machine OVIS-80 permettra aux animaux de s\u2019alimenter en autonomie avec du lait frais et \u00e0 la temp\u00e9rature id\u00e9ale.<\/p>\r\n\r\n\r\n\r\n<ul class=\"wp-block-list\">\r\n<li>Capacit\u00e9\u00a0: jusqu\u2019\u00e0 120 Agneaux \/ Chevreaux<\/li>\r\n\r\n\r\n\r\n<li>Temp\u00e9rature ajustable<\/li>\r\n\r\n\r\n\r\n<li>Chauffe-eau int\u00e9gr\u00e9 de 15 litres<\/li>\r\n\r\n\r\n\r\n<li>Capacit\u00e9 de la tr\u00e9mie de poudre\u00a0: 25 Kgs<\/li>\r\n\r\n\r\n\r\n<li>Puissance de l\u2019\u00e9l\u00e9ment chauffant\u00a0: 2000 W<\/li>\r\n\r\n\r\n\r\n<li>Pompe \u00e0 eau, capacit\u00e9 de 10 litres par minute<\/li>\r\n\r\n\r\n\r\n<li>La machine est fournie avec 3 supports de 2 t\u00e9tines, 6 t\u00e9tines et 4 m\u00e8tres de tuyau de raccordement<\/li>\r\n\r\n\r\n\r\n<li>Carrosserie et chauffe-eau enti\u00e8rement en inox<\/li>\r\n\r\n\r\n\r\n<li>Alimentation 230 v \/ 16 A<\/li>\r\n\r\n\r\n\r\n<li>Raccordement direct \u00e0 l\u2019eau, adaptateur pour tuyau d\u2019arrosage fourni<\/li>\r\n\r\n\r\n\r\n<li>Concentration pr\u00e9cise et stable<\/li>\r\n\r\n\r\n\r\n<li>Dimensions de l\u2019appareil\u00a0: 55 x 55 x 90 cm, 29 Kgs<\/li>\r\n\r\n\r\n\r\n<li>Appareil garanti 2 ans<\/li>\r\n\r\n\r\n\r\n<li>Support t\u00e9l\u00e9phonique<\/li>\r\n<\/ul>\r\n","protected":false},"excerpt":{"rendered":"<p>L\u2019appareil d\u2019allaitement automatique OVIS-80 est un mod\u00e8le de capacit\u00e9 sup\u00e9rieure \u00e0 la OVIS-40, qui vous permettra d\u2019allaiter \u00e0 la demande jusqu\u2019\u00e0 120 agneaux ou chevreaux. Avec son ch\u00e2ssis et chauffe-eau en inox, il est con\u00e7u pour durer. Il vous permettra de gagner un temps important dans l\u2019\u00e9levage de vos animaux.<br \/>Simplement connect\u00e9e \u00e0 l\u2019eau et \u00e0 une prise de courant 230V, elle permet de fabriquer du lait chaud \u00e0 la demande 24 h \/ 24.<br \/>La machine re-fabrique automatiquement et instantan\u00e9ment une ration de lait chaud \u00e0 chaque fois que les animaux ont vid\u00e9 le bol situ\u00e9 \u00e0 l\u2019avant de la machine. Les animaux ont ainsi acc\u00e8s \u00e0 toute heure de la journ\u00e9e ou de la nuit \u00e0 du lait chaud \u00e0 la concentration d\u00e9sir\u00e9e.<br \/>La machine dispose d\u2019une tr\u00e9mie de poudre de lait d\u2019une capacit\u00e9 de 25 kg, d\u2019un bol \u00e0 lait de 1,25 litres et de 6 t\u00e9tines connect\u00e9es.<\/p>\n","protected":false},"featured_media":1026,"comment_status":"open","ping_status":"closed","template":"","meta":[],"product_brand":[1639],"product_cat":[40,37],"product_tag":[],"class_list":{"0":"post-1025","1":"product","2":"type-product","3":"status-publish","4":"has-post-thumbnail","6":"product_brand-bambino","7":"product_cat-milk-vending-machines","8":"product_cat-calving-nursing-feeding","9":"has-post-title","10":"has-post-date","11":"has-post-category","12":"has-post-tag","13":"has-post-comment","14":"has-post-author","15":"","17":"first","18":"instock","19":"taxable","20":"shipping-taxable","21":"purchasable","22":"product-type-simple"},"builder_content":"","_links":{"self":[{"href":"https:\/\/www.cotraneurope.com\/fr\/wp-json\/wp\/v2\/product\/1025","targetHints":{"allow":["GET"]}}],"collection":[{"href":"https:\/\/www.cotraneurope.com\/fr\/wp-json\/wp\/v2\/product"}],"about":[{"href":"https:\/\/www.cotraneurope.com\/fr\/wp-json\/wp\/v2\/types\/product"}],"replies":[{"embeddable":true,"href":"https:\/\/www.cotraneurope.com\/fr\/wp-json\/wp\/v2\/comments?post=1025"}],"wp:featuredmedia":[{"embeddable":true,"href":"https:\/\/www.cotraneurope.com\/fr\/wp-json\/wp\/v2\/media\/1026"}],"wp:attachment":[{"href":"https:\/\/www.cotraneurope.com\/fr\/wp-json\/wp\/v2\/media?parent=1025"}],"wp:term":[{"taxonomy":"product_brand","embeddable":true,"href":"https:\/\/www.cotraneurope.com\/fr\/wp-json\/wp\/v2\/product_brand?post=1025"},{"taxonomy":"product_cat","embeddable":true,"href":"https:\/\/www.cotraneurope.com\/fr\/wp-json\/wp\/v2\/product_cat?post=1025"},{"taxonomy":"product_tag","embeddable":true,"href":"https:\/\/www.cotraneurope.com\/fr\/wp-json\/wp\/v2\/product_tag?post=1025"}],"curies":[{"name":"wp","href":"https:\/\/api.w.org\/{rel}","templated":true}]}}