{"id":1027,"date":"2025-07-04T14:34:48","date_gmt":"2025-07-04T12:34:48","guid":{"rendered":"https:\/\/www.cotraneurope.it-up.tech\/?post_type=product&#038;p=1027"},"modified":"2026-04-13T21:58:58","modified_gmt":"2026-04-13T19:58:58","slug":"bambino-bovi-15-machine-dallaitement-automatique","status":"publish","type":"product","link":"https:\/\/www.cotraneurope.com\/fr\/mise-bas-allaitement\/ditributeurs-automatiques-de-lait\/bambino-bovi-15-machine-dallaitement-automatique\/","title":{"rendered":"Machine d\u2019allaitement automatique BOVI-15"},"content":{"rendered":"\r\n<ul class=\"wp-block-list\">\r\n<li>Capacit\u00e9\u00a0: jusqu\u2019\u00e0 15 veaux<\/li>\r\n\r\n\r\n\r\n<li>Temp\u00e9rature ajustable<\/li>\r\n\r\n\r\n\r\n<li>Chauffe-eau int\u00e9gr\u00e9 de 8 litres<\/li>\r\n\r\n\r\n\r\n<li>Capacit\u00e9 de la tr\u00e9mie de poudre\u00a0: 9 Kgs<\/li>\r\n\r\n\r\n\r\n<li>Puissance de l\u2019\u00e9l\u00e9ment chauffant\u00a0: 1500 W<\/li>\r\n\r\n\r\n\r\n<li>La machine est fournie avec 1 support de 1 t\u00e9tine, 1 t\u00e9tine et 2 m\u00e8tres de tuyau de raccordement<\/li>\r\n\r\n\r\n\r\n<li>Ordinateur et lecteur de boucles FDX\/HDX fournis avec la machine<\/li>\r\n\r\n\r\n\r\n<li>1 lot de 25 boucles \u00e9lectronique inclus<\/li>\r\n\r\n\r\n\r\n<li>Carrosserie et chauffe-eau enti\u00e8rement en inox<\/li>\r\n\r\n\r\n\r\n<li>Alimentation 230 v \/ 16 A<\/li>\r\n\r\n\r\n\r\n<li>Raccordement direct \u00e0 l\u2019eau, adaptateur pour tuyau d\u2019arrosage fourni<\/li>\r\n\r\n\r\n\r\n<li>Concentration pr\u00e9cise et stable<\/li>\r\n\r\n\r\n\r\n<li>Dimensions de l\u2019appareil\u00a0: 43 x 48 x 70 cm, 19 Kgs<\/li>\r\n\r\n\r\n\r\n<li>Appareil garanti 2 ans<\/li>\r\n\r\n\r\n\r\n<li>Support t\u00e9l\u00e9phonique<\/li>\r\n<\/ul>\r\n","protected":false},"excerpt":{"rendered":"<p>L\u2019appareil d\u2019allaitement automatique BOVI-15 est con\u00e7u pour allaiter de mani\u00e8re contr\u00f4l\u00e9e et individualis\u00e9e les veaux.<br \/>Simplement connect\u00e9e \u00e0 l\u2019eau et \u00e0 une prise de courant 230V, l\u2019appareil permet de fabriquer du lait chaud 24 h \/ 24 et allaiter jusqu\u2019\u00e0 15 veaux.<br \/>Il dispose d\u2019un ordinateur permettant de param\u00e9trer un plan d\u2019allaitement individuel pour chaque veau. Le veau est reconnu par la machine \u00e0 l\u2019aide de sa boucle \u00e9lectronique quand il se pr\u00e9sente \u00e0 la station de buv\u00e9e. Ce qui permet de lui distribuer la quantit\u00e9 journali\u00e8re de lait \u00e0 laquelle il a droit.<br \/>Des statistiques sont fournies par l\u2019ordinateur, permettant de contr\u00f4ler la quantit\u00e9 de lait consomm\u00e9e par chaque animal.<\/p>\n","protected":false},"featured_media":1028,"comment_status":"open","ping_status":"closed","template":"","meta":[],"product_brand":[2381],"product_cat":[40,37],"product_tag":[],"class_list":{"0":"post-1027","1":"product","2":"type-product","3":"status-publish","4":"has-post-thumbnail","6":"product_brand-bambino","7":"product_cat-ditributeurs-automatiques-de-lait","8":"product_cat-mise-bas-allaitement","9":"has-post-title","10":"has-post-date","11":"has-post-category","12":"has-post-tag","13":"has-post-comment","14":"has-post-author","15":"","17":"first","18":"instock","19":"taxable","20":"shipping-taxable","21":"purchasable","22":"product-type-simple"},"builder_content":"","_links":{"self":[{"href":"https:\/\/www.cotraneurope.com\/fr\/wp-json\/wp\/v2\/product\/1027","targetHints":{"allow":["GET"]}}],"collection":[{"href":"https:\/\/www.cotraneurope.com\/fr\/wp-json\/wp\/v2\/product"}],"about":[{"href":"https:\/\/www.cotraneurope.com\/fr\/wp-json\/wp\/v2\/types\/product"}],"replies":[{"embeddable":true,"href":"https:\/\/www.cotraneurope.com\/fr\/wp-json\/wp\/v2\/comments?post=1027"}],"wp:featuredmedia":[{"embeddable":true,"href":"https:\/\/www.cotraneurope.com\/fr\/wp-json\/wp\/v2\/media\/1028"}],"wp:attachment":[{"href":"https:\/\/www.cotraneurope.com\/fr\/wp-json\/wp\/v2\/media?parent=1027"}],"wp:term":[{"taxonomy":"product_brand","embeddable":true,"href":"https:\/\/www.cotraneurope.com\/fr\/wp-json\/wp\/v2\/product_brand?post=1027"},{"taxonomy":"product_cat","embeddable":true,"href":"https:\/\/www.cotraneurope.com\/fr\/wp-json\/wp\/v2\/product_cat?post=1027"},{"taxonomy":"product_tag","embeddable":true,"href":"https:\/\/www.cotraneurope.com\/fr\/wp-json\/wp\/v2\/product_tag?post=1027"}],"curies":[{"name":"wp","href":"https:\/\/api.w.org\/{rel}","templated":true}]}}