{"id":1029,"date":"2025-07-04T11:36:35","date_gmt":"2025-07-04T09:36:35","guid":{"rendered":"https:\/\/www.cotraneurope.it-up.tech\/?post_type=product&#038;p=1029"},"modified":"2026-04-11T20:55:48","modified_gmt":"2026-04-11T18:55:48","slug":"machine-dallaitement-automatique-bovi-28","status":"publish","type":"product","link":"https:\/\/www.cotraneurope.com\/fr\/mise-bas-allaitement\/machine-dallaitement-automatique-bovi-28\/","title":{"rendered":"Machine d\u2019allaitement automatique BOVI-28"},"content":{"rendered":"\r\n<ul class=\"wp-block-list\">\r\n<li>Capacit\u00e9\u00a0: jusqu\u2019\u00e0 28 veaux<\/li>\r\n\r\n\r\n\r\n<li>Temp\u00e9rature ajustable<\/li>\r\n\r\n\r\n\r\n<li>Chauffe-eau int\u00e9gr\u00e9 de 15 litres<\/li>\r\n\r\n\r\n\r\n<li>Capacit\u00e9 de la tr\u00e9mie de poudre\u00a0: 25 Kgs<\/li>\r\n\r\n\r\n\r\n<li>Puissance de l\u2019\u00e9l\u00e9ment chauffant\u00a0: 2000 W<\/li>\r\n\r\n\r\n\r\n<li>La machine est fournie avec 1 support de 1 t\u00e9tine, 1 t\u00e9tine et 2 m\u00e8tres de tuyau de raccordement<\/li>\r\n\r\n\r\n\r\n<li>Ordinateur et lecteur de boucles FDX\/HDX fournis avec la machine<\/li>\r\n\r\n\r\n\r\n<li>1 lot de 30 boucles \u00e9lectronique inclus<\/li>\r\n\r\n\r\n\r\n<li>Carrosserie et chauffe-eau enti\u00e8rement en inox<\/li>\r\n\r\n\r\n\r\n<li>Alimentation 230 v \/ 16 A<\/li>\r\n\r\n\r\n\r\n<li>Raccordement direct \u00e0 l\u2019eau, adaptateur pour tuyau d\u2019arrosage fourni<\/li>\r\n\r\n\r\n\r\n<li>Concentration pr\u00e9cise et stable<\/li>\r\n\r\n\r\n\r\n<li>Dimensions de l\u2019appareil\u00a0: 55 x 55 x 90 cm, 29 Kgs<\/li>\r\n\r\n\r\n\r\n<li>Appareil garanti 2 ans<\/li>\r\n\r\n\r\n\r\n<li>Support t\u00e9l\u00e9phonique<\/li>\r\n<\/ul>\r\n","protected":false},"excerpt":{"rendered":"<p>L\u2019appareil d\u2019allaitement automatique BOVI-28 est notre mod\u00e8le sup\u00e9rieur dans la cat\u00e9gorie des Distributeurs Automatiques de Lait (DAL) pour veaux. Il permet d&rsquo;alimenter jusqu&rsquo;\u00e0 28 veaux.<br \/>Il est con\u00e7u pour allaiter les veaux \u00e0 la demande 24h \/ 24 sous contrainte du plan programm\u00e9.<br \/>Le DAL BOVI-28 est \u00e9quip\u00e9 d&rsquo;un ordinateur permettant de param\u00e9trer un plan d&rsquo;allaitement individuel pour chaque animal. Gr\u00e2ce \u00e0 sa boucle \u00e9lectronique, le veau reconnu par la machine quand il se pr\u00e9sente \u00e0 la station de buv\u00e9e. La machine lui d\u00e9livre ainsi du lait en fonction de la quantit\u00e9 journali\u00e8re qui a \u00e9t\u00e9 param\u00e9tr\u00e9e. En d\u00e9tail, on programme le nombre de rations journali\u00e8res (le contenu d&rsquo;un bol de m\u00e9lange). Par exemple en programmant 8 rations journali\u00e8res, le veau aura droit \u00e0 une ration toutes les 3 heures (24h \/ 8). Le contenu du bol de m\u00e9lange est variable selon votre choix r\u00e9alis\u00e9 au d\u00e9part \u00e0 la calibration de la machine.<br \/>Des statistiques sont fournies par l\u2019ordinateur, permettant de contr\u00f4ler la quantit\u00e9 de lait consomm\u00e9e par chaque animal.<\/p>\n","protected":false},"featured_media":1030,"comment_status":"open","ping_status":"closed","template":"","meta":[],"product_brand":[],"product_cat":[37],"product_tag":[],"class_list":{"0":"post-1029","1":"product","2":"type-product","3":"status-publish","4":"has-post-thumbnail","6":"product_cat-mise-bas-allaitement","7":"has-post-title","8":"has-post-date","9":"has-post-category","10":"has-post-tag","11":"has-post-comment","12":"has-post-author","13":"","15":"first","16":"instock","17":"taxable","18":"shipping-taxable","19":"purchasable","20":"product-type-simple"},"builder_content":"","_links":{"self":[{"href":"https:\/\/www.cotraneurope.com\/fr\/wp-json\/wp\/v2\/product\/1029","targetHints":{"allow":["GET"]}}],"collection":[{"href":"https:\/\/www.cotraneurope.com\/fr\/wp-json\/wp\/v2\/product"}],"about":[{"href":"https:\/\/www.cotraneurope.com\/fr\/wp-json\/wp\/v2\/types\/product"}],"replies":[{"embeddable":true,"href":"https:\/\/www.cotraneurope.com\/fr\/wp-json\/wp\/v2\/comments?post=1029"}],"wp:featuredmedia":[{"embeddable":true,"href":"https:\/\/www.cotraneurope.com\/fr\/wp-json\/wp\/v2\/media\/1030"}],"wp:attachment":[{"href":"https:\/\/www.cotraneurope.com\/fr\/wp-json\/wp\/v2\/media?parent=1029"}],"wp:term":[{"taxonomy":"product_brand","embeddable":true,"href":"https:\/\/www.cotraneurope.com\/fr\/wp-json\/wp\/v2\/product_brand?post=1029"},{"taxonomy":"product_cat","embeddable":true,"href":"https:\/\/www.cotraneurope.com\/fr\/wp-json\/wp\/v2\/product_cat?post=1029"},{"taxonomy":"product_tag","embeddable":true,"href":"https:\/\/www.cotraneurope.com\/fr\/wp-json\/wp\/v2\/product_tag?post=1029"}],"curies":[{"name":"wp","href":"https:\/\/api.w.org\/{rel}","templated":true}]}}