{"id":1031,"date":"2024-11-02T18:54:05","date_gmt":"2024-11-02T17:54:05","guid":{"rendered":"https:\/\/www.cotraneurope.it-up.tech\/?post_type=product&#038;p=1031"},"modified":"2025-07-04T17:57:44","modified_gmt":"2025-07-04T15:57:44","slug":"rechauffe-distributeur-de-lait-lacto","status":"publish","type":"product","link":"https:\/\/www.cotraneurope.com\/fr\/calving-nursing-feeding\/milk-vending-machines\/rechauffe-distributeur-de-lait-lacto\/","title":{"rendered":"R\u00e9chauffe \/ Distributeur de lait LACTO"},"content":{"rendered":"\r\n<ul class=\"wp-block-list\">\r\n<li>Capacit\u00e9\u00a0: jusqu\u2019\u00e0 20 agneaux ou chevreaux<\/li>\r\n\r\n\r\n\r\n<li>Capacit\u00e9 \u00e9tendue\u00a0: jusqu\u2019\u00e0 40 agneaux ou chevreaux avec un 2<sup>\u00e8me<\/sup> support de t\u00e9tines<\/li>\r\n\r\n\r\n\r\n<li>Temp\u00e9rature ajustable avec s\u00e9curit\u00e9 \u00e0 42\u00b0C<\/li>\r\n\r\n\r\n\r\n<li>Syst\u00e8me de protection de la r\u00e9sistance en cas de manque d\u2019eau<\/li>\r\n\r\n\r\n\r\n<li>Alimentation 230 v \/ 16 A<\/li>\r\n\r\n\r\n\r\n<li>Puissance de l\u2019\u00e9l\u00e9ment chauffant\u00a0: 800 W<\/li>\r\n\r\n\r\n\r\n<li>Bain-marie\u00a0: double cuve inox (1 cuve \u00e0 eau et 1 cuve \u00e0 lait)<\/li>\r\n\r\n\r\n\r\n<li>Construction enti\u00e8rement en inox<\/li>\r\n\r\n\r\n\r\n<li>Dimensions de l\u2019appareil\u00a0: 30 x 30 x60 cm, 12 kgs<\/li>\r\n\r\n\r\n\r\n<li>Fourni avec 1 support de 2 t\u00e9tines et kit de connexion<\/li>\r\n\r\n\r\n\r\n<li>Support t\u00e9tine suppl\u00e9mentaire en option<\/li>\r\n\r\n\r\n\r\n<li>Appareil garanti 1 an<\/li>\r\n<\/ul>\r\n","protected":false},"excerpt":{"rendered":"<p>La BAMBINO\u00a0LACTO\u00a0est un appareil d&rsquo;allaitement semi-automatique. Il permet de distribuer du lait de la m\u00e8re ou lait reconstitu\u00e9 \u00e0 vos animaux gr\u00e2ce \u00e0 son syst\u00e8me de t\u00e9tines connect\u00e9es \u00e0 la cuve \u00e0 lait de 25 litres.<br \/>La BAMBINO\u00a0LACTO\u00a0est constitu\u00e9e d&rsquo;une double cuve inox et permet de r\u00e9chauffer par bain-marie le lait et le distribuer \u00e0 la temp\u00e9rature d\u00e9sir\u00e9e.<br \/>Livr\u00e9 avec un kit de 2 t\u00e9tines tout \u00e9quip\u00e9 (support t\u00e9tines, t\u00e9tines, tuyaux et syst\u00e8me anti-retour).<br \/>Disponible en option : kit de 2 t\u00e9tines suppl\u00e9mentaires, pour porter \u00e0 4 le nombre de t\u00e9tines connect\u00e9es.<br \/>La BAMBINO\u00a0LACTO\u00a0est \u00e9quip\u00e9e d&rsquo;un syst\u00e8me de contr\u00f4le de la temp\u00e9rature maximale fix\u00e9 \u00e0 42\u00b0C et d&rsquo;un syst\u00e8me de protection de la r\u00e9sistance en cas de manque d&rsquo;eau.<br \/>Appareil recommand\u00e9 pour allaiter jusqu&rsquo;\u00e0 40 agneaux ou chevreaux.<br \/>Ne convient pas \u00e0 la thermisation.<\/p>\n","protected":false},"featured_media":1032,"comment_status":"open","ping_status":"closed","template":"","meta":[],"product_brand":[1639],"product_cat":[40,37],"product_tag":[],"class_list":{"0":"post-1031","1":"product","2":"type-product","3":"status-publish","4":"has-post-thumbnail","6":"product_brand-bambino","7":"product_cat-milk-vending-machines","8":"product_cat-calving-nursing-feeding","9":"has-post-title","10":"has-post-date","11":"has-post-category","12":"has-post-tag","13":"has-post-comment","14":"has-post-author","15":"","17":"first","18":"instock","19":"taxable","20":"shipping-taxable","21":"purchasable","22":"product-type-simple"},"builder_content":"","_links":{"self":[{"href":"https:\/\/www.cotraneurope.com\/fr\/wp-json\/wp\/v2\/product\/1031","targetHints":{"allow":["GET"]}}],"collection":[{"href":"https:\/\/www.cotraneurope.com\/fr\/wp-json\/wp\/v2\/product"}],"about":[{"href":"https:\/\/www.cotraneurope.com\/fr\/wp-json\/wp\/v2\/types\/product"}],"replies":[{"embeddable":true,"href":"https:\/\/www.cotraneurope.com\/fr\/wp-json\/wp\/v2\/comments?post=1031"}],"wp:featuredmedia":[{"embeddable":true,"href":"https:\/\/www.cotraneurope.com\/fr\/wp-json\/wp\/v2\/media\/1032"}],"wp:attachment":[{"href":"https:\/\/www.cotraneurope.com\/fr\/wp-json\/wp\/v2\/media?parent=1031"}],"wp:term":[{"taxonomy":"product_brand","embeddable":true,"href":"https:\/\/www.cotraneurope.com\/fr\/wp-json\/wp\/v2\/product_brand?post=1031"},{"taxonomy":"product_cat","embeddable":true,"href":"https:\/\/www.cotraneurope.com\/fr\/wp-json\/wp\/v2\/product_cat?post=1031"},{"taxonomy":"product_tag","embeddable":true,"href":"https:\/\/www.cotraneurope.com\/fr\/wp-json\/wp\/v2\/product_tag?post=1031"}],"curies":[{"name":"wp","href":"https:\/\/api.w.org\/{rel}","templated":true}]}}