{"id":1034,"date":"2025-07-04T11:11:56","date_gmt":"2025-07-04T09:11:56","guid":{"rendered":"https:\/\/www.cotraneurope.it-up.tech\/?post_type=product&#038;p=1034"},"modified":"2026-04-13T08:30:12","modified_gmt":"2026-04-13T06:30:12","slug":"bess-gobelet-trempeur","status":"publish","type":"product","link":"https:\/\/www.cotraneurope.com\/fr\/mise-bas-allaitement\/gobelets-trempeurs\/bess-gobelet-trempeur\/","title":{"rendered":"Gobelet trempeur"},"content":{"rendered":"\r\n<ul class=\"wp-block-list\">\r\n<li>Gobelet mousseur<\/li>\r\n\r\n\r\n\r\n<li>Capacit\u00e9 de liquide : 300 ml<\/li>\r\n\r\n\r\n\r\n<li>R\u00e9servoir en plastique mou permettant de faire mousser sans effort<\/li>\r\n\r\n\r\n\r\n<li>Graduation sur le r\u00e9servoir<\/li>\r\n\r\n\r\n\r\n<li>Disponible en 2 couleurs : bleu ou vert<\/li>\r\n<\/ul>\r\n","protected":false},"excerpt":{"rendered":"<p>Le gobelet trempeur BESS est disponible en 2 coloris. Con\u00e7u pour la d\u00e9sinfection du trayon, il est un accessoire indispensable sur les exploitations. Son r\u00e9servoir \u00e0 la grande souplesse permet d\u2019\u00e9jecter le produit de trempage vers le r\u00e9cipient sans effort. Le rebord de protection permet au produit de revenir dans le r\u00e9cipient de trempage sans cr\u00e9er d\u2019\u00e9claboussures. Il dispose d\u2019un grand r\u00e9servoir de 300 ml transparent et gradu\u00e9, permettant de visualiser clairement le niveau de liquide restant.<\/p>\n","protected":false},"featured_media":1037,"comment_status":"open","ping_status":"closed","template":"","meta":[],"product_brand":[1218],"product_cat":[44,37],"product_tag":[],"class_list":{"0":"post-1034","1":"product","2":"type-product","3":"status-publish","4":"has-post-thumbnail","6":"product_brand-bess","7":"product_cat-gobelets-trempeurs","8":"product_cat-mise-bas-allaitement","9":"has-post-title","10":"has-post-date","11":"has-post-category","12":"has-post-tag","13":"has-post-comment","14":"has-post-author","15":"","17":"first","18":"instock","19":"taxable","20":"shipping-taxable","21":"purchasable","22":"product-type-variable"},"builder_content":"","_links":{"self":[{"href":"https:\/\/www.cotraneurope.com\/fr\/wp-json\/wp\/v2\/product\/1034","targetHints":{"allow":["GET"]}}],"collection":[{"href":"https:\/\/www.cotraneurope.com\/fr\/wp-json\/wp\/v2\/product"}],"about":[{"href":"https:\/\/www.cotraneurope.com\/fr\/wp-json\/wp\/v2\/types\/product"}],"replies":[{"embeddable":true,"href":"https:\/\/www.cotraneurope.com\/fr\/wp-json\/wp\/v2\/comments?post=1034"}],"wp:featuredmedia":[{"embeddable":true,"href":"https:\/\/www.cotraneurope.com\/fr\/wp-json\/wp\/v2\/media\/1037"}],"wp:attachment":[{"href":"https:\/\/www.cotraneurope.com\/fr\/wp-json\/wp\/v2\/media?parent=1034"}],"wp:term":[{"taxonomy":"product_brand","embeddable":true,"href":"https:\/\/www.cotraneurope.com\/fr\/wp-json\/wp\/v2\/product_brand?post=1034"},{"taxonomy":"product_cat","embeddable":true,"href":"https:\/\/www.cotraneurope.com\/fr\/wp-json\/wp\/v2\/product_cat?post=1034"},{"taxonomy":"product_tag","embeddable":true,"href":"https:\/\/www.cotraneurope.com\/fr\/wp-json\/wp\/v2\/product_tag?post=1034"}],"curies":[{"name":"wp","href":"https:\/\/api.w.org\/{rel}","templated":true}]}}