{"id":1039,"date":"2024-11-02T19:04:15","date_gmt":"2024-11-02T18:04:15","guid":{"rendered":"https:\/\/www.cotraneurope.it-up.tech\/?post_type=product&#038;p=1039"},"modified":"2026-02-13T07:37:02","modified_gmt":"2026-02-13T06:37:02","slug":"entrave-flanc-qualite-premium","status":"publish","type":"product","link":"https:\/\/www.cotraneurope.com\/fr\/manipulation-contention\/entraveflanc\/entrave-flanc-qualite-premium\/","title":{"rendered":"Entrave-flanc, qualit\u00e9 Premium"},"content":{"rendered":"\r\n<ul class=\"wp-block-list\">\r\n<li>Construction en acier galvanis\u00e9 Premium<\/li>\r\n\r\n\r\n\r\n<li>Syst\u00e8me de r\u00e9glage par ressort efficace et facile d\u2019utilisation<\/li>\r\n\r\n\r\n\r\n<li>Livr\u00e9 avec 2 embouts de caoutchouc aux extr\u00e9mit\u00e9s<\/li>\r\n\r\n\r\n\r\n<li>Pi\u00e8ces d\u00e9tach\u00e9es disponibles<\/li>\r\n<\/ul>\r\n","protected":false},"excerpt":{"rendered":"<p>L\u2019entrave-flanc SHARPVET est fabriqu\u00e9 dans un acier galvanis\u00e9 de haute qualit\u00e9. Son syst\u00e8me de r\u00e9glage par ressort a \u00e9t\u00e9 con\u00e7u pour \u00eatre pr\u00e9cis et facile \u00e0 utiliser. L\u2019entrave-flanc immobilise efficacement l\u2019animal des deux c\u00f4t\u00e9s, permettant de prodiguer sereinement les soins n\u00e9cessaires.<\/p>\n","protected":false},"featured_media":1040,"comment_status":"open","ping_status":"closed","template":"","meta":[],"product_brand":[],"product_cat":[1163,1149],"product_tag":[],"class_list":{"0":"post-1039","1":"product","2":"type-product","3":"status-publish","4":"has-post-thumbnail","6":"product_cat-entraveflanc","7":"product_cat-manipulation-contention","8":"has-post-title","9":"has-post-date","10":"has-post-category","11":"has-post-tag","12":"has-post-comment","13":"has-post-author","14":"","16":"first","17":"instock","18":"taxable","19":"shipping-taxable","20":"purchasable","21":"product-type-simple"},"builder_content":"","_links":{"self":[{"href":"https:\/\/www.cotraneurope.com\/fr\/wp-json\/wp\/v2\/product\/1039","targetHints":{"allow":["GET"]}}],"collection":[{"href":"https:\/\/www.cotraneurope.com\/fr\/wp-json\/wp\/v2\/product"}],"about":[{"href":"https:\/\/www.cotraneurope.com\/fr\/wp-json\/wp\/v2\/types\/product"}],"replies":[{"embeddable":true,"href":"https:\/\/www.cotraneurope.com\/fr\/wp-json\/wp\/v2\/comments?post=1039"}],"wp:featuredmedia":[{"embeddable":true,"href":"https:\/\/www.cotraneurope.com\/fr\/wp-json\/wp\/v2\/media\/1040"}],"wp:attachment":[{"href":"https:\/\/www.cotraneurope.com\/fr\/wp-json\/wp\/v2\/media?parent=1039"}],"wp:term":[{"taxonomy":"product_brand","embeddable":true,"href":"https:\/\/www.cotraneurope.com\/fr\/wp-json\/wp\/v2\/product_brand?post=1039"},{"taxonomy":"product_cat","embeddable":true,"href":"https:\/\/www.cotraneurope.com\/fr\/wp-json\/wp\/v2\/product_cat?post=1039"},{"taxonomy":"product_tag","embeddable":true,"href":"https:\/\/www.cotraneurope.com\/fr\/wp-json\/wp\/v2\/product_tag?post=1039"}],"curies":[{"name":"wp","href":"https:\/\/api.w.org\/{rel}","templated":true}]}}