{"id":1042,"date":"2025-07-04T10:58:51","date_gmt":"2025-07-04T08:58:51","guid":{"rendered":"https:\/\/www.cotraneurope.it-up.tech\/?post_type=product&#038;p=1042"},"modified":"2025-07-04T18:01:19","modified_gmt":"2025-07-04T16:01:19","slug":"veleuse-vache-laitiere-avec-traction-alternee-vink","status":"publish","type":"product","link":"https:\/\/www.cotraneurope.com\/fr\/mise-bas-allaitement\/veleuse-vache-laitiere-avec-traction-alternee-vink\/","title":{"rendered":"V\u00ealeuse vache laiti\u00e8re avec traction altern\u00e9e VINK"},"content":{"rendered":"<p>La v\u00ealeuse pour vaches laiti\u00e8res VINK est fabriqu\u00e9e int\u00e9gralement en inox, et est un mod\u00e8le tr\u00e8s reconnu sur le march\u00e9. Son \u00e9trier basculant permet une excellente adaptation et un appui sans faille sur la vache et ainsi \u00e9viter tout d\u00e9rapage lors de la mise-bas. Sa conception rend son utilisation en position couch\u00e9e ou debout. Une fois les cordelettes fix\u00e9es aux pattes du veau, le v\u00ealage va pouvoir se faire en douceur et minimisant les risques de blocage au niveau des hanches gr\u00e2ce au m\u00e9canisme de traction altern\u00e9e. Les mouvements de traction dans tous les sens (arri\u00e8re, haut et bas) sont possibles. L\u2019appareil permet le rel\u00e2chement de la tension exerc\u00e9e sur les cordelettes en cas de complications.<\/p>\r\n\r\n\r\n\r\n<p>Sa conception rend son utilisation en position couch\u00e9e ou debout. Une fois les cordelettes fix\u00e9es aux pattes du veau, le v\u00ealage va pouvoir se faire en douceur et minimisant les risques de blocage au niveau des hanches gr\u00e2ce au m\u00e9canisme de traction altern\u00e9e. Les mouvements de traction dans tous les sens (arri\u00e8re, haut et bas) sont possibles. L\u2019appareil permet le rel\u00e2chement de la tension exerc\u00e9e sur les cordelettes en cas de complications.<\/p>\r\n\r\n\r\n\r\n<ul class=\"wp-block-list\">\r\n<li>V\u00ealeuse pour vaches laiti\u00e8res<\/li>\r\n\r\n\r\n\r\n<li>Fournit une assistance indispensable pour les v\u00ealages difficiles<\/li>\r\n\r\n\r\n\r\n<li>Se manipule \u00e0 une main<\/li>\r\n\r\n\r\n\r\n<li>Double \u00e9trier pour un maintien extr\u00eamement fiable et adaptable \u00e0 la morphologie de l\u2019animal<\/li>\r\n\r\n\r\n\r\n<li>Construction int\u00e9grale en acier inoxydable<\/li>\r\n\r\n\r\n\r\n<li>Fourni avec 2 cordelettes<\/li>\r\n\r\n\r\n\r\n<li>M\u00e9canisme \u00ab\u00a0zig-zag\u00a0\u00bb de traction altern\u00e9e<\/li>\r\n\r\n\r\n\r\n<li>Longueur\u00a0: 180 cm<\/li>\r\n\r\n\r\n\r\n<li>Pi\u00e8ces d\u00e9tach\u00e9es disponibles<\/li>\r\n<\/ul>\r\n\r\n\r<!--themify_builder_content-->\n<div id=\"themify_builder_content-1042\" data-postid=\"1042\" class=\"themify_builder_content themify_builder_content-1042 themify_builder tf_clear\">\n                    <div  data-lazy=\"1\" class=\"module_row themify_builder_row tb_1loq711 tb_first tf_w\">\n                        <div class=\"row_inner col_align_top tb_col_count_1 tf_box tf_rel\">\n                        <div  data-lazy=\"1\" class=\"module_column tb-column col-full tb_imha711 first\">\n                    <!-- module fancy heading -->\n<div  class=\"module module-fancy-heading tb_2boa847 \" data-lazy=\"1\">\n        <h1 class=\"fancy-heading\">\n    <span class=\"main-head tf_block\">\n                    Nos produits            <\/span>\n\n    \n    <span class=\"sub-head tf_block tf_rel\">\n                    Vous aimerez aussi...            <\/span>\n    <\/h1>\n<\/div>\n<!-- \/module fancy heading -->\n<!-- Related Products module -->\n<div  class=\"module module-related-products woocommerce tb_t0q6713 \" data-lazy=\"1\">\n\t\t\t\t\t<section class=\"related tbp_posts_wrap\">\n\t\t\t\t\t\n\t\t\t\t\t<ul  class=\"loops-wrapper products grid3 tf_clear tf_clearfix\" data-lazy=\"1\">\n<li class=\"has-post-title has-post-date has-post-category has-post-tag has-post-comment has-post-author product type-product post-1034 status-publish first instock product_cat-mise-bas-allaitement has-post-thumbnail taxable shipping-taxable purchasable product-type-variable\">\n\t<a href=\"https:\/\/www.cotraneurope.com\/fr\/mise-bas-allaitement\/gobelet-trempeur\/\" class=\"woocommerce-LoopProduct-link woocommerce-loop-product__link\">\t\t<figure data-product-slider=\"1034\" data-w=\"\" data-h=\"\" data-link=\"https:\/\/www.cotraneurope.com\/fr\/mise-bas-allaitement\/gobelet-trempeur\/\" class=\"post-image product-image product-slider\">\n\t\t\t\t\t\t            <a href=\"https:\/\/www.cotraneurope.com\/fr\/mise-bas-allaitement\/gobelet-trempeur\/\">\n            \t\t\t\t<img loading=\"lazy\" decoding=\"async\" width=\"1200\" height=\"1200\" src=\"https:\/\/www.cotraneurope.com\/wp-content\/uploads\/2024\/11\/14-1-35-482-BESS-Teat-dip-cup-Green.jpg\" class=\"wp-post-image wp-image-1037\" title=\"14-1 35-482 BESS Teat dip cup - Green\" alt=\"Gobelet trempeur\" srcset=\"https:\/\/www.cotraneurope.com\/wp-content\/uploads\/2024\/11\/14-1-35-482-BESS-Teat-dip-cup-Green.jpg 1200w, https:\/\/www.cotraneurope.com\/wp-content\/uploads\/2024\/11\/14-1-35-482-BESS-Teat-dip-cup-Green-150x150.jpg 150w, https:\/\/www.cotraneurope.com\/wp-content\/uploads\/2024\/11\/14-1-35-482-BESS-Teat-dip-cup-Green-300x300.jpg 300w, https:\/\/www.cotraneurope.com\/wp-content\/uploads\/2024\/11\/14-1-35-482-BESS-Teat-dip-cup-Green-768x768.jpg 768w, https:\/\/www.cotraneurope.com\/wp-content\/uploads\/2024\/11\/14-1-35-482-BESS-Teat-dip-cup-Green-1024x1024.jpg 1024w, https:\/\/www.cotraneurope.com\/wp-content\/uploads\/2024\/11\/14-1-35-482-BESS-Teat-dip-cup-Green-100x100.jpg 100w, https:\/\/www.cotraneurope.com\/wp-content\/uploads\/2024\/11\/14-1-35-482-BESS-Teat-dip-cup-Green-64x64.jpg 64w, https:\/\/www.cotraneurope.com\/wp-content\/uploads\/2024\/11\/14-1-35-482-BESS-Teat-dip-cup-Green-200x200.jpg 200w, https:\/\/www.cotraneurope.com\/wp-content\/uploads\/2024\/11\/14-1-35-482-BESS-Teat-dip-cup-Green-600x600.jpg 600w, https:\/\/www.cotraneurope.com\/wp-content\/uploads\/2024\/11\/14-1-35-482-BESS-Teat-dip-cup-Green-610x610.jpg 610w, https:\/\/www.cotraneurope.com\/wp-content\/uploads\/2024\/11\/14-1-35-482-BESS-Teat-dip-cup-Green-350x350.jpg 350w\" sizes=\"auto, (max-width: 1200px) 100vw, 1200px\" \/>\t\t\t\n\t\t\t\t\t\t            <\/a>\n\t\t    \t\t<\/figure>\n\t\t\t    <div class=\"product-content\">\n\t\t    <div class=\"product-content-inner-wrapper\">\n\t\t\t    <div class=\"product-content-inner\">\n\t    <h2 class=\"woocommerce-loop-product__title\">Gobelet trempeur<\/h2>\n\t<span class=\"price\"><span class=\"woocommerce-Price-amount amount\"><bdi>6,90&nbsp;<span class=\"woocommerce-Price-currencySymbol\">&euro;<\/span><\/bdi><\/span><\/span>\n<\/a><a href=\"https:\/\/www.cotraneurope.com\/fr\/mise-bas-allaitement\/gobelet-trempeur\/\" aria-describedby=\"woocommerce_loop_add_to_cart_link_describedby_1034\" data-quantity=\"1\" class=\"button product_type_variable add_to_cart_button\" data-product_id=\"1034\" data-product_sku=\"gobelet-trempeur\" aria-label=\"S\u00e9lectionner les options pour &ldquo;Gobelet trempeur&rdquo;\" rel=\"nofollow\">Choix des options<\/a>\t<span id=\"woocommerce_loop_add_to_cart_link_describedby_1034\" class=\"screen-reader-text\">\n\t\tCe produit a plusieurs variations. Les options peuvent \u00eatre choisies sur la page du produit\t<\/span>\n\t\t<div class=\"product-share-wrap tf_inline_b tf_vmiddle\">\n\t\t\t\t\t\t<div class=\"wishlist-wrap tf_inline_b tf_vmiddle\">\n\t\t\t<a data-id=\"1034\" onclick=\"void(0)\" class=\"wishlist-button tf_inline_b tf_textc\" href=\"#\" rel=\"nofollow\">\n\t\t\t\t<svg  aria-label=\"Wishlist\" class=\"tf_fa tf-ti-heart\" xmlns:xlink=\"http:\/\/www.w3.org\/1999\/xlink\" role=\"img\"><use href=\"#tf-ti-heart\" xlink:href=\"#tf-ti-heart\"><\/use><\/svg><span class=\"tooltip\">Wishlist<\/span>\t\t\t<\/a>\n\t\t<\/div> \n        \t\t\t\t\t\t\t\t\t\t\t<\/div>\n\t\t\t\t\t\t\t\n\t\t\t\t<\/div>\n\t\t\t<\/div>\n\t\t<\/div>\n\t\t<\/li>\n<li class=\"has-post-title has-post-date has-post-category has-post-tag has-post-comment has-post-author product type-product post-1011 status-publish instock product_cat-biberons-et-seaux-dallaitement product_cat-mise-bas-allaitement has-post-thumbnail taxable shipping-taxable purchasable product-type-simple\">\n\t<a href=\"https:\/\/www.cotraneurope.com\/fr\/mise-bas-allaitement\/biberons-et-seaux-dallaitement\/support-biberon-en-metal\/\" class=\"woocommerce-LoopProduct-link woocommerce-loop-product__link\">\t\t<figure data-product-slider=\"1011\" data-w=\"\" data-h=\"\" data-link=\"https:\/\/www.cotraneurope.com\/fr\/mise-bas-allaitement\/biberons-et-seaux-dallaitement\/support-biberon-en-metal\/\" class=\"post-image product-image product-slider\">\n\t\t\t\t\t\t            <a href=\"https:\/\/www.cotraneurope.com\/fr\/mise-bas-allaitement\/biberons-et-seaux-dallaitement\/support-biberon-en-metal\/\">\n            \t\t\t\t<img loading=\"lazy\" decoding=\"async\" width=\"600\" height=\"600\" src=\"https:\/\/www.cotraneurope.com\/wp-content\/uploads\/2024\/11\/6-1-15-301-BESS-Bottle-holder.jpg\" class=\"wp-post-image wp-image-1012\" title=\"6-1 15-301 BESS Bottle holder\" alt=\"Support biberon en m\u00e9tal\" srcset=\"https:\/\/www.cotraneurope.com\/wp-content\/uploads\/2024\/11\/6-1-15-301-BESS-Bottle-holder.jpg 600w, https:\/\/www.cotraneurope.com\/wp-content\/uploads\/2024\/11\/6-1-15-301-BESS-Bottle-holder-150x150.jpg 150w, https:\/\/www.cotraneurope.com\/wp-content\/uploads\/2024\/11\/6-1-15-301-BESS-Bottle-holder-300x300.jpg 300w, https:\/\/www.cotraneurope.com\/wp-content\/uploads\/2024\/11\/6-1-15-301-BESS-Bottle-holder-768x768.jpg 768w, https:\/\/www.cotraneurope.com\/wp-content\/uploads\/2024\/11\/6-1-15-301-BESS-Bottle-holder-1024x1024.jpg 1024w, https:\/\/www.cotraneurope.com\/wp-content\/uploads\/2024\/11\/6-1-15-301-BESS-Bottle-holder-100x100.jpg 100w, https:\/\/www.cotraneurope.com\/wp-content\/uploads\/2024\/11\/6-1-15-301-BESS-Bottle-holder-64x64.jpg 64w, https:\/\/www.cotraneurope.com\/wp-content\/uploads\/2024\/11\/6-1-15-301-BESS-Bottle-holder-200x200.jpg 200w, https:\/\/www.cotraneurope.com\/wp-content\/uploads\/2024\/11\/6-1-15-301-BESS-Bottle-holder-1024x1024-350x350.jpg 350w, https:\/\/www.cotraneurope.com\/wp-content\/uploads\/2024\/11\/6-1-15-301-BESS-Bottle-holder-610x610.jpg 610w\" sizes=\"auto, (max-width: 600px) 100vw, 600px\" \/>\t\t\t\n\t\t\t\t\t\t            <\/a>\n\t\t    \t\t<\/figure>\n\t\t\t    <div class=\"product-content\">\n\t\t    <div class=\"product-content-inner-wrapper\">\n\t\t\t    <div class=\"product-content-inner\">\n\t    <h2 class=\"woocommerce-loop-product__title\">Support biberon en m\u00e9tal<\/h2>\n\t<span class=\"price\"><span class=\"woocommerce-Price-amount amount\"><bdi>24,95&nbsp;<span class=\"woocommerce-Price-currencySymbol\">&euro;<\/span><\/bdi><\/span><\/span>\n<\/a><a href=\"\/fr\/wp-json\/wp\/v2\/product\/1042?add-to-cart=1011\" aria-describedby=\"woocommerce_loop_add_to_cart_link_describedby_1011\" data-quantity=\"1\" class=\"button product_type_simple add_to_cart_button ajax_add_to_cart text_replaceable\" data-product_id=\"1011\" data-product_sku=\"support-biberon-en-metal\" aria-label=\"Ajouter au panier\u00a0: &ldquo;Support biberon en m\u00e9tal&rdquo;\" rel=\"nofollow\" data-success_message=\"\u00ab\u00a0Support biberon en m\u00e9tal\u00a0\u00bb a \u00e9t\u00e9 ajout\u00e9 \u00e0 votre panier\" role=\"button\"><\/a>\t<span id=\"woocommerce_loop_add_to_cart_link_describedby_1011\" class=\"screen-reader-text\">\n\t\t\t<\/span>\n\t\t<div class=\"product-share-wrap tf_inline_b tf_vmiddle\">\n\t\t\t\t\t\t<div class=\"wishlist-wrap tf_inline_b tf_vmiddle\">\n\t\t\t<a data-id=\"1011\" onclick=\"void(0)\" class=\"wishlist-button tf_inline_b tf_textc\" href=\"#\" rel=\"nofollow\">\n\t\t\t\t<svg  aria-label=\"Wishlist\" class=\"tf_fa tf-ti-heart\" xmlns:xlink=\"http:\/\/www.w3.org\/1999\/xlink\" role=\"img\"><use href=\"#tf-ti-heart\" xlink:href=\"#tf-ti-heart\"><\/use><\/svg><span class=\"tooltip\">Wishlist<\/span>\t\t\t<\/a>\n\t\t<\/div> \n        \t\t\t\t\t\t\t\t\t\t\t<\/div>\n\t\t\t\t\t\t\t\n\t\t\t\t<\/div>\n\t\t\t<\/div>\n\t\t<\/div>\n\t\t<\/li>\n<li class=\"has-post-title has-post-date has-post-category has-post-tag has-post-comment has-post-author product type-product post-1025 status-publish last instock product_cat-mise-bas-allaitement has-post-thumbnail taxable shipping-taxable purchasable product-type-simple\">\n\t<a href=\"https:\/\/www.cotraneurope.com\/fr\/mise-bas-allaitement\/machine-dallaitement-automatique-ovis-80\/\" class=\"woocommerce-LoopProduct-link woocommerce-loop-product__link\">\t\t<figure data-product-slider=\"1025\" data-w=\"\" data-h=\"\" data-link=\"https:\/\/www.cotraneurope.com\/fr\/mise-bas-allaitement\/machine-dallaitement-automatique-ovis-80\/\" class=\"post-image product-image product-slider slider_attached\">\n\t\t\t\t\t\t            <a href=\"https:\/\/www.cotraneurope.com\/fr\/mise-bas-allaitement\/machine-dallaitement-automatique-ovis-80\/\">\n            \t\t\t\t<img loading=\"lazy\" decoding=\"async\" width=\"1400\" height=\"1400\" src=\"https:\/\/www.cotraneurope.com\/wp-content\/uploads\/2024\/11\/10-1-BAMBINO-OVIS-80.png\" class=\"wp-post-image wp-image-1026\" title=\"10-1 BAMBINO OVIS-80\" alt=\"Machine d\u2019allaitement automatique OVIS-80\" srcset=\"https:\/\/www.cotraneurope.com\/wp-content\/uploads\/2024\/11\/10-1-BAMBINO-OVIS-80.png 1400w, https:\/\/www.cotraneurope.com\/wp-content\/uploads\/2024\/11\/10-1-BAMBINO-OVIS-80-150x150.png 150w, https:\/\/www.cotraneurope.com\/wp-content\/uploads\/2024\/11\/10-1-BAMBINO-OVIS-80-300x300.png 300w, https:\/\/www.cotraneurope.com\/wp-content\/uploads\/2024\/11\/10-1-BAMBINO-OVIS-80-768x768.png 768w, https:\/\/www.cotraneurope.com\/wp-content\/uploads\/2024\/11\/10-1-BAMBINO-OVIS-80-1024x1024.png 1024w, https:\/\/www.cotraneurope.com\/wp-content\/uploads\/2024\/11\/10-1-BAMBINO-OVIS-80-100x100.png 100w, https:\/\/www.cotraneurope.com\/wp-content\/uploads\/2024\/11\/10-1-BAMBINO-OVIS-80-64x64.png 64w, https:\/\/www.cotraneurope.com\/wp-content\/uploads\/2024\/11\/10-1-BAMBINO-OVIS-80-200x200.png 200w, https:\/\/www.cotraneurope.com\/wp-content\/uploads\/2024\/11\/10-1-BAMBINO-OVIS-80-600x600.png 600w, https:\/\/www.cotraneurope.com\/wp-content\/uploads\/2024\/11\/10-1-BAMBINO-OVIS-80-610x610.png 610w, https:\/\/www.cotraneurope.com\/wp-content\/uploads\/2024\/11\/10-1-BAMBINO-OVIS-80-350x350.png 350w\" sizes=\"auto, (max-width: 1400px) 100vw, 1400px\" \/>\t\t\t\n\t\t\t\t\t\t            <\/a>\n\t\t    \t\t<\/figure>\n\t\t\t    <div class=\"product-content\">\n\t\t    <div class=\"product-content-inner-wrapper\">\n\t\t\t    <div class=\"product-content-inner\">\n\t    <h2 class=\"woocommerce-loop-product__title\">Machine d\u2019allaitement automatique OVIS-80<\/h2>\n\t<span class=\"price\"><span class=\"woocommerce-Price-amount amount\"><bdi>2280,00&nbsp;<span class=\"woocommerce-Price-currencySymbol\">&euro;<\/span><\/bdi><\/span><\/span>\n<\/a><a href=\"\/fr\/wp-json\/wp\/v2\/product\/1042?add-to-cart=1025\" aria-describedby=\"woocommerce_loop_add_to_cart_link_describedby_1025\" data-quantity=\"1\" class=\"button product_type_simple add_to_cart_button ajax_add_to_cart text_replaceable\" data-product_id=\"1025\" data-product_sku=\"machine-dallaitement-automatique-ovis-80\" aria-label=\"Ajouter au panier\u00a0: &ldquo;Machine d\u2019allaitement automatique OVIS-80&rdquo;\" rel=\"nofollow\" data-success_message=\"\u00ab\u00a0Machine d\u2019allaitement automatique OVIS-80\u00a0\u00bb a \u00e9t\u00e9 ajout\u00e9 \u00e0 votre panier\" role=\"button\"><\/a>\t<span id=\"woocommerce_loop_add_to_cart_link_describedby_1025\" class=\"screen-reader-text\">\n\t\t\t<\/span>\n\t\t<div class=\"product-share-wrap tf_inline_b tf_vmiddle\">\n\t\t\t\t\t\t<div class=\"wishlist-wrap tf_inline_b tf_vmiddle\">\n\t\t\t<a data-id=\"1025\" onclick=\"void(0)\" class=\"wishlist-button tf_inline_b tf_textc\" href=\"#\" rel=\"nofollow\">\n\t\t\t\t<svg  aria-label=\"Wishlist\" class=\"tf_fa tf-ti-heart\" xmlns:xlink=\"http:\/\/www.w3.org\/1999\/xlink\" role=\"img\"><use href=\"#tf-ti-heart\" xlink:href=\"#tf-ti-heart\"><\/use><\/svg><span class=\"tooltip\">Wishlist<\/span>\t\t\t<\/a>\n\t\t<\/div> \n        \t\t\t\t\t\t\t\t\t\t\t<\/div>\n\t\t\t\t\t\t\t\n\t\t\t\t<\/div>\n\t\t\t<\/div>\n\t\t<\/div>\n\t\t<\/li>\n<\/ul>\n\n\t\t\t\t<\/section>\n\t\t\t\t<\/div>\n<!-- \/Related Products module -->\n        <div  data-lazy=\"1\" class=\"module_subrow themify_builder_sub_row tf_w col_align_top tb_col_count_1 tb_wkmp708\">\n                <div  data-lazy=\"1\" class=\"module_column sub_column col-full tb_u889709 first\">\n                    <!-- module template_part -->\n<div  class=\"module module-layout-part tb_ucel385 \">\n    <\/div>\n<!-- \/module template_part -->        <\/div>\n                    <\/div>\n                <\/div>\n                        <\/div>\n        <\/div>\n                        <div  data-lazy=\"1\" class=\"module_row themify_builder_row tb_w1ag346 tf_w\">\n                        <div class=\"row_inner col_align_top tb_col_count_1 tf_box tf_rel\">\n                        <div  data-lazy=\"1\" class=\"module_column tb-column col-full tb_yiff346 first\">\n                    <!-- module text -->\n<div  class=\"module module-text tb_788t346   \" data-lazy=\"1\">\n        <div  class=\"tb_text_wrap\">\n        <h3 style=\"text-align: center;\"><span style=\"white-space-collapse: preserve; color: #ffffff;\">Vous souhaitez rejoindre notre r\u00e9seau de distributeurs ?<\/span><\/h3>    <\/div>\n<\/div>\n<!-- \/module text --><!-- module text -->\n<div  class=\"module module-text tb_1lv8346   \" data-lazy=\"1\">\n        <div  class=\"tb_text_wrap\">\n        <p style=\"text-align: center;\"><span style=\"color: #ffffff;\">Vous souhaitez rejoindre notre r\u00e9seau de distributeurs et offrir nos produits de qualit\u00e9 \u00e0 vos clients ? Nous serions ravis de collaborer avec vous. Contactez-nous d\u00e8s aujourd&rsquo;hui pour explorer comment nous pouvons r\u00e9pondre ensemble aux besoins des agriculteurs et \u00e9leveurs.<\/span><\/p>    <\/div>\n<\/div>\n<!-- \/module text --><!-- module button pro -->\n<div  id=\"tb_otsl346\" class=\"module module-button tb_otsl346 button-link-external  transparent\" data-lazy=\"1\">\n\t\n    <a class=\"ui builder_button transparent\" href=\"https:\/\/xenodochial-taussig.212-227-206-74.plesk.page\/becoming-distributor\" target=\"_blank\" rel=\"noopener\">\n\t\t\t\t<span>En savoir plus<\/span>\n    <\/a>\n\n\t\n\t<\/div>\n<!-- \/module button pro -->\n        <\/div>\n                        <\/div>\n        <\/div>\n        <\/div>\n<!--\/themify_builder_content-->","protected":false},"excerpt":{"rendered":"<p>La v\u00ealeuse pour vaches laiti\u00e8res VINK est un mod\u00e8le reconnu depuis de nombreuses ann\u00e9es pour sa tr\u00e8s haute qualit\u00e9 de fabrication (inox int\u00e9gral) et sa praticit\u00e9. B\u00e9n\u00e9ficiant d\u2019un syst\u00e8me de traction altern\u00e9e, la v\u00ealeuse VINK permet de d\u00e9gager le veau plus facilement par la traction r\u00e9alis\u00e9e sur chacune des pattes tour \u00e0 tour. Ce m\u00e9canisme diminue fortement le risque de blocage du veau au niveau des hanches de la vache.<br \/>Il permet d\u2019assister au v\u00ealage d\u2019une seule avec un excellent maintient sur un animal en position couch\u00e9 ou debout.<\/p>\n","protected":false},"featured_media":1043,"comment_status":"open","ping_status":"closed","template":"","meta":[],"product_brand":[],"product_cat":[37],"product_tag":[],"class_list":{"0":"post-1042","1":"product","2":"type-product","3":"status-publish","4":"has-post-thumbnail","6":"product_cat-mise-bas-allaitement","7":"has-post-title","8":"has-post-date","9":"has-post-category","10":"has-post-tag","11":"has-post-comment","12":"has-post-author","13":"","15":"first","16":"instock","17":"taxable","18":"shipping-taxable","19":"purchasable","20":"product-type-simple"},"builder_content":"<h1>Nos produits<br\/>Vous aimerez aussi...<\/h1>\n<h3 style=\"text-align: center;\">Vous souhaitez rejoindre notre r\u00e9seau de distributeurs ?<\/h3>\n<p style=\"text-align: center;\">Vous souhaitez rejoindre notre r\u00e9seau de distributeurs et offrir nos produits de qualit\u00e9 \u00e0 vos clients ? Nous serions ravis de collaborer avec vous. Contactez-nous d\u00e8s aujourd'hui pour explorer comment nous pouvons r\u00e9pondre ensemble aux besoins des agriculteurs et \u00e9leveurs.<\/p>\n<a href=\"https:\/\/xenodochial-taussig.212-227-206-74.plesk.page\/becoming-distributor\"> En savoir plus <\/a>","_links":{"self":[{"href":"https:\/\/www.cotraneurope.com\/fr\/wp-json\/wp\/v2\/product\/1042","targetHints":{"allow":["GET"]}}],"collection":[{"href":"https:\/\/www.cotraneurope.com\/fr\/wp-json\/wp\/v2\/product"}],"about":[{"href":"https:\/\/www.cotraneurope.com\/fr\/wp-json\/wp\/v2\/types\/product"}],"replies":[{"embeddable":true,"href":"https:\/\/www.cotraneurope.com\/fr\/wp-json\/wp\/v2\/comments?post=1042"}],"wp:featuredmedia":[{"embeddable":true,"href":"https:\/\/www.cotraneurope.com\/fr\/wp-json\/wp\/v2\/media\/1043"}],"wp:attachment":[{"href":"https:\/\/www.cotraneurope.com\/fr\/wp-json\/wp\/v2\/media?parent=1042"}],"wp:term":[{"taxonomy":"product_brand","embeddable":true,"href":"https:\/\/www.cotraneurope.com\/fr\/wp-json\/wp\/v2\/product_brand?post=1042"},{"taxonomy":"product_cat","embeddable":true,"href":"https:\/\/www.cotraneurope.com\/fr\/wp-json\/wp\/v2\/product_cat?post=1042"},{"taxonomy":"product_tag","embeddable":true,"href":"https:\/\/www.cotraneurope.com\/fr\/wp-json\/wp\/v2\/product_tag?post=1042"}],"curies":[{"name":"wp","href":"https:\/\/api.w.org\/{rel}","templated":true}]}}