{"id":1049,"date":"2025-07-04T10:48:52","date_gmt":"2025-07-04T08:48:52","guid":{"rendered":"https:\/\/www.cotraneurope.it-up.tech\/?post_type=product&#038;p=1049"},"modified":"2025-08-04T18:28:33","modified_gmt":"2025-08-04T16:28:33","slug":"leve-vache-standard-vink","status":"publish","type":"product","link":"https:\/\/www.cotraneurope.com\/fr\/manipulation-contention\/leve-vache\/leve-vache-standard-vink\/","title":{"rendered":"L\u00e8ve vache standard VINK"},"content":{"rendered":"\r\n<p>L\u2019installation du rel\u00e8ve vache VINK est facile \u00e0 r\u00e9aliser et peut permettre de sauver des animaux en situation difficile, par exemple apr\u00e8s un v\u00ealage ou \u00e0 cause de carences. Positionner l\u2019appareil sur les hanches, en appui sur les apophyses, resserrer le l\u00e8ve-vache avec la manivelle. A l\u2019aide d\u2019une corde ou d\u2019une cha\u00eene, relier l\u2019appareil \u00e0 un point haut ou aux fourches d\u2019un tracteur, puis relever lentement l\u2019animal jusqu\u2019\u00e0 atteindre sa position debout. Rel\u00e2cher ensuite la tension et constater si la vache arrive \u00e0 se tenir seule sur ses pattes. L\u2019appareil doit \u00eatre laiss\u00e9 en place en s\u00e9curisation antichute et permettra de prodiguer \u00e0 l\u2019animal les soins n\u00e9cessaires. Changer de position toutes les 3 heures et ne pas pers\u00e9v\u00e9rer si l\u2019animal n\u2019arrive pas \u00e0 se tenir debout tout seul.<\/p>\r\n\r\n\r\n\r\n<ul class=\"wp-block-list\">\r\n<li>Dispositif d\u2019aide au rel\u00e8vement des animaux fatigu\u00e9s ou malades<\/li>\r\n\r\n\r\n\r\n<li>Peut permettre de sauver des animaux d\u2019une situation d\u2019affaiblissement<\/li>\r\n\r\n\r\n\r\n<li>Con\u00e7u pour les races de vaches laiti\u00e8res<\/li>\r\n\r\n\r\n\r\n<li>Excellente qualit\u00e9 de fabrication au Pays-Bas<\/li>\r\n\r\n\r\n\r\n<li>Mat\u00e9riaux\u00a0: inox et acier galvanis\u00e9<\/li>\r\n\r\n\r\n\r\n<li>Envergure interne\u00a0: 73 cm<\/li>\r\n\r\n\r\n\r\n<li>Fourni avec coussinets et manivelle de serrage (utilisable des 2 c\u00f4t\u00e9s)<\/li>\r\n<\/ul>\r\n","protected":false},"excerpt":{"rendered":"<p>Le mod\u00e8le L\u00e8ve vache standard VINK fournit une aide pr\u00e9cieuse pour relever les bovins laitiers fatigu\u00e9s ou partiellement paralys\u00e9s. L\u2019appareil se fixe aux hanches de l\u2019animal, et permet de le soulever gr\u00e2ce \u00e0 un point d\u2019appui en hauteur ou au chargeur frontal d\u2019un tracteur.<br \/>Les coussinets utilis\u00e9s pour le maintien prot\u00e8gent les hanches de l\u2019animal. Une fois la vache debout, la tension sur le c\u00e2ble peut \u00eatre desserr\u00e9e tout en laissant l\u2019appareil en place pour \u00e9viter que la vache ne tombe sur le c\u00f4t\u00e9. Changer de position toutes les 3 heures. Ne pas pers\u00e9v\u00e9rer si l\u2019animal n\u2019arrive pas \u00e0 se tenir debout tout seul.<\/p>\n","protected":false},"featured_media":1050,"comment_status":"open","ping_status":"closed","template":"","meta":[],"product_brand":[],"product_cat":[43,1149],"product_tag":[],"class_list":{"0":"post-1049","1":"product","2":"type-product","3":"status-publish","4":"has-post-thumbnail","6":"product_cat-leve-vache","7":"product_cat-manipulation-contention","8":"has-post-title","9":"has-post-date","10":"has-post-category","11":"has-post-tag","12":"has-post-comment","13":"has-post-author","14":"","16":"first","17":"instock","18":"taxable","19":"shipping-taxable","20":"purchasable","21":"product-type-simple"},"builder_content":"","_links":{"self":[{"href":"https:\/\/www.cotraneurope.com\/fr\/wp-json\/wp\/v2\/product\/1049","targetHints":{"allow":["GET"]}}],"collection":[{"href":"https:\/\/www.cotraneurope.com\/fr\/wp-json\/wp\/v2\/product"}],"about":[{"href":"https:\/\/www.cotraneurope.com\/fr\/wp-json\/wp\/v2\/types\/product"}],"replies":[{"embeddable":true,"href":"https:\/\/www.cotraneurope.com\/fr\/wp-json\/wp\/v2\/comments?post=1049"}],"wp:featuredmedia":[{"embeddable":true,"href":"https:\/\/www.cotraneurope.com\/fr\/wp-json\/wp\/v2\/media\/1050"}],"wp:attachment":[{"href":"https:\/\/www.cotraneurope.com\/fr\/wp-json\/wp\/v2\/media?parent=1049"}],"wp:term":[{"taxonomy":"product_brand","embeddable":true,"href":"https:\/\/www.cotraneurope.com\/fr\/wp-json\/wp\/v2\/product_brand?post=1049"},{"taxonomy":"product_cat","embeddable":true,"href":"https:\/\/www.cotraneurope.com\/fr\/wp-json\/wp\/v2\/product_cat?post=1049"},{"taxonomy":"product_tag","embeddable":true,"href":"https:\/\/www.cotraneurope.com\/fr\/wp-json\/wp\/v2\/product_tag?post=1049"}],"curies":[{"name":"wp","href":"https:\/\/api.w.org\/{rel}","templated":true}]}}