{"id":1102,"date":"2025-07-04T16:45:31","date_gmt":"2025-07-04T14:45:31","guid":{"rendered":"https:\/\/www.cotraneurope.it-up.tech\/?post_type=product&#038;p=1102"},"modified":"2026-02-17T11:36:55","modified_gmt":"2026-02-17T10:36:55","slug":"rallonges-pour-aiguillon-classic-pointues","status":"publish","type":"product","link":"https:\/\/www.cotraneurope.com\/fr\/manipulation-contention\/sharpshock-aiguillons-electrique\/rallonges-pour-aiguillon-classic-pointues\/","title":{"rendered":"Rallonges pour aiguillon Classic &#8211; Pointues"},"content":{"rendered":"\r\n<p>Rallonge flexible en polycarbonate pour aiguillon \u00e9lectrique SHARPSHOCK Classic. Ces rallonges sont \u00e9quip\u00e9es d\u2019un \u00e9crou avec joint \u00e9tanche et peuvent \u00eatre connect\u00e9es \u00e0 tous les aiguillons SHARPSHOCK (gamme Classic et MAX).<\/p>\r\n\r\n\r\n\r\n<p>Elles disposent en leur extr\u00e9mit\u00e9 de 2 \u00e9lectrodes en laiton pointues qui sont particuli\u00e8rement adapt\u00e9es pour \u00eatre utilis\u00e9es sur tous les animaux \u00e0 poils longs (celles-ci sont con\u00e7ues pour se glisser \u00e0 travers le poil).<\/p>\r\n\r\n\r\n\r\n<p>Le choc \u00e9lectrique se produit quand les 2 \u00e9lectrodes sont contact avec la peau de l&rsquo;animal. Les rallonges pour aiguillons SHARPSHOCK Classic sont tr\u00e8s flexibles afin d\u2019\u00e9viter d\u2019exercer une force excessive sur l\u2019animal. Elles peuvent m\u00eame se plier jusqu\u2019\u00e0 280\u00b0 dans les grandes tailles.<\/p>\r\n\r\n\r\n\r\n<p>Malgr\u00e9 leur flexibilit\u00e9, elles sont robustes et con\u00e7ues pour ne pas casser.<\/p>\r\n\r\n\r\n\r\n<ul class=\"wp-block-list\">\r\n<li>Grande flexibilit\u00e9\u00a0: \u00e9vite la force excessive et les risques de blessures<\/li>\r\n\r\n\r\n\r\n<li>\u00c9lectrodes pointues (recommand\u00e9 pour animaux \u00e0 poils longs)<\/li>\r\n\r\n\r\n\r\n<li>Aussi disponibles avec \u00e9lectrodes arrondies (recommand\u00e9 pour les porcs) ici<\/li>\r\n\r\n\r\n\r\n<li>\u00c9tanches \u00e0 l\u2019eau et \u00e0 la poussi\u00e8re (IP54)<\/li>\r\n\r\n\r\n\r\n<li>5 tailles de rallonges flexibles disponibles (embouts pointus)\u00a0: 33 cm, 58 cm, 71 cm, 84 cm, 110 cm<\/li>\r\n\r\n\r\n\r\n<li>+ une taille de rallonge rigide\u00a0: 165 cm (en fibre de verre rigide)<\/li>\r\n\r\n\r\n\r\n<li>Conforme \u00e0 la l\u00e9gislation\u00a0: Directive CE 1099\/2009)<\/li>\r\n\r\n\r\n\r\n<li>Recommand\u00e9 avec les aiguillons SHARPSHOCK Classic (mais \u00e9galement compatibles avec SHARPSHOCK MAX)<\/li>\r\n<\/ul>\r\n","protected":false},"excerpt":{"rendered":"<p>Rallonges pour aiguillons \u00e9lectriques recommand\u00e9es pour notre gamme SHARPSHOCK Classic. N\u00e9anmoins compatibles avec notre gamme SHARPSHOC MAX.<br \/>Rallonges en polycarbonate con\u00e7ues pour \u00eatre tr\u00e8s flexibles sans casser.<br \/>Disponibles en 6 tailles, avec \u00e9lectrodes pointues (recommand\u00e9es pour les animaux \u00e0 poils longs).<\/p>\n","protected":false},"featured_media":3519,"comment_status":"open","ping_status":"closed","template":"","meta":[],"product_brand":[],"product_cat":[1152,1149],"product_tag":[],"class_list":{"0":"post-1102","1":"product","2":"type-product","3":"status-publish","4":"has-post-thumbnail","6":"product_cat-sharpshock-aiguillons-electrique","7":"product_cat-manipulation-contention","8":"has-post-title","9":"has-post-date","10":"has-post-category","11":"has-post-tag","12":"has-post-comment","13":"has-post-author","14":"","16":"first","17":"instock","18":"taxable","19":"shipping-taxable","20":"purchasable","21":"product-type-variable"},"builder_content":"","_links":{"self":[{"href":"https:\/\/www.cotraneurope.com\/fr\/wp-json\/wp\/v2\/product\/1102","targetHints":{"allow":["GET"]}}],"collection":[{"href":"https:\/\/www.cotraneurope.com\/fr\/wp-json\/wp\/v2\/product"}],"about":[{"href":"https:\/\/www.cotraneurope.com\/fr\/wp-json\/wp\/v2\/types\/product"}],"replies":[{"embeddable":true,"href":"https:\/\/www.cotraneurope.com\/fr\/wp-json\/wp\/v2\/comments?post=1102"}],"wp:featuredmedia":[{"embeddable":true,"href":"https:\/\/www.cotraneurope.com\/fr\/wp-json\/wp\/v2\/media\/3519"}],"wp:attachment":[{"href":"https:\/\/www.cotraneurope.com\/fr\/wp-json\/wp\/v2\/media?parent=1102"}],"wp:term":[{"taxonomy":"product_brand","embeddable":true,"href":"https:\/\/www.cotraneurope.com\/fr\/wp-json\/wp\/v2\/product_brand?post=1102"},{"taxonomy":"product_cat","embeddable":true,"href":"https:\/\/www.cotraneurope.com\/fr\/wp-json\/wp\/v2\/product_cat?post=1102"},{"taxonomy":"product_tag","embeddable":true,"href":"https:\/\/www.cotraneurope.com\/fr\/wp-json\/wp\/v2\/product_tag?post=1102"}],"curies":[{"name":"wp","href":"https:\/\/api.w.org\/{rel}","templated":true}]}}