{"id":1110,"date":"2025-07-03T21:36:28","date_gmt":"2025-07-03T19:36:28","guid":{"rendered":"https:\/\/www.cotraneurope.it-up.tech\/?post_type=product&#038;p=1110"},"modified":"2025-08-28T09:01:13","modified_gmt":"2025-08-28T07:01:13","slug":"aiguillons-electriques-classic-rechargeables","status":"publish","type":"product","link":"https:\/\/www.cotraneurope.com\/fr\/manipulation-contention\/sharpshock-aiguillons-electrique\/aiguillons-electriques-classic-rechargeables\/","title":{"rendered":"Aiguillons \u00c9lectriques Classic &#8211; Rechargeables"},"content":{"rendered":"\r\n<p>La gamme d\u2019aiguillons \u00e9lectriques SHARPSHOCK Classic r\u00e9pond aux exigences des clients depuis plus de 15 ans qu\u2019ils soient \u00e9leveurs, transporteurs de b\u00e9tail ou abattoirs. Les aiguillons SHARPSHOCK Classic sont des appareils fiables, r\u00e9sistants et efficaces et conformes \u00e0 la l\u00e9gislation. Ils permettent d\u2019offrir une aide raisonn\u00e9e en alternative \u00e0 d\u2019autres m\u00e9thodes pour d\u00e9bloquer des situations o\u00f9 certains animaux refusent de se mouvoir. Leur batterie amovible et leur mode d\u2019alimentation interchangeable (piles ou batterie), permet de ne jamais se trouver \u00e0 court de puissance.<\/p>\r\n\r\n\r\n\r\n<ul class=\"wp-block-list\">\r\n<li>Construction polycarbonate haute r\u00e9sistance<\/li>\r\n\r\n\r\n\r\n<li>\u00c9tanches \u00e0 l\u2019eau et \u00e0 la poussi\u00e8re (IP54)<\/li>\r\n\r\n\r\n\r\n<li>7 tailles de rallonges flexibles disponibles (embouts pointus ou arrondis)<\/li>\r\n\r\n\r\n\r\n<li>Rallonge flexible pour \u00e9viter de blesser l\u2019animal<\/li>\r\n\r\n\r\n\r\n<li>Disponibles en version pleine puissance (7000V) ou puissance r\u00e9duite (4000V)<\/li>\r\n\r\n\r\n\r\n<li>Conforme \u00e0 la l\u00e9gislation (choc limit\u00e9 \u00e0 1 sec. Directive CE 1099\/2009)<\/li>\r\n\r\n\r\n\r\n<li>Inclus1 batterie lithium-ion 2600 mAh + chargeursecteur<\/li>\r\n\r\n\r\n\r\n<li>Autonomie batterie lithium-ion 2600 mAh\u00a0: sup\u00e9rieure \u00e0 1000 chocs<\/li>\r\n<\/ul>\r\n","protected":false},"excerpt":{"rendered":"<p>Les aiguillons \u00e9lectriques SHARPSHOCK Classic sont con\u00e7us pour aider \u00e0 la manipulation et au guidage des animaux r\u00e9fractaires, r\u00e9duisant ainsi la perte de temps et offrant une solution moins traumatique que d\u2019autres pratiques s\u2019ils sont utilis\u00e9s avec parcimonie.<br \/>La gamme SHARPSHOCK est la plus compl\u00e8te du march\u00e9. Avec 7 tailles de rallonges flexibles disponibles pour pouvoir r\u00e9pondre \u00e0 tous les besoins, des espaces les plus restreints \u00e0 de grandes longueurs (110cm) permettant d\u2019atteindre les animaux qui sont plus loin dans la file.<br \/>R\u00e9sistant \u00e0 l\u2019eau et \u00e0 la poussi\u00e8re (IP 54), ils r\u00e9pondent aux normes en vigueur (directive CE 1099\/2009) en d\u00e9livrant un choc \u00e9lectrique limit\u00e9 \u00e0 1 seconde par impulsion.<br \/>Les aiguillons SHARPSHOCK Classic sont disponibles en 2 puissances\u00a0:<br \/>&#8211; 4000V pour les porcins<br \/>&#8211; 7000V pour les bovins<\/p>\n","protected":false},"featured_media":1111,"comment_status":"open","ping_status":"closed","template":"","meta":[],"product_brand":[],"product_cat":[1152,1149],"product_tag":[],"class_list":{"0":"post-1110","1":"product","2":"type-product","3":"status-publish","4":"has-post-thumbnail","6":"product_cat-sharpshock-aiguillons-electrique","7":"product_cat-manipulation-contention","8":"has-post-title","9":"has-post-date","10":"has-post-category","11":"has-post-tag","12":"has-post-comment","13":"has-post-author","14":"","16":"first","17":"instock","18":"taxable","19":"shipping-taxable","20":"purchasable","21":"product-type-variable"},"builder_content":"","_links":{"self":[{"href":"https:\/\/www.cotraneurope.com\/fr\/wp-json\/wp\/v2\/product\/1110","targetHints":{"allow":["GET"]}}],"collection":[{"href":"https:\/\/www.cotraneurope.com\/fr\/wp-json\/wp\/v2\/product"}],"about":[{"href":"https:\/\/www.cotraneurope.com\/fr\/wp-json\/wp\/v2\/types\/product"}],"replies":[{"embeddable":true,"href":"https:\/\/www.cotraneurope.com\/fr\/wp-json\/wp\/v2\/comments?post=1110"}],"wp:featuredmedia":[{"embeddable":true,"href":"https:\/\/www.cotraneurope.com\/fr\/wp-json\/wp\/v2\/media\/1111"}],"wp:attachment":[{"href":"https:\/\/www.cotraneurope.com\/fr\/wp-json\/wp\/v2\/media?parent=1110"}],"wp:term":[{"taxonomy":"product_brand","embeddable":true,"href":"https:\/\/www.cotraneurope.com\/fr\/wp-json\/wp\/v2\/product_brand?post=1110"},{"taxonomy":"product_cat","embeddable":true,"href":"https:\/\/www.cotraneurope.com\/fr\/wp-json\/wp\/v2\/product_cat?post=1110"},{"taxonomy":"product_tag","embeddable":true,"href":"https:\/\/www.cotraneurope.com\/fr\/wp-json\/wp\/v2\/product_tag?post=1110"}],"curies":[{"name":"wp","href":"https:\/\/api.w.org\/{rel}","templated":true}]}}