{"id":1140,"date":"2025-07-04T09:25:04","date_gmt":"2025-07-04T07:25:04","guid":{"rendered":"https:\/\/www.cotraneurope.it-up.tech\/?post_type=product&#038;p=1140"},"modified":"2025-08-28T08:44:39","modified_gmt":"2025-08-28T06:44:39","slug":"aiguillons-electriques-max-rechargeables","status":"publish","type":"product","link":"https:\/\/www.cotraneurope.com\/fr\/manipulation-contention\/sharpshock-aiguillons-electrique\/aiguillons-electriques-max-rechargeables\/","title":{"rendered":"Aiguillons \u00c9lectriques MAX &#8211; Rechargeables"},"content":{"rendered":"\r\n<p>Avec notre nouvelle gamme d\u2019aiguillons \u00e9lectriques SHARPSHOCK MAX, nous avons voulu am\u00e9liorer encore nos aiguillons Classic, \u00e9prouv\u00e9s depuis plus de 15 ans. Les aiguillons SHARPSHOCK MAX ont \u00e9t\u00e9 con\u00e7us pour \u00eatre encore plus robustes, et disposent maintenant d\u2019un t\u00e9moin de charge de la batterie, ainsi que d\u2019un interrupteur pour basculer entre pleine puissance et puissance r\u00e9duite. Leur batterie lithium-ion de 2600 mAh procure une autonomie sup\u00e9rieure \u00e0 1000 chocs. En cas de besoin celle-ci peut-\u00eatre recharg\u00e9e sur allume-cigare (chargeur en option), ou chang\u00e9e avec un bloc de batterie recharg\u00e9.<\/p>\r\n\r\n\r\n\r\n<ul class=\"wp-block-list\">\r\n<li>\u00c9lectrodes renforc\u00e9es<\/li>\r\n\r\n\r\n\r\n<li>Robustesse g\u00e9n\u00e9rale am\u00e9lior\u00e9e (connexion entre rallonge et poign\u00e9e)<\/li>\r\n\r\n\r\n\r\n<li>T\u00e9moin LED de charge de la batterie (vert, orange, rouge)<\/li>\r\n\r\n\r\n\r\n<li>Interrupteur de r\u00e9glage de la puissance (7000V ou 4000V)<\/li>\r\n\r\n\r\n\r\n<li>\u00c9tanches \u00e0 l\u2019eau et \u00e0 la poussi\u00e8re (IP54)<\/li>\r\n\r\n\r\n\r\n<li>5 tailles de rallonges flexibles disponibles (embouts pointus)<\/li>\r\n\r\n\r\n\r\n<li>Rallonge flexible pour \u00e9viter de blesser l\u2019animal<\/li>\r\n\r\n\r\n\r\n<li>Conforme \u00e0 la l\u00e9gislation (choc limit\u00e9 \u00e0 1 sec. Directive CE 1099\/2009)<\/li>\r\n\r\n\r\n\r\n<li>Alimentation sur bloc batterie lithium-ionrechargeable et interchangeable<\/li>\r\n\r\n\r\n\r\n<li>Autonomie batterie lithium-ion 2600 mAh\u00a0: sup\u00e9rieure \u00e0 1000 chocs<\/li>\r\n<\/ul>\r\n","protected":false},"excerpt":{"rendered":"<p>Les nouveaux aiguillons \u00e9lectriques SHARPSHOCK MAX sont con\u00e7us pour aider \u00e0 la manipulation et au guidage des animaux r\u00e9fractaires, r\u00e9duisant ainsi la perte de temps dans la conduite des animaux.<br \/>En comparaison avec les aiguillons SHARPSHOCK Classic, les aiguillons \u00e9lectriques SHARPSHOCK MAX offrent une robustesse am\u00e9lior\u00e9e au niveau des \u00e9lectrodes et de la connexion entre poign\u00e9e et rallonge.<br \/>L\u2019aiguillon SHARPSHOCK MAX inclut maintenant un t\u00e9moin de charge du niveau de la batterie (vert, orange, rouge).<br \/>On peut \u00e9galement basculer entre sa puissance maximale (7000V) et sa puissance r\u00e9duite (4000V), au gr\u00e9 des besoins.<br \/>Avec 5 tailles de rallonges flexibles disponibles ultra-robustes, les aiguillons \u00e9lectriques SHARPSHOCK MAX sont con\u00e7us pour s\u2019adapter aux diff\u00e9rentes situations, \u00a0des espaces les plus restreints \u00e0 de grandes longueurs (110cm) permettant d\u2019atteindre les animaux qui sont plus loin dans la file.<br \/>R\u00e9sistant \u00e0 l\u2019eau et \u00e0 la poussi\u00e8re (IP 54), ils r\u00e9pondent aux normes en vigueur (directive CE 1099\/2009) en d\u00e9livrant un choc \u00e9lectrique limit\u00e9 \u00e0 1 seconde par impulsion.<\/p>\n","protected":false},"featured_media":1141,"comment_status":"closed","ping_status":"closed","template":"","meta":[],"product_brand":[],"product_cat":[1152,1149],"product_tag":[],"class_list":{"0":"post-1140","1":"product","2":"type-product","3":"status-publish","4":"has-post-thumbnail","6":"product_cat-sharpshock-aiguillons-electrique","7":"product_cat-manipulation-contention","8":"has-post-title","9":"has-post-date","10":"has-post-category","11":"has-post-tag","12":"has-post-comment","13":"has-post-author","14":"","16":"first","17":"instock","18":"taxable","19":"shipping-taxable","20":"purchasable","21":"product-type-variable"},"builder_content":"","_links":{"self":[{"href":"https:\/\/www.cotraneurope.com\/fr\/wp-json\/wp\/v2\/product\/1140","targetHints":{"allow":["GET"]}}],"collection":[{"href":"https:\/\/www.cotraneurope.com\/fr\/wp-json\/wp\/v2\/product"}],"about":[{"href":"https:\/\/www.cotraneurope.com\/fr\/wp-json\/wp\/v2\/types\/product"}],"replies":[{"embeddable":true,"href":"https:\/\/www.cotraneurope.com\/fr\/wp-json\/wp\/v2\/comments?post=1140"}],"wp:featuredmedia":[{"embeddable":true,"href":"https:\/\/www.cotraneurope.com\/fr\/wp-json\/wp\/v2\/media\/1141"}],"wp:attachment":[{"href":"https:\/\/www.cotraneurope.com\/fr\/wp-json\/wp\/v2\/media?parent=1140"}],"wp:term":[{"taxonomy":"product_brand","embeddable":true,"href":"https:\/\/www.cotraneurope.com\/fr\/wp-json\/wp\/v2\/product_brand?post=1140"},{"taxonomy":"product_cat","embeddable":true,"href":"https:\/\/www.cotraneurope.com\/fr\/wp-json\/wp\/v2\/product_cat?post=1140"},{"taxonomy":"product_tag","embeddable":true,"href":"https:\/\/www.cotraneurope.com\/fr\/wp-json\/wp\/v2\/product_tag?post=1140"}],"curies":[{"name":"wp","href":"https:\/\/api.w.org\/{rel}","templated":true}]}}