{"id":1150,"date":"2025-07-04T10:02:17","date_gmt":"2025-07-04T08:02:17","guid":{"rendered":"https:\/\/www.cotraneurope.it-up.tech\/?post_type=product&#038;p=1150"},"modified":"2025-08-28T09:10:06","modified_gmt":"2025-08-28T07:10:06","slug":"rallonges-pour-aiguillons-max-pointues","status":"publish","type":"product","link":"https:\/\/www.cotraneurope.com\/fr\/manipulation-contention\/sharpshock-aiguillons-electrique\/rallonges-pour-aiguillons-max-pointues\/","title":{"rendered":"Rallonges pour Aiguillons MAX &#8211; Pointues"},"content":{"rendered":"\r\n<p>Rallonge flexible en polycarbonate pour aiguillon \u00e9lectrique SHARPSHOCK MAX. Ces rallonges sont \u00e9quip\u00e9es d\u2019un \u00e9crou renforc\u00e9 avec joint \u00e9tanche et peuvent \u00eatre connect\u00e9es \u00e0 tous les aiguillons \u00e9lectriques SHARPSHOCK (gammes Classic et MAX).<\/p>\r\n\r\n\r\n\r\n<p>A leur extr\u00e9mit\u00e9 se trouvent 2 \u00e9paisses \u00e9lectrodes, con\u00e7ues pour \u00eatre extr\u00eamement durables. Leur design pointu mais l\u00e9g\u00e8rement arrondi conviendra \u00e0 tout type d\u2019animal (poil long ou court).<\/p>\r\n\r\n\r\n\r\n<p>Le choc \u00e9lectrique se produit quand les 2 \u00e9lectrodes sont contact avec l\u2019animal. Les rallonges pour aiguillons SHARPSHOCK MAX sont tr\u00e8s flexibles afin d\u2019\u00e9viter tout risque de blessure en cas de force excessive. Elles peuvent se plier jusqu\u2019\u00e0 280\u00b0 dans les grandes tailles.<\/p>\r\n\r\n\r\n\r\n<p>Malgr\u00e9 leur flexibilit\u00e9, elles sont robustes et con\u00e7ues pour ne pas casser.<\/p>\r\n\r\n\r\n\r\n<ul class=\"wp-block-list\">\r\n<li>Grande flexibilit\u00e9\u00a0: \u00e9vite la force excessive et les risques de blessures<\/li>\r\n\r\n\r\n\r\n<li>Nouvelles rallonges gamme MAX\u00a0: \u00e9crou et \u00e9lectrodes renforc\u00e9s<\/li>\r\n\r\n\r\n\r\n<li>\u00c9tanches \u00e0 l\u2019eau et \u00e0 la poussi\u00e8re (IP54)<\/li>\r\n\r\n\r\n\r\n<li>5 tailles de rallonges flexibles disponibles (embouts arrondis)\u00a0: 33 cm, 58 cm, 71 cm, 84 cm, 110 cm<\/li>\r\n\r\n\r\n\r\n<li>Conforme \u00e0 la l\u00e9gislation\u00a0: Directive CE 1099\/2009<\/li>\r\n\r\n\r\n\r\n<li>Recommand\u00e9 avec les aiguillons SHARPSHOCK MAX (mais compatibles \u00e9galement avec SHARPSHOCK Classic)<\/li>\r\n<\/ul>\r\n","protected":false},"excerpt":{"rendered":"<p>Rallonges pour aiguillons \u00e9lectriques recommand\u00e9es pour notre gamme SHARPSHOCK MAX. \u00c9galement compatibles avec notre gamme SHARPSHOCK Classic.<br \/>Rallonges en polycarbonate flexibles et extr\u00eamement robustes. Avec notre nouvelle gamme d\u2019aiguillon SHARPSHOCK MAX, nous avons renforc\u00e9 les points de contact (\u00e9crou de raccord avec la poign\u00e9e et \u00e9lectrodes plus \u00e9paisses).<br \/>Disponibles en 5 tailles, avec \u00e9lectrodes pointues (convient \u00e0 tous les animaux).<\/p>\n","protected":false},"featured_media":3472,"comment_status":"open","ping_status":"closed","template":"","meta":[],"product_brand":[],"product_cat":[1152,1149],"product_tag":[],"class_list":{"0":"post-1150","1":"product","2":"type-product","3":"status-publish","4":"has-post-thumbnail","6":"product_cat-sharpshock-aiguillons-electrique","7":"product_cat-manipulation-contention","8":"has-post-title","9":"has-post-date","10":"has-post-category","11":"has-post-tag","12":"has-post-comment","13":"has-post-author","14":"","16":"first","17":"instock","18":"taxable","19":"shipping-taxable","20":"purchasable","21":"product-type-variable"},"builder_content":"","_links":{"self":[{"href":"https:\/\/www.cotraneurope.com\/fr\/wp-json\/wp\/v2\/product\/1150","targetHints":{"allow":["GET"]}}],"collection":[{"href":"https:\/\/www.cotraneurope.com\/fr\/wp-json\/wp\/v2\/product"}],"about":[{"href":"https:\/\/www.cotraneurope.com\/fr\/wp-json\/wp\/v2\/types\/product"}],"replies":[{"embeddable":true,"href":"https:\/\/www.cotraneurope.com\/fr\/wp-json\/wp\/v2\/comments?post=1150"}],"wp:featuredmedia":[{"embeddable":true,"href":"https:\/\/www.cotraneurope.com\/fr\/wp-json\/wp\/v2\/media\/3472"}],"wp:attachment":[{"href":"https:\/\/www.cotraneurope.com\/fr\/wp-json\/wp\/v2\/media?parent=1150"}],"wp:term":[{"taxonomy":"product_brand","embeddable":true,"href":"https:\/\/www.cotraneurope.com\/fr\/wp-json\/wp\/v2\/product_brand?post=1150"},{"taxonomy":"product_cat","embeddable":true,"href":"https:\/\/www.cotraneurope.com\/fr\/wp-json\/wp\/v2\/product_cat?post=1150"},{"taxonomy":"product_tag","embeddable":true,"href":"https:\/\/www.cotraneurope.com\/fr\/wp-json\/wp\/v2\/product_tag?post=1150"}],"curies":[{"name":"wp","href":"https:\/\/api.w.org\/{rel}","templated":true}]}}