{"id":1166,"date":"2026-04-11T10:53:45","date_gmt":"2026-04-11T08:53:45","guid":{"rendered":"https:\/\/www.cotraneurope.it-up.tech\/?post_type=product&#038;p=1166"},"modified":"2025-07-04T18:04:12","modified_gmt":"2025-07-04T16:04:12","slug":"lot-de-4-piles-lr14-alcalines","status":"publish","type":"product","link":"https:\/\/www.cotraneurope.com\/fr\/manipulation-contention\/sharpshock-aiguillons-electrique\/lot-de-4-piles-lr14-alcalines\/","title":{"rendered":"Lot de 4 Piles LR14 Alcalines"},"content":{"rendered":"\r\n<ul class=\"wp-block-list\">\r\n<li>Lot de 4 piles type C \/ LR14<\/li>\r\n\r\n\r\n\r\n<li>Tension 1.5 V<\/li>\r\n<\/ul>\r\n","protected":false},"excerpt":{"rendered":"<p>Ces piles ont \u00e9t\u00e9 s\u00e9lectionn\u00e9es pour leur qualit\u00e9 et leur long\u00e9vit\u00e9 pour fonctionner id\u00e9alement avec nos aiguillons \u00e9lectriques SHARPSHOCK Classic.<br \/>Commercialis\u00e9es par lot de 4 piles.<\/p>\n","protected":false},"featured_media":1167,"comment_status":"open","ping_status":"closed","template":"","meta":[],"product_brand":[],"product_cat":[1152,1149],"product_tag":[],"class_list":{"0":"post-1166","1":"product","2":"type-product","3":"status-publish","4":"has-post-thumbnail","6":"product_cat-sharpshock-aiguillons-electrique","7":"product_cat-manipulation-contention","8":"has-post-title","9":"has-post-date","10":"has-post-category","11":"has-post-tag","12":"has-post-comment","13":"has-post-author","14":"","16":"first","17":"instock","18":"taxable","19":"shipping-taxable","20":"purchasable","21":"product-type-simple"},"builder_content":"","_links":{"self":[{"href":"https:\/\/www.cotraneurope.com\/fr\/wp-json\/wp\/v2\/product\/1166","targetHints":{"allow":["GET"]}}],"collection":[{"href":"https:\/\/www.cotraneurope.com\/fr\/wp-json\/wp\/v2\/product"}],"about":[{"href":"https:\/\/www.cotraneurope.com\/fr\/wp-json\/wp\/v2\/types\/product"}],"replies":[{"embeddable":true,"href":"https:\/\/www.cotraneurope.com\/fr\/wp-json\/wp\/v2\/comments?post=1166"}],"wp:featuredmedia":[{"embeddable":true,"href":"https:\/\/www.cotraneurope.com\/fr\/wp-json\/wp\/v2\/media\/1167"}],"wp:attachment":[{"href":"https:\/\/www.cotraneurope.com\/fr\/wp-json\/wp\/v2\/media?parent=1166"}],"wp:term":[{"taxonomy":"product_brand","embeddable":true,"href":"https:\/\/www.cotraneurope.com\/fr\/wp-json\/wp\/v2\/product_brand?post=1166"},{"taxonomy":"product_cat","embeddable":true,"href":"https:\/\/www.cotraneurope.com\/fr\/wp-json\/wp\/v2\/product_cat?post=1166"},{"taxonomy":"product_tag","embeddable":true,"href":"https:\/\/www.cotraneurope.com\/fr\/wp-json\/wp\/v2\/product_tag?post=1166"}],"curies":[{"name":"wp","href":"https:\/\/api.w.org\/{rel}","templated":true}]}}