{"id":1171,"date":"2025-07-03T11:52:33","date_gmt":"2025-07-03T09:52:33","guid":{"rendered":"https:\/\/www.cotraneurope.it-up.tech\/?post_type=product&#038;p=1171"},"modified":"2025-07-04T18:05:24","modified_gmt":"2025-07-04T16:05:24","slug":"batterie-li-ion-pour-aiguillon-classic","status":"publish","type":"product","link":"https:\/\/www.cotraneurope.com\/fr\/manipulation-contention\/sharpshock-aiguillons-electrique\/batterie-li-ion-pour-aiguillon-classic\/","title":{"rendered":"Batterie li-ion Pour Aiguillon Classic"},"content":{"rendered":"\r\n<p>La batterie lithium-ion SHARPSHOCK permet d\u2019\u00e9conomiser de nombreuses piles avec l\u2019aiguillon SHARPSHOCK Classic. Elle est largement recommand\u00e9e en substitution des piles alcalines classiques et particuli\u00e8rement en cas d\u2019usage fr\u00e9quent de l\u2019aiguillon.<\/p>\r\n\r\n\r\n\r\n<p>En forme de tube, elle est au m\u00eame format et occupe exactement la m\u00eame place que 4 piles LR14. Ce qui la rend tr\u00e8s pratique \u00e0 utiliser, car m\u00eame en cas de batterie \u00e9puis\u00e9e, l\u2019aiguillon pourra continuer \u00e0 \u00eatre utilis\u00e9 avec des piles classiques.<\/p>\r\n\r\n\r\n\r\n<p>Avec ses 2600 mAh, elle dispose d\u2019une grande autonomie sup\u00e9rieure \u00e0 1000 chocs et pourra \u00eatre recharg\u00e9e int\u00e9gralement en 2 \u00e0 3 heures avec le chargeur secteur ou avec le chargeur allume-cigare (disponibles en pi\u00e8ces d\u00e9tach\u00e9es).<\/p>\r\n\r\n\r\n\r\n<p>La technologie lithium-ion pr\u00e9sente de nombreux avantages&nbsp;: performance, compacit\u00e9 et tr\u00e8s peu de d\u00e9charge r\u00e9siduelle. Il est n\u00e9anmoins important mettre en charge imm\u00e9diatement lorsque la puissance du choc \u00e9lectrique de l\u2019aiguillon faiblit. En effet, une batterie compl\u00e8tement vide ne rechargera plus jamais \u00e0 pleine capacit\u00e9. La recharge s\u2019op\u00e8re via le port int\u00e9gr\u00e9 directement sur la batterie. Votre aiguillon peut continuer \u00e0 \u00eatre utilis\u00e9 avec une autre batterie ou des piles alcalines pendant ce temps.<\/p>\r\n\r\n\r\n\r\n<ul class=\"wp-block-list\">\r\n<li>Batterie \u00ab\u00a0tube\u00a0\u00bb au m\u00eame format que 4 piles LR14 1.5 V<\/li>\r\n\r\n\r\n\r\n<li>Charge nominale de 2600 mAh<\/li>\r\n\r\n\r\n\r\n<li>Tension\u00a0: 8.4 V<\/li>\r\n\r\n\r\n\r\n<li>Chargeur secteur ou allume-cigare non fournis mais disponible en pi\u00e8ces d\u00e9tach\u00e9es<\/li>\r\n\r\n\r\n\r\n<li>Ne pas utiliser d\u2019autre chargeur que le chargeur sp\u00e9cial SHARPSHOCK<\/li>\r\n\r\n\r\n\r\n<li>Autonomie\u00a0: sup\u00e9rieure \u00e0 1000 chocs<\/li>\r\n\r\n\r\n\r\n<li>Pour aiguillon SHARPSHOCK Classic uniquement<\/li>\r\n<\/ul>\r\n","protected":false},"excerpt":{"rendered":"<p>La batterie lithium-ion vous procurera une autonomie sup\u00e9rieure \u00e0 1000 chocs avec votre aiguillon SHARPSHOCK Classic uniquement, et vous permettra d\u2019\u00e9conomiser de nombreuses piles.<br \/>Au format \u00ab\u00a0tube\u00a0\u00bb et son port de recharge int\u00e9gr\u00e9, elle occupe exactement l\u2019emplacement de 4 piles LR14. Ainsi pendant sa recharge, vous pourrez continuer \u00e0 utiliser l\u2019aiguillon avec des piles ou une batterie de rechange.<br \/>Livr\u00e9e sans chargeur.<\/p>\n","protected":false},"featured_media":3452,"comment_status":"open","ping_status":"closed","template":"","meta":[],"product_brand":[],"product_cat":[1152,1149],"product_tag":[],"class_list":{"0":"post-1171","1":"product","2":"type-product","3":"status-publish","4":"has-post-thumbnail","6":"product_cat-sharpshock-aiguillons-electrique","7":"product_cat-manipulation-contention","8":"has-post-title","9":"has-post-date","10":"has-post-category","11":"has-post-tag","12":"has-post-comment","13":"has-post-author","14":"","16":"first","17":"instock","18":"taxable","19":"shipping-taxable","20":"purchasable","21":"product-type-simple"},"builder_content":"","_links":{"self":[{"href":"https:\/\/www.cotraneurope.com\/fr\/wp-json\/wp\/v2\/product\/1171","targetHints":{"allow":["GET"]}}],"collection":[{"href":"https:\/\/www.cotraneurope.com\/fr\/wp-json\/wp\/v2\/product"}],"about":[{"href":"https:\/\/www.cotraneurope.com\/fr\/wp-json\/wp\/v2\/types\/product"}],"replies":[{"embeddable":true,"href":"https:\/\/www.cotraneurope.com\/fr\/wp-json\/wp\/v2\/comments?post=1171"}],"wp:featuredmedia":[{"embeddable":true,"href":"https:\/\/www.cotraneurope.com\/fr\/wp-json\/wp\/v2\/media\/3452"}],"wp:attachment":[{"href":"https:\/\/www.cotraneurope.com\/fr\/wp-json\/wp\/v2\/media?parent=1171"}],"wp:term":[{"taxonomy":"product_brand","embeddable":true,"href":"https:\/\/www.cotraneurope.com\/fr\/wp-json\/wp\/v2\/product_brand?post=1171"},{"taxonomy":"product_cat","embeddable":true,"href":"https:\/\/www.cotraneurope.com\/fr\/wp-json\/wp\/v2\/product_cat?post=1171"},{"taxonomy":"product_tag","embeddable":true,"href":"https:\/\/www.cotraneurope.com\/fr\/wp-json\/wp\/v2\/product_tag?post=1171"}],"curies":[{"name":"wp","href":"https:\/\/api.w.org\/{rel}","templated":true}]}}