{"id":1174,"date":"2025-07-03T11:38:59","date_gmt":"2025-07-03T09:38:59","guid":{"rendered":"https:\/\/www.cotraneurope.it-up.tech\/?post_type=product&#038;p=1174"},"modified":"2025-07-04T18:05:49","modified_gmt":"2025-07-04T16:05:49","slug":"batterie-li-ion-pour-aiguillon-max","status":"publish","type":"product","link":"https:\/\/www.cotraneurope.com\/fr\/manipulation-contention\/sharpshock-aiguillons-electrique\/batterie-li-ion-pour-aiguillon-max\/","title":{"rendered":"Batterie li-ion pour Aiguillon MAX"},"content":{"rendered":"\r\n<p>Bloc batterie de rechange pour aiguillons \u00e9lectriques SHARPSHOCK MAX.<\/p>\r\n\r\n\r\n\r\n<p>Le bloc de batterie d\u00e9tachable se fixe \u00e0 l\u2019arri\u00e8re de la poign\u00e9e d\u2019aiguillon, permettant ainsi de remplacer une batterie d\u00e9charg\u00e9e par une unit\u00e9 charg\u00e9e afin de ne pas interrompre le travail.<\/p>\r\n\r\n\r\n\r\n<p>La coque en polycarbonate permet de prot\u00e9ger la batterie des chocs l\u00e9gers.<\/p>\r\n\r\n\r\n\r\n<p>Disposant de 2 cellules lithium-ion pour un total de 2600 mAh, la batterie SHARPSHOCK MAX permet une grande autonomie sup\u00e9rieure \u00e0 1500 chocs.<\/p>\r\n\r\n\r\n\r\n<p>Le bloc de batterie inclus un t\u00e9moin LED de charge visible lors de l\u2019utilisation. Il est mat\u00e9rialis\u00e9 par 3 couleurs (VERT&nbsp;: charg\u00e9 ORANGE&nbsp;: \u00e0 moiti\u00e9 d\u00e9charg\u00e9 ROUGE&nbsp;: mettre en charge imm\u00e9diatement).<\/p>\r\n\r\n\r\n\r\n<p>La charge compl\u00e8te de la batterie prend 2 \u00e0 3 heures. La technologie lithium-ion pr\u00e9sente de nombreux avantages&nbsp;: performance, compacit\u00e9 et tr\u00e8s peu de d\u00e9charge r\u00e9siduelle. Il est n\u00e9anmoins important mettre en charge imm\u00e9diatement lorsque le t\u00e9moin de charge passe au rouge. En effet, une batterie compl\u00e8tement vide ne rechargera plus jamais \u00e0 pleine capacit\u00e9.<\/p>\r\n\r\n\r\n\r\n<ul class=\"wp-block-list\">\r\n<li>Bloc batterie lithium-ion sp\u00e9cial SHARPSHOCK MAX<\/li>\r\n\r\n\r\n\r\n<li>Charge nominale de 2600 mAh<\/li>\r\n\r\n\r\n\r\n<li>Tension\u00a0: 8.4 V<\/li>\r\n\r\n\r\n\r\n<li>Chargeur non inclus (utiliser uniquement le chargeur sp\u00e9cial SHARPSHOCK)<\/li>\r\n\r\n\r\n\r\n<li>Autonomie\u00a0: sup\u00e9rieure \u00e0 1500 chocs<\/li>\r\n\r\n\r\n\r\n<li>T\u00e9moin LED de charge int\u00e9gr\u00e9 visible lors de l\u2019utilisation\u00a0: VERT, ORANGE, ROUGE<\/li>\r\n\r\n\r\n\r\n<li>Pour aiguillon SHARPSHOCK MAX uniquement<\/li>\r\n<\/ul>\r\n","protected":false},"excerpt":{"rendered":"<p>Bloc batterie de rechange lithium-ion 2 cellules d\u2019une capacit\u00e9 de 2600 mAh pour aiguillon SHARPSHOCK MAX uniquement. Procure une autonomie sup\u00e9rieure \u00e0 1500 chocs.<br \/>D\u00e9tachable de la poign\u00e9e, le bloc batterie peut \u00eatre mis en charge et remplac\u00e9 par un deuxi\u00e8me bloc batterie charg\u00e9 pour pouvoir continuer \u00e0 travailler.<br \/>T\u00e9moin lumineux d\u2019autonomie sur la batterie\u00a0: VERT, ORANGE, ROUGE.<\/p>\n","protected":false},"featured_media":1175,"comment_status":"open","ping_status":"closed","template":"","meta":[],"product_brand":[],"product_cat":[1152,1149],"product_tag":[],"class_list":{"0":"post-1174","1":"product","2":"type-product","3":"status-publish","4":"has-post-thumbnail","6":"product_cat-sharpshock-aiguillons-electrique","7":"product_cat-manipulation-contention","8":"has-post-title","9":"has-post-date","10":"has-post-category","11":"has-post-tag","12":"has-post-comment","13":"has-post-author","14":"","16":"first","17":"instock","18":"taxable","19":"shipping-taxable","20":"purchasable","21":"product-type-simple"},"builder_content":"","_links":{"self":[{"href":"https:\/\/www.cotraneurope.com\/fr\/wp-json\/wp\/v2\/product\/1174","targetHints":{"allow":["GET"]}}],"collection":[{"href":"https:\/\/www.cotraneurope.com\/fr\/wp-json\/wp\/v2\/product"}],"about":[{"href":"https:\/\/www.cotraneurope.com\/fr\/wp-json\/wp\/v2\/types\/product"}],"replies":[{"embeddable":true,"href":"https:\/\/www.cotraneurope.com\/fr\/wp-json\/wp\/v2\/comments?post=1174"}],"wp:featuredmedia":[{"embeddable":true,"href":"https:\/\/www.cotraneurope.com\/fr\/wp-json\/wp\/v2\/media\/1175"}],"wp:attachment":[{"href":"https:\/\/www.cotraneurope.com\/fr\/wp-json\/wp\/v2\/media?parent=1174"}],"wp:term":[{"taxonomy":"product_brand","embeddable":true,"href":"https:\/\/www.cotraneurope.com\/fr\/wp-json\/wp\/v2\/product_brand?post=1174"},{"taxonomy":"product_cat","embeddable":true,"href":"https:\/\/www.cotraneurope.com\/fr\/wp-json\/wp\/v2\/product_cat?post=1174"},{"taxonomy":"product_tag","embeddable":true,"href":"https:\/\/www.cotraneurope.com\/fr\/wp-json\/wp\/v2\/product_tag?post=1174"}],"curies":[{"name":"wp","href":"https:\/\/api.w.org\/{rel}","templated":true}]}}