{"id":1178,"date":"2025-07-03T10:36:53","date_gmt":"2025-07-03T08:36:53","guid":{"rendered":"https:\/\/www.cotraneurope.it-up.tech\/?post_type=product&#038;p=1178"},"modified":"2025-07-04T18:06:34","modified_gmt":"2025-07-04T16:06:34","slug":"chargeur-allume-cigare-pour-batteries-li-ion","status":"publish","type":"product","link":"https:\/\/www.cotraneurope.com\/fr\/manipulation-contention\/sharpshock-aiguillons-electrique\/chargeur-allume-cigare-pour-batteries-li-ion\/","title":{"rendered":"Chargeur Allume-cigare pour batteries li-ion"},"content":{"rendered":"\r\n<p>Chargeur pour allume-cigare intelligent \u00e0 utiliser strictement avec les batteries suivantes\u00a0:<\/p>\r\n\r\n\r\n\r\n<ul class=\"wp-block-list\">\r\n<li>Ref. 30-185 &amp; 00-205F\u00a0: Batterie lithium-ion format \u00ab\u00a0tube\u00a0\u00bb pour SHARPSHOCK Classic<\/li>\r\n\r\n\r\n\r\n<li>Ref. 30-185-MAX &amp; 00-205-MAX : Bloc Batterie lithium-ion pour SHARPSHOCK MAX<\/li>\r\n<\/ul>\r\n\r\n\r\n\r\n<p>Important&nbsp;: mettre en charge la batterie imm\u00e9diatement quand le choc \u00e9lectrique de votre aiguillon faiblit ou que le t\u00e9moin LED est rouge (SHARPSHOCK MAX uniquement). Une batterie compl\u00e8tement d\u00e9charg\u00e9e ne rechargera plus jamais compl\u00e8tement.<\/p>\r\n\r\n\r\n\r\n<p>La recharge s\u2019op\u00e8re via le port int\u00e9gr\u00e9 directement sur la batterie. Votre aiguillon peut continuer \u00e0 \u00eatre utilis\u00e9 avec une autre batterie ou des piles alcalines pendant ce temps (SHARPSHOCK Classic uniquement).<\/p>\r\n\r\n\r\n\r\n<ul class=\"wp-block-list\">\r\n<li>Chargeur12V allume-cigare batterie lithium-ion SHARPSHOCK Classic et SHARPSHOCK MAX<\/li>\r\n\r\n\r\n\r\n<li>Chargeur intelligent : stoppe automatiquement la charge quand la batterie est recharg\u00e9e<\/li>\r\n\r\n\r\n\r\n<li>Batterie non fournie<\/li>\r\n\r\n\r\n\r\n<li>Temps de recharge compl\u00e8te\u00a0: 2\u00a0 \u00e0 3 heures<\/li>\r\n<\/ul>\r\n","protected":false},"excerpt":{"rendered":"<p>Chargeur intelligent 12V sur allume-cigare pour batteries lithium-ion SHARPSHOCK Classic et SHARPSHOCK MAX.<br \/>Stoppe automatiquement la charge quand la batterie est charg\u00e9e.<\/p>\n","protected":false},"featured_media":1179,"comment_status":"closed","ping_status":"closed","template":"","meta":[],"product_brand":[],"product_cat":[1152,1149],"product_tag":[],"class_list":{"0":"post-1178","1":"product","2":"type-product","3":"status-publish","4":"has-post-thumbnail","6":"product_cat-sharpshock-aiguillons-electrique","7":"product_cat-manipulation-contention","8":"has-post-title","9":"has-post-date","10":"has-post-category","11":"has-post-tag","12":"has-post-comment","13":"has-post-author","14":"","16":"first","17":"instock","18":"taxable","19":"shipping-taxable","20":"purchasable","21":"product-type-simple"},"builder_content":"","_links":{"self":[{"href":"https:\/\/www.cotraneurope.com\/fr\/wp-json\/wp\/v2\/product\/1178","targetHints":{"allow":["GET"]}}],"collection":[{"href":"https:\/\/www.cotraneurope.com\/fr\/wp-json\/wp\/v2\/product"}],"about":[{"href":"https:\/\/www.cotraneurope.com\/fr\/wp-json\/wp\/v2\/types\/product"}],"replies":[{"embeddable":true,"href":"https:\/\/www.cotraneurope.com\/fr\/wp-json\/wp\/v2\/comments?post=1178"}],"wp:featuredmedia":[{"embeddable":true,"href":"https:\/\/www.cotraneurope.com\/fr\/wp-json\/wp\/v2\/media\/1179"}],"wp:attachment":[{"href":"https:\/\/www.cotraneurope.com\/fr\/wp-json\/wp\/v2\/media?parent=1178"}],"wp:term":[{"taxonomy":"product_brand","embeddable":true,"href":"https:\/\/www.cotraneurope.com\/fr\/wp-json\/wp\/v2\/product_brand?post=1178"},{"taxonomy":"product_cat","embeddable":true,"href":"https:\/\/www.cotraneurope.com\/fr\/wp-json\/wp\/v2\/product_cat?post=1178"},{"taxonomy":"product_tag","embeddable":true,"href":"https:\/\/www.cotraneurope.com\/fr\/wp-json\/wp\/v2\/product_tag?post=1178"}],"curies":[{"name":"wp","href":"https:\/\/api.w.org\/{rel}","templated":true}]}}