{"id":1180,"date":"2024-11-03T09:37:57","date_gmt":"2024-11-03T08:37:57","guid":{"rendered":"https:\/\/www.cotraneurope.it-up.tech\/?post_type=product&#038;p=1180"},"modified":"2026-04-11T10:12:04","modified_gmt":"2026-04-11T08:12:04","slug":"aiguillon-de-poche-lil-shocker","status":"publish","type":"product","link":"https:\/\/www.cotraneurope.com\/fr\/manipulation-contention\/aiguillon-de-poche-lil-shocker\/","title":{"rendered":"Aiguillon de Poche Li&rsquo;l Shocker"},"content":{"rendered":"\r\n<p>L\u2019aiguillon de poche Li\u2019lShocker est un petit aiguillon compact qui tient litt\u00e9ralement dans la poche. Il est aliment\u00e9 par 4 piles AA 1.5 V fournies et d\u00e9livre une puissance de 4000V environ.<\/p>\r\n\r\n\r\n\r\n<p>Il permet de se sortir de situations d\u2019urgence comme pour aider \u00e0 relever un animal ou pour la conduite de petits troupeaux. Ne pouvant s\u2019utiliser que de fa\u00e7on tr\u00e8s rapproch\u00e9e, il est tr\u00e8s fortement d\u00e9conseill\u00e9 de l\u2019utiliser avec de grands animaux en position debout, comme les bovins. Les aiguillons \u00e9lectriques SHARPSHOCK Classic sont con\u00e7us pour aider \u00e0 la manipulation et au guidage des animaux r\u00e9fractaires, r\u00e9duisant ainsi la perte de temps et offrant une solution moins traumatique que d\u2019autres pratiques s\u2019ils sont utilis\u00e9s avec parcimonie.<\/p>\r\n\r\n\r\n\r\n<ul class=\"wp-block-list\">\r\n<li>Puissance : 4000 V<\/li>\r\n\r\n\r\n\r\n<li>Poids\u00a0: 310 grammes<\/li>\r\n\r\n\r\n\r\n<li>Dimensions\u00a0: 165x73x32 mm<\/li>\r\n\r\n\r\n\r\n<li>Alimentation\u00a0: 4 piles AA (LR6) fournies<\/li>\r\n\r\n\r\n\r\n<li>Non \u00e9tanche<\/li>\r\n<\/ul>\r\n","protected":false},"excerpt":{"rendered":"<p>L\u2019aiguillon de poche SHARPSHOCK Li\u2019l Shocker tient litt\u00e9ralement dans la poche. Son poids de 300 grammes permet de le garder sur soi facilement afin d\u2019\u00eatre utilis\u00e9 rapidement en cas de besoin.<\/p>\n","protected":false},"featured_media":3441,"comment_status":"open","ping_status":"closed","template":"","meta":[],"product_brand":[294],"product_cat":[1149,1152],"product_tag":[],"class_list":{"0":"post-1180","1":"product","2":"type-product","3":"status-publish","4":"has-post-thumbnail","6":"product_brand-sharpshock","7":"product_cat-manipulation-contention","8":"product_cat-sharpshock-aiguillons-electrique","9":"has-post-title","10":"has-post-date","11":"has-post-category","12":"has-post-tag","13":"has-post-comment","14":"has-post-author","15":"","17":"first","18":"instock","19":"taxable","20":"shipping-taxable","21":"purchasable","22":"product-type-simple"},"builder_content":"","_links":{"self":[{"href":"https:\/\/www.cotraneurope.com\/fr\/wp-json\/wp\/v2\/product\/1180","targetHints":{"allow":["GET"]}}],"collection":[{"href":"https:\/\/www.cotraneurope.com\/fr\/wp-json\/wp\/v2\/product"}],"about":[{"href":"https:\/\/www.cotraneurope.com\/fr\/wp-json\/wp\/v2\/types\/product"}],"replies":[{"embeddable":true,"href":"https:\/\/www.cotraneurope.com\/fr\/wp-json\/wp\/v2\/comments?post=1180"}],"wp:featuredmedia":[{"embeddable":true,"href":"https:\/\/www.cotraneurope.com\/fr\/wp-json\/wp\/v2\/media\/3441"}],"wp:attachment":[{"href":"https:\/\/www.cotraneurope.com\/fr\/wp-json\/wp\/v2\/media?parent=1180"}],"wp:term":[{"taxonomy":"product_brand","embeddable":true,"href":"https:\/\/www.cotraneurope.com\/fr\/wp-json\/wp\/v2\/product_brand?post=1180"},{"taxonomy":"product_cat","embeddable":true,"href":"https:\/\/www.cotraneurope.com\/fr\/wp-json\/wp\/v2\/product_cat?post=1180"},{"taxonomy":"product_tag","embeddable":true,"href":"https:\/\/www.cotraneurope.com\/fr\/wp-json\/wp\/v2\/product_tag?post=1180"}],"curies":[{"name":"wp","href":"https:\/\/api.w.org\/{rel}","templated":true}]}}