{"id":1182,"date":"2025-07-02T17:29:13","date_gmt":"2025-07-02T15:29:13","guid":{"rendered":"https:\/\/www.cotraneurope.it-up.tech\/?post_type=product&#038;p=1182"},"modified":"2025-07-04T18:08:38","modified_gmt":"2025-07-04T16:08:38","slug":"poignee-de-guidage-avec-hochet","status":"publish","type":"product","link":"https:\/\/www.cotraneurope.com\/fr\/manipulation-contention\/poignee-de-guidage\/poignee-de-guidage-avec-hochet\/","title":{"rendered":"Poign\u00e9e de guidage avec hochet"},"content":{"rendered":"\r\n<p>La poign\u00e9e de guidage est un instrument de conduite des animaux, destin\u00e9 \u00e0 les orienter et \u00e0 mouvoir les individus r\u00e9fractaires.\u00a0 Elle est constitu\u00e9e d\u2019un manche en fibre de verre, avec grip de confort type golf, et d\u2019une plaque de contact en plastique agissant comme une barri\u00e8re visuelle. Cette plaque est par ailleurs remplie de billes hochet qui provoquent un effet sonore puissant quand elle est secou\u00e9e, destin\u00e9 \u00e0 encourager le mouvement de l\u2019animal.<\/p>\r\n\r\n\r\n\r\n<ul class=\"wp-block-list\">\r\n<li>Manche en fibre de verre<\/li>\r\n\r\n\r\n\r\n<li>Plaque en plastique moul\u00e9 de couleur rouge<\/li>\r\n\r\n\r\n\r\n<li>Remplie de billes provoquant un effet sonore dissuasif<\/li>\r\n\r\n\r\n\r\n<li>Longueur 107 cm<\/li>\r\n\r\n\r\n\r\n<li>Poids\u00a0: 500 grammes<\/li>\r\n<\/ul>\r\n","protected":false},"excerpt":{"rendered":"<p>La poign\u00e9e de guidage est une aide guidage des animaux d&rsquo;\u00e9levage, et une alternative aux aiguillons. Elle fonctionne comme une barri\u00e8re visuelle pour l&rsquo;animal et g\u00e9n\u00e8re une effet sonore dissuasif lorsqu&rsquo;elle est agit\u00e9e (fonction hochet). D&rsquo;une longueur de 107 cm, elle pourra \u00eatre facilement positionn\u00e9e \u00e0 c\u00f4t\u00e9 de la t\u00eate de l&rsquo;animal lorsque vous \u00eates derri\u00e8re lui.<\/p>\n","protected":false},"featured_media":1183,"comment_status":"open","ping_status":"closed","template":"","meta":[],"product_brand":[],"product_cat":[1149,47],"product_tag":[],"class_list":{"0":"post-1182","1":"product","2":"type-product","3":"status-publish","4":"has-post-thumbnail","6":"product_cat-manipulation-contention","7":"product_cat-poignee-de-guidage","8":"has-post-title","9":"has-post-date","10":"has-post-category","11":"has-post-tag","12":"has-post-comment","13":"has-post-author","14":"","16":"first","17":"instock","18":"taxable","19":"shipping-taxable","20":"purchasable","21":"product-type-simple"},"builder_content":"","_links":{"self":[{"href":"https:\/\/www.cotraneurope.com\/fr\/wp-json\/wp\/v2\/product\/1182","targetHints":{"allow":["GET"]}}],"collection":[{"href":"https:\/\/www.cotraneurope.com\/fr\/wp-json\/wp\/v2\/product"}],"about":[{"href":"https:\/\/www.cotraneurope.com\/fr\/wp-json\/wp\/v2\/types\/product"}],"replies":[{"embeddable":true,"href":"https:\/\/www.cotraneurope.com\/fr\/wp-json\/wp\/v2\/comments?post=1182"}],"wp:featuredmedia":[{"embeddable":true,"href":"https:\/\/www.cotraneurope.com\/fr\/wp-json\/wp\/v2\/media\/1183"}],"wp:attachment":[{"href":"https:\/\/www.cotraneurope.com\/fr\/wp-json\/wp\/v2\/media?parent=1182"}],"wp:term":[{"taxonomy":"product_brand","embeddable":true,"href":"https:\/\/www.cotraneurope.com\/fr\/wp-json\/wp\/v2\/product_brand?post=1182"},{"taxonomy":"product_cat","embeddable":true,"href":"https:\/\/www.cotraneurope.com\/fr\/wp-json\/wp\/v2\/product_cat?post=1182"},{"taxonomy":"product_tag","embeddable":true,"href":"https:\/\/www.cotraneurope.com\/fr\/wp-json\/wp\/v2\/product_tag?post=1182"}],"curies":[{"name":"wp","href":"https:\/\/api.w.org\/{rel}","templated":true}]}}