{"id":1184,"date":"2024-11-03T09:46:02","date_gmt":"2024-11-03T08:46:02","guid":{"rendered":"https:\/\/www.cotraneurope.it-up.tech\/?post_type=product&#038;p=1184"},"modified":"2025-07-04T18:09:15","modified_gmt":"2025-07-04T16:09:15","slug":"lasso-dimmobilisation-pour-porcs-petit-modele","status":"publish","type":"product","link":"https:\/\/www.cotraneurope.com\/fr\/immobilization-lassos\/lasso-dimmobilisation-pour-porcs-petit-modele\/","title":{"rendered":"Lasso d&rsquo;immobilisation pour porcs &#8211; Petit mod\u00e8le"},"content":{"rendered":"\r\n<ul class=\"wp-block-list\">\r\n<li>C\u00e2ble acier galvanis\u00e9 \u2300 5 mm<\/li>\r\n\r\n\r\n\r\n<li>Longueur du manche : 17 cm<\/li>\r\n\r\n\r\n\r\n<li>Poids : 0,53 kg<\/li>\r\n\r\n\r\n\r\n<li>Diam\u00e8tre lasso (d\u00e9ploy\u00e9) : environ 19 cm<\/li>\r\n\r\n\r\n\r\n<li>Manche en acier inoxydable<\/li>\r\n<\/ul>\r\n","protected":false},"excerpt":{"rendered":"<p>Le lasso pour porc permet\u00a0 d\u2019attraper et d\u2019immobiliser les porcs de mani\u00e8re s\u00e9curis\u00e9e pour l\u2019animal en effectuant une prise par la m\u00e2choire.\u00a0 Le n\u0153ud coulant peut \u00eatre serr\u00e9 ou desserr\u00e9 en tirant ou rel\u00e2chant la poign\u00e9e en inox. Il facilite ainsi les op\u00e9rations o\u00f9 l\u2019animal a besoin d\u2019\u00eatre immobilis\u00e9, pour lui administrer des soins par exemple.<\/p>\n","protected":false},"featured_media":1185,"comment_status":"open","ping_status":"closed","template":"","meta":[],"product_brand":[],"product_cat":[1156,1149],"product_tag":[],"class_list":{"0":"post-1184","1":"product","2":"type-product","3":"status-publish","4":"has-post-thumbnail","6":"product_cat-immobilization-lassos","7":"product_cat-handling-restraint","8":"has-post-title","9":"has-post-date","10":"has-post-category","11":"has-post-tag","12":"has-post-comment","13":"has-post-author","14":"","16":"first","17":"instock","18":"taxable","19":"shipping-taxable","20":"purchasable","21":"product-type-simple"},"builder_content":"","_links":{"self":[{"href":"https:\/\/www.cotraneurope.com\/fr\/wp-json\/wp\/v2\/product\/1184","targetHints":{"allow":["GET"]}}],"collection":[{"href":"https:\/\/www.cotraneurope.com\/fr\/wp-json\/wp\/v2\/product"}],"about":[{"href":"https:\/\/www.cotraneurope.com\/fr\/wp-json\/wp\/v2\/types\/product"}],"replies":[{"embeddable":true,"href":"https:\/\/www.cotraneurope.com\/fr\/wp-json\/wp\/v2\/comments?post=1184"}],"wp:featuredmedia":[{"embeddable":true,"href":"https:\/\/www.cotraneurope.com\/fr\/wp-json\/wp\/v2\/media\/1185"}],"wp:attachment":[{"href":"https:\/\/www.cotraneurope.com\/fr\/wp-json\/wp\/v2\/media?parent=1184"}],"wp:term":[{"taxonomy":"product_brand","embeddable":true,"href":"https:\/\/www.cotraneurope.com\/fr\/wp-json\/wp\/v2\/product_brand?post=1184"},{"taxonomy":"product_cat","embeddable":true,"href":"https:\/\/www.cotraneurope.com\/fr\/wp-json\/wp\/v2\/product_cat?post=1184"},{"taxonomy":"product_tag","embeddable":true,"href":"https:\/\/www.cotraneurope.com\/fr\/wp-json\/wp\/v2\/product_tag?post=1184"}],"curies":[{"name":"wp","href":"https:\/\/api.w.org\/{rel}","templated":true}]}}