{"id":1187,"date":"2024-11-03T09:49:04","date_gmt":"2024-11-03T08:49:04","guid":{"rendered":"https:\/\/www.cotraneurope.it-up.tech\/?post_type=product&#038;p=1187"},"modified":"2025-07-08T15:59:40","modified_gmt":"2025-07-08T13:59:40","slug":"lasso-dimmobilisation-pour-porcs-grand-modele","status":"publish","type":"product","link":"https:\/\/www.cotraneurope.com\/fr\/immobilization-lassos\/lasso-dimmobilisation-pour-porcs-grand-modele\/","title":{"rendered":"Lasso d\u2019immobilisation pour porcs \u2013 Grand mod\u00e8le"},"content":{"rendered":"\r\n<ul class=\"wp-block-list\">\r\n<li>Autobloquant<\/li>\r\n\r\n\r\n\r\n<li>C\u00e2ble acier galvanis\u00e9 \u2300 5 mm<\/li>\r\n\r\n\r\n\r\n<li>Longueur du manche : 69 cm<\/li>\r\n\r\n\r\n\r\n<li>Poids : 1,3 kg<\/li>\r\n\r\n\r\n\r\n<li>Diam\u00e8tre lasso (d\u00e9ploy\u00e9) : env. 19 cm<\/li>\r\n\r\n\r\n\r\n<li>Manche en acier inoxydable<\/li>\r\n<\/ul>\r\n","protected":false},"excerpt":{"rendered":"<p>Le lasso d\u2019immobilisation pour porc grand mod\u00e8le permet d\u2019attraper les porcs \u00e0 la m\u00e2choire derri\u00e8re les canines. Sa longueur sup\u00e9rieure, permet une meilleure maniabilit\u00e9 et une plus grande r\u00e9ussite du fait de la port\u00e9e allong\u00e9e. Il permet d\u2019attraper et d\u2019immobiliser les porcs de mani\u00e8re s\u00e9curis\u00e9e pour l\u2019animal en effectuant une prise par la m\u00e2choire.\u00a0 Il dispose d\u2019un m\u00e9canisme autobloquant, qui resserre l\u2019\u00e9tau form\u00e9 par le n\u0153ud coulant quand l\u2019animal essaie de se lib\u00e9rer. Il est n\u00e9anmoins totalement s\u00e9curis\u00e9 pour l\u2019animal et permet de l\u2019attraper ou l\u2019immobiliser pour lui administrer des soins par exemple.<\/p>\n","protected":false},"featured_media":1186,"comment_status":"open","ping_status":"closed","template":"","meta":[],"product_brand":[],"product_cat":[1156,1149],"product_tag":[],"class_list":{"0":"post-1187","1":"product","2":"type-product","3":"status-publish","4":"has-post-thumbnail","6":"product_cat-immobilization-lassos","7":"product_cat-handling-restraint","8":"has-post-title","9":"has-post-date","10":"has-post-category","11":"has-post-tag","12":"has-post-comment","13":"has-post-author","14":"","16":"first","17":"instock","18":"taxable","19":"shipping-taxable","20":"purchasable","21":"product-type-simple"},"builder_content":"","_links":{"self":[{"href":"https:\/\/www.cotraneurope.com\/fr\/wp-json\/wp\/v2\/product\/1187","targetHints":{"allow":["GET"]}}],"collection":[{"href":"https:\/\/www.cotraneurope.com\/fr\/wp-json\/wp\/v2\/product"}],"about":[{"href":"https:\/\/www.cotraneurope.com\/fr\/wp-json\/wp\/v2\/types\/product"}],"replies":[{"embeddable":true,"href":"https:\/\/www.cotraneurope.com\/fr\/wp-json\/wp\/v2\/comments?post=1187"}],"wp:featuredmedia":[{"embeddable":true,"href":"https:\/\/www.cotraneurope.com\/fr\/wp-json\/wp\/v2\/media\/1186"}],"wp:attachment":[{"href":"https:\/\/www.cotraneurope.com\/fr\/wp-json\/wp\/v2\/media?parent=1187"}],"wp:term":[{"taxonomy":"product_brand","embeddable":true,"href":"https:\/\/www.cotraneurope.com\/fr\/wp-json\/wp\/v2\/product_brand?post=1187"},{"taxonomy":"product_cat","embeddable":true,"href":"https:\/\/www.cotraneurope.com\/fr\/wp-json\/wp\/v2\/product_cat?post=1187"},{"taxonomy":"product_tag","embeddable":true,"href":"https:\/\/www.cotraneurope.com\/fr\/wp-json\/wp\/v2\/product_tag?post=1187"}],"curies":[{"name":"wp","href":"https:\/\/api.w.org\/{rel}","templated":true}]}}