{"id":1188,"date":"2025-07-30T10:15:16","date_gmt":"2025-07-30T08:15:16","guid":{"rendered":"https:\/\/www.cotraneurope.it-up.tech\/?post_type=product&#038;p=1188"},"modified":"2026-04-12T21:08:36","modified_gmt":"2026-04-12T19:08:36","slug":"cage-de-pesee-mobile-pour-petits-animaux","status":"publish","type":"product","link":"https:\/\/www.cotraneurope.com\/fr\/pesage\/cages-pesage\/cage-de-pesee-mobile-pour-petits-animaux\/","title":{"rendered":"Cage de pes\u00e9e mobile pour petits animaux"},"content":{"rendered":"\r\n<p>La balance est livr\u00e9e toute \u00e9quip\u00e9e\u00a0:<\/p>\r\n\r\n\r\n\r\n<ul class=\"wp-block-list\">\r\n<li>Cage de pesage en acier galvanis\u00e9 et aluminium<\/li>\r\n\r\n\r\n\r\n<li>Double porte avec levier d\u2019ouverture \u00e0 distance<\/li>\r\n\r\n\r\n\r\n<li>Indicateur de pes\u00e9e mont\u00e9 sur un support pivotant et r\u00e9tractable<\/li>\r\n\r\n\r\n\r\n<li>Indicateur de pes\u00e9e \u00e9tanche \u00e0 la poussi\u00e8re et \u00e0 l\u2019eau (IP67)<\/li>\r\n\r\n\r\n\r\n<li>Alimentation secteur ou par 2 piles 1,5V AA<\/li>\r\n\r\n\r\n\r\n<li>Affichage r\u00e9tro-\u00e9clair\u00e9 \u00e0 6 chiffres de 25 mm de hauteur<\/li>\r\n\r\n\r\n\r\n<li>Cellules de pes\u00e9e \u00e9tanches \u00e0 la poussi\u00e8re et \u00e0 l\u2019eau (IP68)<\/li>\r\n\r\n\r\n\r\n<li>Mode de pesage automatique d\u2019animaux vivants avec param\u00e8tres r\u00e9glables<\/li>\r\n\r\n\r\n\r\n<li>Capacit\u00e9 nominale de 2000 kgs<\/li>\r\n\r\n\r\n\r\n<li>Pr\u00e9cision +\/- 0,02%<\/li>\r\n\r\n\r\n\r\n<li>Temp\u00e9rature de fonctionnement -35 \u00e0 +65\u00b0C<\/li>\r\n\r\n\r\n\r\n<li>Dimensions ext\u00e9rieures\u00a0: 158 x 54 x 102 cm (LxlxH)<\/li>\r\n\r\n\r\n\r\n<li>Dimensions int\u00e9rieures\u00a0: 150 x 48 x 85 cm (LxlxH)<\/li>\r\n\r\n\r\n\r\n<li>Poids total\u00a0: 69 Kgs<\/li>\r\n\r\n\r\n\r\n<li>Livr\u00e9e dans 3 colis \u00e0 monter soi-m\u00eame (environ 1h de montage)<\/li>\r\n<\/ul>\r\n","protected":false},"excerpt":{"rendered":"<p>La cage de pes\u00e9e mobile est un dispositif complet qui vous permettra peser facilement vos animaux dans presque tous les environnements.<br \/>La balance est con\u00e7ue pour le pesage des veaux, moutons, agneaux et porcs jusqu\u2019\u00e0 300 kgs. Facile \u00e0 transporter, elle est \u00e9quip\u00e9e de 3 roues permettant de la d\u00e9placer facilement et est suffisamment \u00e9troite (54 cm) pour \u00eatre manipul\u00e9e dans les couloirs des b\u00e2timents d\u2019\u00e9levage.<br \/>Elle dispose d\u2019une classification d\u2019\u00e9tanch\u00e9it\u00e9 IP67 qui vous permettra de r\u00e9aliser vos op\u00e9rations de pesage des animaux aussi bien \u00e0 l\u2019int\u00e9rieur qu\u2019\u00e0 l\u2019ext\u00e9rieur. Le syst\u00e8me de pes\u00e9e poss\u00e8de une auto compensation lui permettant d\u2019\u00eatre utilis\u00e9e sur un sol in\u00e9gal comme une route ou un chemin d\u2019acc\u00e8s aux prairies.<br \/>Les portes peuvent \u00eatre mont\u00e9es selon les besoins avec ouverture vers la gauche ou vers la droite. La porte de sortie est actionnable \u00e0 distance gr\u00e2ce \u00e0 un levier.<br \/>Elle est livr\u00e9e tout \u00e9quip\u00e9e\u00a0: cage de pes\u00e9e avec son indicateur de pes\u00e9e \u00e9tanche alimentable sur secteur ou avec 2 piles AA 1,5 V.<\/p>\n","protected":false},"featured_media":1189,"comment_status":"open","ping_status":"closed","template":"","meta":[],"product_brand":[2314],"product_cat":[282,280],"product_tag":[],"class_list":{"0":"post-1188","1":"product","2":"type-product","3":"status-publish","4":"has-post-thumbnail","6":"product_brand-cotran","7":"product_cat-cages-pesage","8":"product_cat-pesage","9":"has-post-title","10":"has-post-date","11":"has-post-category","12":"has-post-tag","13":"has-post-comment","14":"has-post-author","15":"","17":"first","18":"instock","19":"taxable","20":"shipping-taxable","21":"purchasable","22":"product-type-simple"},"builder_content":"","_links":{"self":[{"href":"https:\/\/www.cotraneurope.com\/fr\/wp-json\/wp\/v2\/product\/1188","targetHints":{"allow":["GET"]}}],"collection":[{"href":"https:\/\/www.cotraneurope.com\/fr\/wp-json\/wp\/v2\/product"}],"about":[{"href":"https:\/\/www.cotraneurope.com\/fr\/wp-json\/wp\/v2\/types\/product"}],"replies":[{"embeddable":true,"href":"https:\/\/www.cotraneurope.com\/fr\/wp-json\/wp\/v2\/comments?post=1188"}],"wp:featuredmedia":[{"embeddable":true,"href":"https:\/\/www.cotraneurope.com\/fr\/wp-json\/wp\/v2\/media\/1189"}],"wp:attachment":[{"href":"https:\/\/www.cotraneurope.com\/fr\/wp-json\/wp\/v2\/media?parent=1188"}],"wp:term":[{"taxonomy":"product_brand","embeddable":true,"href":"https:\/\/www.cotraneurope.com\/fr\/wp-json\/wp\/v2\/product_brand?post=1188"},{"taxonomy":"product_cat","embeddable":true,"href":"https:\/\/www.cotraneurope.com\/fr\/wp-json\/wp\/v2\/product_cat?post=1188"},{"taxonomy":"product_tag","embeddable":true,"href":"https:\/\/www.cotraneurope.com\/fr\/wp-json\/wp\/v2\/product_tag?post=1188"}],"curies":[{"name":"wp","href":"https:\/\/api.w.org\/{rel}","templated":true}]}}