{"id":1191,"date":"2025-07-02T16:41:41","date_gmt":"2025-07-02T14:41:41","guid":{"rendered":"https:\/\/www.cotraneurope.it-up.tech\/?post_type=product&#038;p=1191"},"modified":"2026-04-12T20:57:41","modified_gmt":"2026-04-12T18:57:41","slug":"kit-de-pesage-a-assembler","status":"publish","type":"product","link":"https:\/\/www.cotraneurope.com\/fr\/pesage\/kit-pesage\/kit-de-pesage-a-assembler\/","title":{"rendered":"Kit de pesage \u00e0 assembler"},"content":{"rendered":"\r\n<p>Les pesons disposent d\u2019emplacements de fixation standard leur permettant d\u2019\u00eatre install\u00e9s sous les pieds d\u2019un nombre tr\u00e8s vari\u00e9 d\u2019installations. Une fois les pieds arrim\u00e9s et la tare r\u00e9alis\u00e9e sur votre installation \u00e0 vide, vous pourrez consulter \u00e0 la demande le poids contenu dans votre cuve, silo ou m\u00e9langeur.<br \/>Les kits sont propos\u00e9s en diff\u00e9rentes capacit\u00e9s de pesage, et sont con\u00e7us pour supporter un poids jusqu\u2019\u00e0 8 tonnes.<br \/>Le kit est \u00e9galement compatible avec toute autre support de pesage tel que plateforme, cadre acier etc.<\/p>\r\n<p>Inclus dans le kit :<\/p>\r\n\r\n\r\n\r\n<ul class=\"wp-block-list\">\r\n<li>3 ou 4 cellules de pes\u00e9e d\u2019une capacit\u00e9 de 1 ou 2 tonnes chacune<\/li>\r\n\r\n\r\n\r\n<li>Boitier de jonction \u00e9tanche<\/li>\r\n\r\n\r\n\r\n<li>3 m\u00e8tres de c\u00e2ble \u00e9tanche par cellule<\/li>\r\n\r\n\r\n\r\n<li>6 m\u00e8tres de c\u00e2ble \u00e9tanche pour relier le boitier de jonction \u00e0 l\u2019indicateur de pes\u00e9e<\/li>\r\n<\/ul>\r\n\r\n\r\n\r\n<p>Sp\u00e9cifications\u00a0des cellules de pes\u00e9e :<\/p>\r\n\r\n\r\n\r\n<ul class=\"wp-block-list\">\r\n<li>3 ou 4 cellules de pes\u00e9e de 1 ou 2 tonnes chacune<\/li>\r\n\r\n\r\n\r\n<li>Capacit\u00e9 totale de 3000 \u00e0 8000 kgs (selon le kit)<\/li>\r\n\r\n\r\n\r\n<li>Pr\u00e9cision\u00a0: +\/- 0,1 %<\/li>\r\n\r\n\r\n\r\n<li>Cellules r\u00e9sistantes \u00e0 la poussi\u00e8re et \u00e0 l\u2019eau (IP68)<\/li>\r\n\r\n\r\n\r\n<li>Toutes les pi\u00e8ces ext\u00e9rieures en acier inoxydable<\/li>\r\n\r\n\r\n\r\n<li>Boitier de jonction \u00e9quip\u00e9 de potentiom\u00e8tres pour correction des coins<\/li>\r\n\r\n\r\n\r\n<li>Raccords avec prises \u00e9tanches<\/li>\r\n<\/ul>\r\n\r\n\r\n\r\n<p>Sp\u00e9cifications de l\u2019indicateur de pes\u00e9e\u00a0:<\/p>\r\n\r\n\r\n\r\n<ul class=\"wp-block-list\">\r\n<li>\u00c9tanche \u00e0 l\u2019eau et \u00e0 la poussi\u00e8re (IP67)<\/li>\r\n\r\n\r\n\r\n<li>Chassis en inox<\/li>\r\n\r\n\r\n\r\n<li>Affichage r\u00e9tro-\u00e9clair\u00e9 \u00e0 6 chiffres. Hauteur des chiffres\u00a0: 25 mm<\/li>\r\n\r\n\r\n\r\n<li>R\u00e9solution de 0,5 kgs<\/li>\r\n\r\n\r\n\r\n<li>Fonctions\u00a0: Stabilisation 0, pes\u00e9e d\u2019animaux vivants, somme, tare automatique ou manuelle<\/li>\r\n\r\n\r\n\r\n<li>Alimentation secteur 230 V ou avec 2 piles AA de 1,5V<\/li>\r\n<\/ul>\r\n","protected":false},"excerpt":{"rendered":"<p>Le kit de pes\u00e9e est constitu\u00e9 de 3 \u00e0 4 pesons reli\u00e9es par un c\u00e2ble \u00e9tanche jusqu\u2019\u00e0 l\u2019indicateur de pes\u00e9e (fourni avec le kit).<br \/>Le kit est pr\u00eat \u00e0 l\u2019emploi.\u00a0<\/p>\n","protected":false},"featured_media":1192,"comment_status":"open","ping_status":"closed","template":"","meta":[],"product_brand":[294],"product_cat":[284,280],"product_tag":[],"class_list":{"0":"post-1191","1":"product","2":"type-product","3":"status-publish","4":"has-post-thumbnail","6":"product_brand-sharpshock","7":"product_cat-kit-pesage","8":"product_cat-pesage","9":"has-post-title","10":"has-post-date","11":"has-post-category","12":"has-post-tag","13":"has-post-comment","14":"has-post-author","15":"","17":"first","18":"instock","19":"taxable","20":"shipping-taxable","21":"purchasable","22":"product-type-variable"},"builder_content":"","_links":{"self":[{"href":"https:\/\/www.cotraneurope.com\/fr\/wp-json\/wp\/v2\/product\/1191","targetHints":{"allow":["GET"]}}],"collection":[{"href":"https:\/\/www.cotraneurope.com\/fr\/wp-json\/wp\/v2\/product"}],"about":[{"href":"https:\/\/www.cotraneurope.com\/fr\/wp-json\/wp\/v2\/types\/product"}],"replies":[{"embeddable":true,"href":"https:\/\/www.cotraneurope.com\/fr\/wp-json\/wp\/v2\/comments?post=1191"}],"wp:featuredmedia":[{"embeddable":true,"href":"https:\/\/www.cotraneurope.com\/fr\/wp-json\/wp\/v2\/media\/1192"}],"wp:attachment":[{"href":"https:\/\/www.cotraneurope.com\/fr\/wp-json\/wp\/v2\/media?parent=1191"}],"wp:term":[{"taxonomy":"product_brand","embeddable":true,"href":"https:\/\/www.cotraneurope.com\/fr\/wp-json\/wp\/v2\/product_brand?post=1191"},{"taxonomy":"product_cat","embeddable":true,"href":"https:\/\/www.cotraneurope.com\/fr\/wp-json\/wp\/v2\/product_cat?post=1191"},{"taxonomy":"product_tag","embeddable":true,"href":"https:\/\/www.cotraneurope.com\/fr\/wp-json\/wp\/v2\/product_tag?post=1191"}],"curies":[{"name":"wp","href":"https:\/\/api.w.org\/{rel}","templated":true}]}}