{"id":1529,"date":"2025-07-02T16:27:06","date_gmt":"2025-07-02T14:27:06","guid":{"rendered":"https:\/\/xenodochial-taussig.212-227-206-74.plesk.page\/?post_type=product&#038;p=1529"},"modified":"2026-04-12T20:57:50","modified_gmt":"2026-04-12T18:57:50","slug":"pied-pour-indicateur-de-pesee","status":"publish","type":"product","link":"https:\/\/www.cotraneurope.com\/fr\/pesage\/kit-pesage\/pied-pour-indicateur-de-pesee\/","title":{"rendered":"Pied pour indicateur de pes\u00e9e"},"content":{"rendered":"<p>Inclus dans le kit :<br \/>\n&#8211; Tube en acier galvanis\u00e9 en 2 parties \u00e0 assembler<br \/>\n&#8211; Plaque tr\u00e9pied<br \/>\n&#8211; Vis<br \/>\nSp\u00e9cifications des cellules de pes\u00e9e :<br \/>\n&#8211; Diam\u00e8tre plaque tr\u00e9pied : 44 cm<br \/>\n&#8211; Hauteur totale du pied une fois montr\u00e9 : 94 cm (sans affichage)<br \/>\n&#8211; Poids : 4,6 kgs<\/p>\n","protected":false},"excerpt":{"rendered":"<p>Le pied pour indicateur de pes\u00e9e est disponible en accessoire et permet d\u2019installer l\u2019indicateur de pes\u00e9e \u00e0 une hauteur d\u2019un m\u00e8tre environ.<\/p>\n<p>Il est fix\u00e9 sur un support tr\u00e9pied stable.<\/p>\n<p>Fabrication en acier galvanis\u00e9. Tube \u00e0 assembler en 2 paries. Livr\u00e9 en kit \u00e0 monter.<\/p>\n","protected":false},"featured_media":1530,"comment_status":"closed","ping_status":"closed","template":"","meta":[],"product_brand":[2314],"product_cat":[284,280,286],"product_tag":[],"class_list":{"0":"post-1529","1":"product","2":"type-product","3":"status-publish","4":"has-post-thumbnail","6":"product_brand-cotran","7":"product_cat-kit-pesage","8":"product_cat-pesage","9":"product_cat-pleteformes-pesage","10":"has-post-title","11":"has-post-date","12":"has-post-category","13":"has-post-tag","14":"has-post-comment","15":"has-post-author","16":"","18":"first","19":"instock","20":"taxable","21":"shipping-taxable","22":"purchasable","23":"product-type-simple"},"builder_content":"","_links":{"self":[{"href":"https:\/\/www.cotraneurope.com\/fr\/wp-json\/wp\/v2\/product\/1529","targetHints":{"allow":["GET"]}}],"collection":[{"href":"https:\/\/www.cotraneurope.com\/fr\/wp-json\/wp\/v2\/product"}],"about":[{"href":"https:\/\/www.cotraneurope.com\/fr\/wp-json\/wp\/v2\/types\/product"}],"replies":[{"embeddable":true,"href":"https:\/\/www.cotraneurope.com\/fr\/wp-json\/wp\/v2\/comments?post=1529"}],"wp:featuredmedia":[{"embeddable":true,"href":"https:\/\/www.cotraneurope.com\/fr\/wp-json\/wp\/v2\/media\/1530"}],"wp:attachment":[{"href":"https:\/\/www.cotraneurope.com\/fr\/wp-json\/wp\/v2\/media?parent=1529"}],"wp:term":[{"taxonomy":"product_brand","embeddable":true,"href":"https:\/\/www.cotraneurope.com\/fr\/wp-json\/wp\/v2\/product_brand?post=1529"},{"taxonomy":"product_cat","embeddable":true,"href":"https:\/\/www.cotraneurope.com\/fr\/wp-json\/wp\/v2\/product_cat?post=1529"},{"taxonomy":"product_tag","embeddable":true,"href":"https:\/\/www.cotraneurope.com\/fr\/wp-json\/wp\/v2\/product_tag?post=1529"}],"curies":[{"name":"wp","href":"https:\/\/api.w.org\/{rel}","templated":true}]}}