{"id":1531,"date":"2025-07-02T16:23:05","date_gmt":"2025-07-02T14:23:05","guid":{"rendered":"https:\/\/xenodochial-taussig.212-227-206-74.plesk.page\/?post_type=product&#038;p=1531"},"modified":"2026-04-12T20:57:56","modified_gmt":"2026-04-12T18:57:56","slug":"indicateur-de-pesee","status":"publish","type":"product","link":"https:\/\/www.cotraneurope.com\/fr\/pesage\/kit-pesage\/indicateur-de-pesee\/","title":{"rendered":"Indicateur de pes\u00e9e"},"content":{"rendered":"<p>Inclus dans le kit :<br \/>\n&#8211; 1 indicateur de pes\u00e9e<br \/>\n&#8211; 1 support pour montage mural ou sur table<br \/>\n&#8211; 1 adaptateur pour montage sur pied<br \/>\n&#8211; 1 C\u00e2ble de raccordement de 0,3 m pour le signal de pes\u00e9e avec fiche \u00e9tanche<br \/>\n&#8211; 1 C\u00e2ble d&rsquo;alimentation de 1 m\u00e8tre<br \/>\n&#8211; Manuel d&rsquo;utilisation<\/p>\n<p>Sp\u00e9cifications :<br \/>\n&#8211; Bo\u00eetier et support de montage en acier inoxydable<br \/>\n&#8211; \u00c9tanche \u00e0 la poussi\u00e8re et \u00e0 l&rsquo;eau selon la classe de protection IP67<br \/>\n&#8211; \u00c9cran LCD r\u00e9tro\u00e9clair\u00e9 \u00e0 6 chiffres avec des chiffres de 25 mm de hauteur<br \/>\n&#8211; Plage de pes\u00e9e jusqu&rsquo;\u00e0 999 999 kg<br \/>\n&#8211; R\u00e9solution r\u00e9glable de 0,001 \u00e0 50 kg<br \/>\n&#8211; Jusqu&rsquo;\u00e0 6 cellules de pes\u00e9e peuvent \u00eatre connect\u00e9es<br \/>\n&#8211; Mise \u00e0 z\u00e9ro automatique en option \u00e0 la mise sous tension<br \/>\n&#8211; Mise \u00e0 z\u00e9ro automatique manuelle<br \/>\n&#8211; Stabilisation du point z\u00e9ro<br \/>\n&#8211; Fonction somme<br \/>\n&#8211; Mode de pes\u00e9e des animaux avec param\u00e8tres r\u00e9glables<br \/>\n&#8211; Mode \u00e9conomie d&rsquo;\u00e9nergie<br \/>\n&#8211; Transfert de donn\u00e9es via l&rsquo;interface RS-232 pour grand indicateur ou PC<br \/>\n&#8211; Alimentation optionnelle sur piles : 2 x 1,5 V AA<br \/>\n&#8211; Couvercle des piles accessible de l&rsquo;ext\u00e9rieur<br \/>\n&#8211; Dimensions avec support de montage 258x178x58 mm (LxHxP)<\/p>\n","protected":false},"excerpt":{"rendered":"<p>L\u2019indicateur de pes\u00e9e est un dispositif de restitution de pesage \u00e9lectronique de haute qualit\u00e9, qui peut \u00eatre mont\u00e9 au mur, une table ou sur pied.<br \/>\nIl est entour\u00e9 d\u2019une coque en acier inoxydable et est \u00e9tanche \u00e0 l\u2019eau et la poussi\u00e8re (\u00e0 la norme IP67).<br \/>\nIl dispose d\u2019une prise \u00e9tanche qui permet de le raccorder \u00e0 notre gamme de balances jusqu\u2019\u00e0 plusieurs tonnes de capacit\u00e9.<br \/>\nTr\u00e8s pratique, il dispose d\u2019une double source d\u2019alimentation, sur secteur ou gr\u00e2ce \u00e0 2 piles 1,5 V AA, ce qui peut rendre mobile n\u2019importe quel dispositif de pesage.<br \/>\nAttention, si vous achetez l\u2019indicateur s\u00e9par\u00e9ment, il doit \u00eatre calibr\u00e9 pr\u00e9alablement en usine avec les \u00e9quipements de pes\u00e9es dont vous \u00eates \u00e9quip\u00e9.<\/p>\n","protected":false},"featured_media":1532,"comment_status":"closed","ping_status":"closed","template":"","meta":[],"product_brand":[2314],"product_cat":[284,280,286],"product_tag":[],"class_list":{"0":"post-1531","1":"product","2":"type-product","3":"status-publish","4":"has-post-thumbnail","6":"product_brand-cotran","7":"product_cat-kit-pesage","8":"product_cat-pesage","9":"product_cat-pleteformes-pesage","10":"has-post-title","11":"has-post-date","12":"has-post-category","13":"has-post-tag","14":"has-post-comment","15":"has-post-author","16":"","18":"first","19":"instock","20":"taxable","21":"shipping-taxable","22":"purchasable","23":"product-type-simple"},"builder_content":"","_links":{"self":[{"href":"https:\/\/www.cotraneurope.com\/fr\/wp-json\/wp\/v2\/product\/1531","targetHints":{"allow":["GET"]}}],"collection":[{"href":"https:\/\/www.cotraneurope.com\/fr\/wp-json\/wp\/v2\/product"}],"about":[{"href":"https:\/\/www.cotraneurope.com\/fr\/wp-json\/wp\/v2\/types\/product"}],"replies":[{"embeddable":true,"href":"https:\/\/www.cotraneurope.com\/fr\/wp-json\/wp\/v2\/comments?post=1531"}],"wp:featuredmedia":[{"embeddable":true,"href":"https:\/\/www.cotraneurope.com\/fr\/wp-json\/wp\/v2\/media\/1532"}],"wp:attachment":[{"href":"https:\/\/www.cotraneurope.com\/fr\/wp-json\/wp\/v2\/media?parent=1531"}],"wp:term":[{"taxonomy":"product_brand","embeddable":true,"href":"https:\/\/www.cotraneurope.com\/fr\/wp-json\/wp\/v2\/product_brand?post=1531"},{"taxonomy":"product_cat","embeddable":true,"href":"https:\/\/www.cotraneurope.com\/fr\/wp-json\/wp\/v2\/product_cat?post=1531"},{"taxonomy":"product_tag","embeddable":true,"href":"https:\/\/www.cotraneurope.com\/fr\/wp-json\/wp\/v2\/product_tag?post=1531"}],"curies":[{"name":"wp","href":"https:\/\/api.w.org\/{rel}","templated":true}]}}