{"id":1533,"date":"2025-07-04T15:01:37","date_gmt":"2025-07-04T13:01:37","guid":{"rendered":"https:\/\/xenodochial-taussig.212-227-206-74.plesk.page\/?post_type=product&#038;p=1533"},"modified":"2026-04-13T08:14:23","modified_gmt":"2026-04-13T06:14:23","slug":"ecorneur-a-gaz-portasol-iii","status":"publish","type":"product","link":"https:\/\/www.cotraneurope.com\/fr\/hygiene-soins\/ecornage\/ecorneur-a-gaz-portasol-iii\/","title":{"rendered":"\u00c9corneur \u00e0 gaz PORTASOL III"},"content":{"rendered":"<p>L\u2019\u00e9corneur PORTASOL III est id\u00e9al pour l\u2019\u00e9cornage des veaux de 3 \u00e0 8 semaines (embout de 15 et 18,5 mm) ainsi que pour les chevreaux (embout de 12,5 mm). Sa mont\u00e9e en chauffe est efficace gr\u00e2ce \u00e0 son syst\u00e8me d\u2019injection performant. Il atteindra rapidement une temp\u00e9rature de 650\u00b0C qui garantit une bonne op\u00e9ration de caut\u00e9risation autour du cornillon. La puissance de chauffe est n\u00e9anmoins ajustable si n\u00e9cessaire.<br \/>\nAvec sa taille compacte et son poids de seulement 330 grammes, il est confortable \u00e0 manier. C\u2019est \u00e9galement un appareil tr\u00e8s \u00e9conomique \u00e0 l\u2019usage. Gr\u00e2ce \u00e0 son r\u00e9servoir int\u00e9gr\u00e9, il ne n\u00e9cessite pas l\u2019achat de cartouches \u00e0 usage unique co\u00fbteuses. Le r\u00e9servoir se recharge gr\u00e2ce \u00e0 du gaz butane type gaz \u00e0 briquet. Une bouteille de gaz de 300 ml au co\u00fbt modique, vous permettra de r\u00e9aliser une quinzaine de recharge. Et chaque recharge procurera \u00e0 l\u2019\u00e9corneur environ 45 minutes d\u2019autonomie.<br \/>\nPour l\u2019op\u00e9ration d\u2019\u00e9cornage, il est recommand\u00e9 d\u2019utiliser une cage de contention sp\u00e9cifique ou d\u2019immobiliser efficacement l\u2019animal par un autre moyen. Il est \u00e9galement recommand\u00e9 d\u2019an\u00e9sth\u00e9sier localement l\u2019animal et de d\u00e9sinfecter et refroidir la plaie apr\u00e8s l\u2019op\u00e9ration.<br \/>\nUne fois l\u2019appareil pr\u00e9chauff\u00e9, nous recommandons une application d\u2019environ 7 secondes avec une rotation de 45\u00b0 dans les 2 sens afin de garantir une bonne caut\u00e9risation des vaisseaux autour du cornillon. La cercle doit \u00eatre parfaitement ferm\u00e9 pour garantir un bon \u00e9cornage.<br \/>\nPlusieurs kits sont disponibles selon le ou les embouts n\u00e9cessaires ainsi qu\u2019un kit de r\u00e9paration de l\u2019injecteur en option.<br \/>\nCaract\u00e9ristiques :<br \/>\n&#8211; 45 minutes d&rsquo;autonomie<br \/>\n&#8211; Poids plume de 330 grammes<br \/>\n&#8211; Temp\u00e9rature de fonctionnement : 650\u00b0C<br \/>\n&#8211; D\u00e9lai de mont\u00e9e en chauffe jusqu&rsquo;\u00e0 temp\u00e9rature d&rsquo;utilisation : 30 &#8211; 40 secondes<br \/>\n&#8211; Syst\u00e8me d&rsquo;allumage c\u00e9ramique de derni\u00e8re g\u00e9n\u00e9ration<br \/>\n&#8211; Double syst\u00e8me d&rsquo;allumage : Piezo ou manuel<br \/>\n&#8211; Construction acier inoxydable<br \/>\n&#8211; \u00c9conomique : r\u00e9servoir int\u00e9gr\u00e9 (\u00e0 recharger avec du gaz \u00e0 briquet). 300 ml de gaz = environ 15 recharges<br \/>\n&#8211; Nous recommandons un gaz de bonne qualit\u00e9 sans impuret\u00e9s pour \u00e9viter un colmatage du syst\u00e8me d\u2019injection<\/p>\n","protected":false},"excerpt":{"rendered":"<p>L\u2019\u00e9corneur \u00e0 gaz PORTASOL III est un appareil l\u00e9ger (330 grammes) d\u00e9di\u00e9 \u00e0 l\u2019\u00e9cornage des jeunes veaux et chevreaux (gr\u00e2ce \u00e0 l\u2019embout ad\u00e9quat).<br \/>\nIl dispose d\u2019un r\u00e9servoir de gaz int\u00e9gr\u00e9 rechargeable  \u00e0 l\u2019aide de gaz butane type gaz \u00e0 briquet.<br \/>\nCe mode de fonctionnement rend l\u2019\u00e9corneur particuli\u00e8rement \u00e9conomique \u00e0 l\u2019usage.<br \/>\nUne bouteille de gaz de 300 ml permettra de faire une quinzaine de recharges donnant chacune environ 45 minutes d\u2019autonomie.<br \/>\nIl dispose d\u2019un double syst\u00e8me d\u2019allumage : pi\u00e9zo-\u00e9lectrique ou allumage manuel. Divers kits sont disponibles selon les usages.<\/p>\n","protected":false},"featured_media":1542,"comment_status":"closed","ping_status":"closed","template":"","meta":[],"product_brand":[1655],"product_cat":[278,270],"product_tag":[],"class_list":{"0":"post-1533","1":"product","2":"type-product","3":"status-publish","4":"has-post-thumbnail","6":"product_brand-portasol","7":"product_cat-ecornage","8":"product_cat-hygiene-soins","9":"has-post-title","10":"has-post-date","11":"has-post-category","12":"has-post-tag","13":"has-post-comment","14":"has-post-author","15":"","17":"first","18":"instock","19":"taxable","20":"shipping-taxable","21":"purchasable","22":"product-type-variable"},"builder_content":"","_links":{"self":[{"href":"https:\/\/www.cotraneurope.com\/fr\/wp-json\/wp\/v2\/product\/1533","targetHints":{"allow":["GET"]}}],"collection":[{"href":"https:\/\/www.cotraneurope.com\/fr\/wp-json\/wp\/v2\/product"}],"about":[{"href":"https:\/\/www.cotraneurope.com\/fr\/wp-json\/wp\/v2\/types\/product"}],"replies":[{"embeddable":true,"href":"https:\/\/www.cotraneurope.com\/fr\/wp-json\/wp\/v2\/comments?post=1533"}],"wp:featuredmedia":[{"embeddable":true,"href":"https:\/\/www.cotraneurope.com\/fr\/wp-json\/wp\/v2\/media\/1542"}],"wp:attachment":[{"href":"https:\/\/www.cotraneurope.com\/fr\/wp-json\/wp\/v2\/media?parent=1533"}],"wp:term":[{"taxonomy":"product_brand","embeddable":true,"href":"https:\/\/www.cotraneurope.com\/fr\/wp-json\/wp\/v2\/product_brand?post=1533"},{"taxonomy":"product_cat","embeddable":true,"href":"https:\/\/www.cotraneurope.com\/fr\/wp-json\/wp\/v2\/product_cat?post=1533"},{"taxonomy":"product_tag","embeddable":true,"href":"https:\/\/www.cotraneurope.com\/fr\/wp-json\/wp\/v2\/product_tag?post=1533"}],"curies":[{"name":"wp","href":"https:\/\/api.w.org\/{rel}","templated":true}]}}