{"id":1546,"date":"2025-07-02T11:42:25","date_gmt":"2025-07-02T09:42:25","guid":{"rendered":"https:\/\/xenodochial-taussig.212-227-206-74.plesk.page\/?post_type=product&#038;p=1546"},"modified":"2026-04-13T08:17:46","modified_gmt":"2026-04-13T06:17:46","slug":"coupe-queue-a-gaz","status":"publish","type":"product","link":"https:\/\/www.cotraneurope.com\/fr\/hygiene-soins\/reduction-queue\/coupe-queue-a-gaz\/","title":{"rendered":"Coupe-queue \u00e0 Gaz"},"content":{"rendered":"<p>Nous recommandons d\u2019utiliser un gaz butane de qualit\u00e9 sup\u00e9rieure, hautement raffin\u00e9, pour \u00e9viter le ph\u00e9nom\u00e8ne d\u2019obstruction du br\u00fbleur.<br \/>\nLa temp\u00e9rature id\u00e9ale de fonctionnement du coupe-queue STERICUT est \u00e0 une temp\u00e9rature ambiante sup\u00e9rieure \u00e0 12\u00b0C.<br \/>\nEn de\u00e7\u00e0, l\u2019appareil peut pr\u00e9senter des probl\u00e8mes de combustion et donc de moindre efficacit\u00e9. Si la temp\u00e9rature de travail est inf\u00e9rieure, conserver le gaz et effectuer le remplissage du gaz dans une pi\u00e8ce chauff\u00e9e.<br \/>\nToujours replacer le capuchon plastique de protection de la valve de remplissage apr\u00e8s remplissage. Que cela soit pour le stockage ou pendant l\u2019utilisation de l\u2019appareil<br \/>\nNe remplir le r\u00e9servoir que si la valve est parfaitement propre. Les poussi\u00e8res pr\u00e9sentes autour de la valve risquent d\u2019\u00eatre propuls\u00e9es pendant le remplissage et boucher l\u2019appareil. Pour nettoyer la valve et chasser la poussi\u00e8re, utiliser une bombe d\u2019air comprim\u00e9.<br \/>\nImm\u00e9diatement apr\u00e8s utilisation, positionner l\u2019appareil dans une boite en m\u00e9tal non inflammable. Le processus de refroidissement a tendance \u00e0 aspirer les poussi\u00e8res ambiantes.<br \/>\nNe pas utiliser de brosse pour nettoyer le catalyseur du br\u00fbleur. Celui-ci se nettoie avec la combustion. Si le br\u00fbleur ne fonctionne plus correctement, le remplacer par un br\u00fbleur neuf. <\/p>\n<p>Sp\u00e9cifications :<br \/>\n&#8211; Temp\u00e9rature de chauffe du coupe-queue : 450\u00b0C<br \/>\n&#8211; D\u00e9lai de mont\u00e9e \u00e0 la temp\u00e9rature max : 3 \u2013 5 min<br \/>\n&#8211; Autonomie : 90 mn environ<br \/>\n&#8211; \u00c9conomique : recharge par gaz \u00e0 briquet<\/p>\n","protected":false},"excerpt":{"rendered":"<p>Le coupe queue \u00e0 gaz STERICUT est un appareil portatif destin\u00e9 \u00e0 couper et caut\u00e9riser les queues des porcelets en une seule action efficace et s\u00fbre, afin d\u2019\u00e9viter les morsures entre animaux.<br \/>\nIl dispose d\u2019un r\u00e9servoir de gaz butane int\u00e9gr\u00e9 et rechargeable avec du gaz type gaz \u00e0 briquet.<br \/>\nLe pr\u00e9chauffage pour atteindre la temp\u00e9rature id\u00e9ale de 450\u00b0C prend 3 \u00e0 5 minutes. Une fois l\u2019appareil chaud, il peut \u00eatre utilis\u00e9 sans interruption pour effectuer des s\u00e9ries.<br \/>\nUne recharge de r\u00e9servoir procurera environ 90 minutes d\u2019autonomie.<\/p>\n","protected":false},"featured_media":1549,"comment_status":"closed","ping_status":"closed","template":"","meta":[],"product_brand":[2384],"product_cat":[274,270],"product_tag":[],"class_list":{"0":"post-1546","1":"product","2":"type-product","3":"status-publish","4":"has-post-thumbnail","6":"product_brand-stericut","7":"product_cat-reduction-queue","8":"product_cat-hygiene-soins","9":"has-post-title","10":"has-post-date","11":"has-post-category","12":"has-post-tag","13":"has-post-comment","14":"has-post-author","15":"","17":"first","18":"instock","19":"taxable","20":"shipping-taxable","21":"purchasable","22":"product-type-variable","23":"has-default-attributes"},"builder_content":"","_links":{"self":[{"href":"https:\/\/www.cotraneurope.com\/fr\/wp-json\/wp\/v2\/product\/1546","targetHints":{"allow":["GET"]}}],"collection":[{"href":"https:\/\/www.cotraneurope.com\/fr\/wp-json\/wp\/v2\/product"}],"about":[{"href":"https:\/\/www.cotraneurope.com\/fr\/wp-json\/wp\/v2\/types\/product"}],"replies":[{"embeddable":true,"href":"https:\/\/www.cotraneurope.com\/fr\/wp-json\/wp\/v2\/comments?post=1546"}],"wp:featuredmedia":[{"embeddable":true,"href":"https:\/\/www.cotraneurope.com\/fr\/wp-json\/wp\/v2\/media\/1549"}],"wp:attachment":[{"href":"https:\/\/www.cotraneurope.com\/fr\/wp-json\/wp\/v2\/media?parent=1546"}],"wp:term":[{"taxonomy":"product_brand","embeddable":true,"href":"https:\/\/www.cotraneurope.com\/fr\/wp-json\/wp\/v2\/product_brand?post=1546"},{"taxonomy":"product_cat","embeddable":true,"href":"https:\/\/www.cotraneurope.com\/fr\/wp-json\/wp\/v2\/product_cat?post=1546"},{"taxonomy":"product_tag","embeddable":true,"href":"https:\/\/www.cotraneurope.com\/fr\/wp-json\/wp\/v2\/product_tag?post=1546"}],"curies":[{"name":"wp","href":"https:\/\/api.w.org\/{rel}","templated":true}]}}