{"id":1550,"date":"2025-07-02T11:26:46","date_gmt":"2025-07-02T09:26:46","guid":{"rendered":"https:\/\/xenodochial-taussig.212-227-206-74.plesk.page\/?post_type=product&#038;p=1550"},"modified":"2026-04-12T20:58:23","modified_gmt":"2026-04-12T18:58:23","slug":"gaz-butane-zero-impuretes","status":"publish","type":"product","link":"https:\/\/www.cotraneurope.com\/fr\/hygiene-soins\/ecornage\/gaz-butane-zero-impuretes\/","title":{"rendered":"Gaz butane \u00ab Z\u00e9ro impuret\u00e9s \u00bb"},"content":{"rendered":"<p>Bouteille de gaz butane \u00ab Z\u00e9ro impuret\u00e9s \u00bb de 300 ml, livr\u00e9 avec un lot d\u2019embout de diff\u00e9rents diam\u00e8tres int\u00e9gr\u00e9s dans le capuchon.<br \/>\nCe gaz extr\u00eamement raffin\u00e9 de qualit\u00e9 sup\u00e9rieure garantit par sa puret\u00e9 la pr\u00e9servation des syst\u00e8mes d\u2019injection incorpor\u00e9s \u00e0 vos outils \u00e0 gaz.<br \/>\nIl \u00e9vite les colmatages qui nuisent \u00e0 l\u2019efficacit\u00e9 de votre appareil et \u00e0 sa dur\u00e9e de vie.<br \/>\nNous recommandons l\u2019usage de ce gaz pour tous nos appareils \u00e0 gaz fonctionnant au butane.<\/p>\n","protected":false},"excerpt":{"rendered":"<p>&#8211; Bouteille de 300 ml<br \/>\n&#8211; Livr\u00e9 avec diff\u00e9rents embouts<br \/>\n&#8211; Gaz butane \u00ab Z\u00e9ro impuret\u00e9s \u00bb<br \/>\n&#8211; Pr\u00e9serve le bon fonctionnement et la dur\u00e9e de vie de vos appareils \u00e0 gaz<br \/>\n&#8211; \u00c9conomique : grand format permettant de nombreuses recharges de vos appareils<\/p>\n","protected":false},"featured_media":1551,"comment_status":"closed","ping_status":"closed","template":"","meta":[],"product_brand":[1655],"product_cat":[278,270,274],"product_tag":[],"class_list":{"0":"post-1550","1":"product","2":"type-product","3":"status-publish","4":"has-post-thumbnail","6":"product_brand-portasol","7":"product_cat-ecornage","8":"product_cat-hygiene-soins","9":"product_cat-reduction-queue","10":"has-post-title","11":"has-post-date","12":"has-post-category","13":"has-post-tag","14":"has-post-comment","15":"has-post-author","16":"","18":"first","19":"instock","20":"taxable","21":"shipping-taxable","22":"purchasable","23":"product-type-simple"},"builder_content":"","_links":{"self":[{"href":"https:\/\/www.cotraneurope.com\/fr\/wp-json\/wp\/v2\/product\/1550","targetHints":{"allow":["GET"]}}],"collection":[{"href":"https:\/\/www.cotraneurope.com\/fr\/wp-json\/wp\/v2\/product"}],"about":[{"href":"https:\/\/www.cotraneurope.com\/fr\/wp-json\/wp\/v2\/types\/product"}],"replies":[{"embeddable":true,"href":"https:\/\/www.cotraneurope.com\/fr\/wp-json\/wp\/v2\/comments?post=1550"}],"wp:featuredmedia":[{"embeddable":true,"href":"https:\/\/www.cotraneurope.com\/fr\/wp-json\/wp\/v2\/media\/1551"}],"wp:attachment":[{"href":"https:\/\/www.cotraneurope.com\/fr\/wp-json\/wp\/v2\/media?parent=1550"}],"wp:term":[{"taxonomy":"product_brand","embeddable":true,"href":"https:\/\/www.cotraneurope.com\/fr\/wp-json\/wp\/v2\/product_brand?post=1550"},{"taxonomy":"product_cat","embeddable":true,"href":"https:\/\/www.cotraneurope.com\/fr\/wp-json\/wp\/v2\/product_cat?post=1550"},{"taxonomy":"product_tag","embeddable":true,"href":"https:\/\/www.cotraneurope.com\/fr\/wp-json\/wp\/v2\/product_tag?post=1550"}],"curies":[{"name":"wp","href":"https:\/\/api.w.org\/{rel}","templated":true}]}}