{"id":1552,"date":"2025-07-02T11:14:44","date_gmt":"2025-07-02T09:14:44","guid":{"rendered":"https:\/\/xenodochial-taussig.212-227-206-74.plesk.page\/?post_type=product&#038;p=1552"},"modified":"2026-04-13T08:18:39","modified_gmt":"2026-04-13T06:18:39","slug":"lame-de-rechange-coupe-queue-gaz","status":"publish","type":"product","link":"https:\/\/www.cotraneurope.com\/fr\/hygiene-soins\/reduction-queue\/lame-de-rechange-coupe-queue-gaz\/","title":{"rendered":"Lame de rechange coupe-queue gaz"},"content":{"rendered":"<p>Lame de rechange pour coupe-queue \u00e0 gaz STERICUT ou autre coupe-queue similaire sur le march\u00e9.<\/p>\n","protected":false},"excerpt":{"rendered":"<p>La lame pour coupe-queue \u00e0 gaz STERICUT remplit 2 fonctions. Elle est \u00e0 la fois le br\u00fbleur de l&rsquo;appareil et la pi\u00e8ce permettant de couper et caut\u00e9riser la queue des porcelets lors de l&rsquo;op\u00e9ration de r\u00e9duction de la queue.<br \/>\nCette pi\u00e8ce est une pi\u00e8ce d&rsquo;usure normale de l&rsquo;appareil. Il convient de la remplacer quand l&rsquo;op\u00e9ration devient objectivement moins performante (probl\u00e8me de chaleur ou de coupe).<\/p>\n","protected":false},"featured_media":1553,"comment_status":"closed","ping_status":"closed","template":"","meta":[],"product_brand":[2384],"product_cat":[274,270],"product_tag":[],"class_list":{"0":"post-1552","1":"product","2":"type-product","3":"status-publish","4":"has-post-thumbnail","6":"product_brand-stericut","7":"product_cat-reduction-queue","8":"product_cat-hygiene-soins","9":"has-post-title","10":"has-post-date","11":"has-post-category","12":"has-post-tag","13":"has-post-comment","14":"has-post-author","15":"","17":"first","18":"instock","19":"taxable","20":"shipping-taxable","21":"purchasable","22":"product-type-simple"},"builder_content":"","_links":{"self":[{"href":"https:\/\/www.cotraneurope.com\/fr\/wp-json\/wp\/v2\/product\/1552","targetHints":{"allow":["GET"]}}],"collection":[{"href":"https:\/\/www.cotraneurope.com\/fr\/wp-json\/wp\/v2\/product"}],"about":[{"href":"https:\/\/www.cotraneurope.com\/fr\/wp-json\/wp\/v2\/types\/product"}],"replies":[{"embeddable":true,"href":"https:\/\/www.cotraneurope.com\/fr\/wp-json\/wp\/v2\/comments?post=1552"}],"wp:featuredmedia":[{"embeddable":true,"href":"https:\/\/www.cotraneurope.com\/fr\/wp-json\/wp\/v2\/media\/1553"}],"wp:attachment":[{"href":"https:\/\/www.cotraneurope.com\/fr\/wp-json\/wp\/v2\/media?parent=1552"}],"wp:term":[{"taxonomy":"product_brand","embeddable":true,"href":"https:\/\/www.cotraneurope.com\/fr\/wp-json\/wp\/v2\/product_brand?post=1552"},{"taxonomy":"product_cat","embeddable":true,"href":"https:\/\/www.cotraneurope.com\/fr\/wp-json\/wp\/v2\/product_cat?post=1552"},{"taxonomy":"product_tag","embeddable":true,"href":"https:\/\/www.cotraneurope.com\/fr\/wp-json\/wp\/v2\/product_tag?post=1552"}],"curies":[{"name":"wp","href":"https:\/\/api.w.org\/{rel}","templated":true}]}}