{"id":1554,"date":"2025-07-02T10:59:03","date_gmt":"2025-07-02T08:59:03","guid":{"rendered":"https:\/\/xenodochial-taussig.212-227-206-74.plesk.page\/?post_type=product&#038;p=1554"},"modified":"2026-04-13T08:18:45","modified_gmt":"2026-04-13T06:18:45","slug":"pince-a-castrer","status":"publish","type":"product","link":"https:\/\/www.cotraneurope.com\/fr\/hygiene-soins\/castrationfr\/pince-a-castrer\/","title":{"rendered":"Pince \u00e0 castrer"},"content":{"rendered":"<p>&#8211; Pince \u00e0 castrer l\u00e9g\u00e8re et robuste<br \/>\n&#8211; En plastique composite<br \/>\n&#8211; La pince \u00e0 castrer est l\u2019outil indispensable pour la pose d\u2019anneaux de gomme pour la castration ou la r\u00e9duction de la queue des animaux<\/p>\n","protected":false},"excerpt":{"rendered":"<p>La pince bleue \u00e0 castrer SHARPVET est un outil robuste et l\u00e9ger, adapt\u00e9 \u00e0 la castration ou la r\u00e9duction des queues des animaux.<br \/>\nLa pince permet d\u2019\u00e9tendre un anneau de gomme \u00e9lastique et venir le d\u00e9poser \u00e0 la racine du scrotum ou de la queue.<br \/>\nUne fois l\u2019anneau en \u00ab O \u00bb en place, il va agir comme un garrot permettant aux tissus de se n\u00e9croser.<br \/>\nApr\u00e8s une p\u00e9riode de 10 \u00e0 20 jours, la queue ou le scrotum tombera naturellement.<br \/>\nCe mod\u00e8le est compos\u00e9 d\u2019une poign\u00e9e en plastique composite solide et l\u00e9g\u00e8re, et de pi\u00e8ces m\u00e9talliques chrom\u00e9es.<\/p>\n","protected":false},"featured_media":1555,"comment_status":"closed","ping_status":"closed","template":"","meta":[],"product_brand":[2382],"product_cat":[276,270],"product_tag":[],"class_list":{"0":"post-1554","1":"product","2":"type-product","3":"status-publish","4":"has-post-thumbnail","6":"product_brand-sharpvet","7":"product_cat-castrationfr","8":"product_cat-hygiene-soins","9":"has-post-title","10":"has-post-date","11":"has-post-category","12":"has-post-tag","13":"has-post-comment","14":"has-post-author","15":"","17":"first","18":"instock","19":"taxable","20":"shipping-taxable","21":"purchasable","22":"product-type-variable"},"builder_content":"","_links":{"self":[{"href":"https:\/\/www.cotraneurope.com\/fr\/wp-json\/wp\/v2\/product\/1554","targetHints":{"allow":["GET"]}}],"collection":[{"href":"https:\/\/www.cotraneurope.com\/fr\/wp-json\/wp\/v2\/product"}],"about":[{"href":"https:\/\/www.cotraneurope.com\/fr\/wp-json\/wp\/v2\/types\/product"}],"replies":[{"embeddable":true,"href":"https:\/\/www.cotraneurope.com\/fr\/wp-json\/wp\/v2\/comments?post=1554"}],"wp:featuredmedia":[{"embeddable":true,"href":"https:\/\/www.cotraneurope.com\/fr\/wp-json\/wp\/v2\/media\/1555"}],"wp:attachment":[{"href":"https:\/\/www.cotraneurope.com\/fr\/wp-json\/wp\/v2\/media?parent=1554"}],"wp:term":[{"taxonomy":"product_brand","embeddable":true,"href":"https:\/\/www.cotraneurope.com\/fr\/wp-json\/wp\/v2\/product_brand?post=1554"},{"taxonomy":"product_cat","embeddable":true,"href":"https:\/\/www.cotraneurope.com\/fr\/wp-json\/wp\/v2\/product_cat?post=1554"},{"taxonomy":"product_tag","embeddable":true,"href":"https:\/\/www.cotraneurope.com\/fr\/wp-json\/wp\/v2\/product_tag?post=1554"}],"curies":[{"name":"wp","href":"https:\/\/api.w.org\/{rel}","templated":true}]}}