{"id":1569,"date":"2025-04-03T18:53:29","date_gmt":"2025-04-03T16:53:29","guid":{"rendered":"https:\/\/xenodochial-taussig.212-227-206-74.plesk.page\/?post_type=product&#038;p=1569"},"modified":"2025-08-15T13:01:14","modified_gmt":"2025-08-15T11:01:14","slug":"pistolet-drogueur-multifonction","status":"publish","type":"product","link":"https:\/\/www.cotraneurope.com\/fr\/drug-guns\/pistolet-drogueur-multifonction\/","title":{"rendered":"Pistolet drogueur multifonction"},"content":{"rendered":"<p>&#8211;\tPistolet drogueur \u00e0 distribution automatique<br \/>\n&#8211;\tDisponible en capacit\u00e9 de 20, 30 ou 50 ml<br \/>\n&#8211;\tMolette de r\u00e9glage de la dose<br \/>\n&#8211;\tTube d\u2019alimentation avec lest plongeant en inox<br \/>\n&#8211;\tLivr\u00e9 au choix avec canule drogueuse, adaptateur luer-lock et adaptateur \u00ab pour-on \u00bb<br \/>\n&#8211;\tInclus un sachet de pi\u00e8ces de rechange<br \/>\n&#8211;\tBarillet d\u00e9montable pour un nettoyage facilit\u00e9<\/p>\n","protected":false},"excerpt":{"rendered":"<p>Pistolet drogueur multifonction pour la distribution orale de m\u00e9dicaments, l\u2019injection cutan\u00e9e ou la vaporisation \u00ab pour-on \u00bb sur le dos de l\u2019animal.<br \/>\nLe pistolet drogueur automatique est disponible en 3 capacit\u00e9s de 20, 30 ou 50 ml.<br \/>\nDirectement raccord\u00e9 au flacon ou \u00e0 la r\u00e9serve de solution m\u00e9dicamenteuse ou sanitaire, il permet de r\u00e9aliser une op\u00e9ration de mani\u00e8re r\u00e9p\u00e9t\u00e9e et automatique selon la dose pr\u00e9r\u00e9gl\u00e9e.<br \/>\nIl est propos\u00e9 avec un vaste choix d\u2019accessoires, dont une canule drogueuse, un adaptateur pour aiguille luer-lock, et un adaptateur \u00ab pour-on \u00bb pour l\u2019application d\u2019une solution par vaporisation.<br \/>\nLe pistolet est livr\u00e9 avec un long tuyau en plastique \u00e9quip\u00e9 d\u2019un lest en inox \u00e0 ins\u00e9rer dans le flacon ou la r\u00e9serve de produit.<\/p>\n","protected":false},"featured_media":1573,"comment_status":"closed","ping_status":"closed","template":"","meta":[],"product_brand":[1647],"product_cat":[1167,270,272],"product_tag":[],"class_list":{"0":"post-1569","1":"product","2":"type-product","3":"status-publish","4":"has-post-thumbnail","6":"product_brand-in-ject","7":"product_cat-drug-guns","8":"product_cat-hygiene-and-care","9":"product_cat-manual-and-automatic-syringes","10":"has-post-title","11":"has-post-date","12":"has-post-category","13":"has-post-tag","14":"has-post-comment","15":"has-post-author","16":"","18":"first","19":"instock","20":"taxable","21":"shipping-taxable","22":"purchasable","23":"product-type-variable"},"builder_content":"","_links":{"self":[{"href":"https:\/\/www.cotraneurope.com\/fr\/wp-json\/wp\/v2\/product\/1569","targetHints":{"allow":["GET"]}}],"collection":[{"href":"https:\/\/www.cotraneurope.com\/fr\/wp-json\/wp\/v2\/product"}],"about":[{"href":"https:\/\/www.cotraneurope.com\/fr\/wp-json\/wp\/v2\/types\/product"}],"replies":[{"embeddable":true,"href":"https:\/\/www.cotraneurope.com\/fr\/wp-json\/wp\/v2\/comments?post=1569"}],"wp:featuredmedia":[{"embeddable":true,"href":"https:\/\/www.cotraneurope.com\/fr\/wp-json\/wp\/v2\/media\/1573"}],"wp:attachment":[{"href":"https:\/\/www.cotraneurope.com\/fr\/wp-json\/wp\/v2\/media?parent=1569"}],"wp:term":[{"taxonomy":"product_brand","embeddable":true,"href":"https:\/\/www.cotraneurope.com\/fr\/wp-json\/wp\/v2\/product_brand?post=1569"},{"taxonomy":"product_cat","embeddable":true,"href":"https:\/\/www.cotraneurope.com\/fr\/wp-json\/wp\/v2\/product_cat?post=1569"},{"taxonomy":"product_tag","embeddable":true,"href":"https:\/\/www.cotraneurope.com\/fr\/wp-json\/wp\/v2\/product_tag?post=1569"}],"curies":[{"name":"wp","href":"https:\/\/api.w.org\/{rel}","templated":true}]}}