{"id":1574,"date":"2025-07-02T10:10:38","date_gmt":"2025-07-02T08:10:38","guid":{"rendered":"https:\/\/xenodochial-taussig.212-227-206-74.plesk.page\/?post_type=product&#038;p=1574"},"modified":"2026-04-13T08:19:06","modified_gmt":"2026-04-13T06:19:06","slug":"seringues-automatiques-avec-porte-flacon","status":"publish","type":"product","link":"https:\/\/www.cotraneurope.com\/fr\/hygiene-soins\/seringues-manuelles-automatiques\/seringues-automatiques-avec-porte-flacon\/","title":{"rendered":"Seringues automatiques avec porte-flacon"},"content":{"rendered":"<p>&#8211; Seringues automatiques<br \/>\n&#8211; Nettoyage facile : cylindre d\u00e9vissable et st\u00e9rilisable par \u00e9bullition ou vapeur<br \/>\n&#8211; Adaptateurs de flacons : trois tailles fournies avec chaque seringue<br \/>\n&#8211; Porte-biberons : deux tailles disponibles (100 ml et 250ml)<br \/>\n&#8211; 3 capacit\u00e9s d&rsquo;injection possibles : 1 ml, 2 ml ou 5\/6 ml<br \/>\n&#8211; Kits param\u00e9trables selon vos besoins<br \/>\n&#8211; Marque de distributeur disponible sur demande<\/p>\n","protected":false},"excerpt":{"rendered":"<p>La gamme de seringues automatiques IN-JECT sont des seringues de haute qualit\u00e9, con\u00e7ues pour assurer des campagnes de vaccination massive.<br \/>\nNous proposons plusieurs kits en fonction de vos besoins. Chaque seringue est fournie avec 3 adaptateurs de flacons, 1 porte-flacon (bol protecteur) de 100 ml et un deuxi\u00e8me porte-flacon de 250 ml en option.<br \/>\nLes adaptateurs et porte-flacons peuvent \u00eatre utilis\u00e9s avec des flacons de 50 \u00e0 250 ml.<br \/>\nCes seringues automatiques auto-remplissantes comportent une mollette de r\u00e9glage de la dose facile d\u2019utilisation.<br \/>\nLe support de flacon poss\u00e8de une aiguille auto-perforante et un ressort \u00e9quilibr\u00e9 pour ajuster les cadences.<br \/>\nLe cylindre est facilement d\u00e9montable \u00e0 des fins de nettoyage. Chaque seringue est livr\u00e9e avec un jeu de joints de rechange..<\/p>\n","protected":false},"featured_media":1575,"comment_status":"closed","ping_status":"closed","template":"","meta":[],"product_brand":[1647],"product_cat":[272,270],"product_tag":[],"class_list":{"0":"post-1574","1":"product","2":"type-product","3":"status-publish","4":"has-post-thumbnail","6":"product_brand-in-ject","7":"product_cat-seringues-manuelles-automatiques","8":"product_cat-hygiene-soins","9":"has-post-title","10":"has-post-date","11":"has-post-category","12":"has-post-tag","13":"has-post-comment","14":"has-post-author","15":"","17":"first","18":"instock","19":"taxable","20":"shipping-taxable","21":"purchasable","22":"product-type-variable"},"builder_content":"","_links":{"self":[{"href":"https:\/\/www.cotraneurope.com\/fr\/wp-json\/wp\/v2\/product\/1574","targetHints":{"allow":["GET"]}}],"collection":[{"href":"https:\/\/www.cotraneurope.com\/fr\/wp-json\/wp\/v2\/product"}],"about":[{"href":"https:\/\/www.cotraneurope.com\/fr\/wp-json\/wp\/v2\/types\/product"}],"replies":[{"embeddable":true,"href":"https:\/\/www.cotraneurope.com\/fr\/wp-json\/wp\/v2\/comments?post=1574"}],"wp:featuredmedia":[{"embeddable":true,"href":"https:\/\/www.cotraneurope.com\/fr\/wp-json\/wp\/v2\/media\/1575"}],"wp:attachment":[{"href":"https:\/\/www.cotraneurope.com\/fr\/wp-json\/wp\/v2\/media?parent=1574"}],"wp:term":[{"taxonomy":"product_brand","embeddable":true,"href":"https:\/\/www.cotraneurope.com\/fr\/wp-json\/wp\/v2\/product_brand?post=1574"},{"taxonomy":"product_cat","embeddable":true,"href":"https:\/\/www.cotraneurope.com\/fr\/wp-json\/wp\/v2\/product_cat?post=1574"},{"taxonomy":"product_tag","embeddable":true,"href":"https:\/\/www.cotraneurope.com\/fr\/wp-json\/wp\/v2\/product_tag?post=1574"}],"curies":[{"name":"wp","href":"https:\/\/api.w.org\/{rel}","templated":true}]}}