{"id":1582,"date":"2025-07-01T15:47:37","date_gmt":"2025-07-01T13:47:37","guid":{"rendered":"https:\/\/xenodochial-taussig.212-227-206-74.plesk.page\/?post_type=product&#038;p=1582"},"modified":"2025-08-15T12:49:12","modified_gmt":"2025-08-15T10:49:12","slug":"seringues-automatiques-avec-tube-plongeant","status":"publish","type":"product","link":"https:\/\/www.cotraneurope.com\/fr\/hygiene-soins\/seringues-manuelles-automatiques\/seringues-automatiques-avec-tube-plongeant\/","title":{"rendered":"Seringues automatiques avec tube plongeant"},"content":{"rendered":"<p>&#8211; Seringues automatiques<br \/>\n&#8211; Nettoyage facile : t\u00eate d\u00e9vissable et st\u00e9rilisable par \u00e9bullition ou vapeur<br \/>\n&#8211; Fourmies avec 80 cm de tuyau et 2 tailles d\u2019aiguilles plongeantes<br \/>\n&#8211; 3 capacit\u00e9s d\u2019injection possibles : 1 ml, 2 ml ou 5\/6 ml<br \/>\n&#8211; Kits param\u00e9trables selon vos besoins<br \/>\n&#8211; Marque de distributeur disponible sur demande<\/p>\n","protected":false},"excerpt":{"rendered":"<p>La gamme de seringues automatiques IN-JECT sont des seringues de haute qualit\u00e9, con\u00e7ues pour assurer des campagnes de vaccination massive.<br \/>\nCes seringues auto-remplissantes comportent une mollette de r\u00e9glage qui permet d\u2019ajuster facilement le dosage.<br \/>\nLa version avec tube plongeant permet de relier la seringue au flacon de produit port\u00e9 \u00e0 la ceinture ou dans la poche.<br \/>\nLa t\u00eate de la seringue est facilement d\u00e9montable \u00e0 des fins de nettoyage.<br \/>\nChaque seringue est fournie avec un tube de qualit\u00e9 alimentaire de 80 cm, 2 aiguilles plongeantes (2 longueurs pour s&rsquo;adapter au contenant) et un jeu de joints de rechange.<\/p>\n","protected":false},"featured_media":1586,"comment_status":"closed","ping_status":"closed","template":"","meta":[],"product_brand":[],"product_cat":[270,272],"product_tag":[],"class_list":{"0":"post-1582","1":"product","2":"type-product","3":"status-publish","4":"has-post-thumbnail","6":"product_cat-hygiene-soins","7":"product_cat-seringues-manuelles-automatiques","8":"has-post-title","9":"has-post-date","10":"has-post-category","11":"has-post-tag","12":"has-post-comment","13":"has-post-author","14":"","16":"first","17":"instock","18":"taxable","19":"shipping-taxable","20":"purchasable","21":"product-type-variable"},"builder_content":"","_links":{"self":[{"href":"https:\/\/www.cotraneurope.com\/fr\/wp-json\/wp\/v2\/product\/1582","targetHints":{"allow":["GET"]}}],"collection":[{"href":"https:\/\/www.cotraneurope.com\/fr\/wp-json\/wp\/v2\/product"}],"about":[{"href":"https:\/\/www.cotraneurope.com\/fr\/wp-json\/wp\/v2\/types\/product"}],"replies":[{"embeddable":true,"href":"https:\/\/www.cotraneurope.com\/fr\/wp-json\/wp\/v2\/comments?post=1582"}],"wp:featuredmedia":[{"embeddable":true,"href":"https:\/\/www.cotraneurope.com\/fr\/wp-json\/wp\/v2\/media\/1586"}],"wp:attachment":[{"href":"https:\/\/www.cotraneurope.com\/fr\/wp-json\/wp\/v2\/media?parent=1582"}],"wp:term":[{"taxonomy":"product_brand","embeddable":true,"href":"https:\/\/www.cotraneurope.com\/fr\/wp-json\/wp\/v2\/product_brand?post=1582"},{"taxonomy":"product_cat","embeddable":true,"href":"https:\/\/www.cotraneurope.com\/fr\/wp-json\/wp\/v2\/product_cat?post=1582"},{"taxonomy":"product_tag","embeddable":true,"href":"https:\/\/www.cotraneurope.com\/fr\/wp-json\/wp\/v2\/product_tag?post=1582"}],"curies":[{"name":"wp","href":"https:\/\/api.w.org\/{rel}","templated":true}]}}