{"id":1587,"date":"2025-07-01T15:40:18","date_gmt":"2025-07-01T13:40:18","guid":{"rendered":"https:\/\/xenodochial-taussig.212-227-206-74.plesk.page\/?post_type=product&#038;p=1587"},"modified":"2025-08-15T12:45:59","modified_gmt":"2025-08-15T10:45:59","slug":"seringues-reutilisables","status":"publish","type":"product","link":"https:\/\/www.cotraneurope.com\/fr\/hygiene-soins\/seringues-manuelles-automatiques\/seringues-reutilisables\/","title":{"rendered":"Seringues r\u00e9utilisables"},"content":{"rendered":"<p>&#8211; Haute transparence<br \/>\n&#8211; R\u00e9sistance aux rayons UV<br \/>\n&#8211; Quasiment incassable<br \/>\n&#8211; St\u00e9rilisation par \u00e9bullition, vapeur ou autoclave<br \/>\n&#8211; Six formats disponibles : 10 ml, 20 ml, 30 ml, 30 ml compact (petites mains), 50 ml et 100 ml<br \/>\n&#8211; Embout standard pour aiguille luer-lock<br \/>\n&#8211; Pi\u00e8ces d\u00e9tach\u00e9es disponibles sur demande<\/p>\n","protected":false},"excerpt":{"rendered":"<p>Les seringues DURATEK sont disponibles en de nombreux formats : 5 ml, 10 ml, 20 ml, 30 ml , 50 ml et 100 ml. De part leur construction en plastique japonais TPX, elles sont con\u00e7ues pour \u00eatre r\u00e9utilisables et durables. Le plastique TPX poss\u00e8de des propri\u00e9t\u00e9s avantageuses : transparence, haute r\u00e9sistance aux UV, r\u00e9sistance chimique et thermique. Par cons\u00e9quent, les seringues sont st\u00e9rilisables par \u00e9bullition ou autoclave.<\/p>\n","protected":false},"featured_media":1594,"comment_status":"closed","ping_status":"closed","template":"","meta":[],"product_brand":[],"product_cat":[270,272],"product_tag":[],"class_list":{"0":"post-1587","1":"product","2":"type-product","3":"status-publish","4":"has-post-thumbnail","6":"product_cat-hygiene-soins","7":"product_cat-seringues-manuelles-automatiques","8":"has-post-title","9":"has-post-date","10":"has-post-category","11":"has-post-tag","12":"has-post-comment","13":"has-post-author","14":"","16":"first","17":"instock","18":"taxable","19":"shipping-taxable","20":"purchasable","21":"product-type-variable"},"builder_content":"","_links":{"self":[{"href":"https:\/\/www.cotraneurope.com\/fr\/wp-json\/wp\/v2\/product\/1587","targetHints":{"allow":["GET"]}}],"collection":[{"href":"https:\/\/www.cotraneurope.com\/fr\/wp-json\/wp\/v2\/product"}],"about":[{"href":"https:\/\/www.cotraneurope.com\/fr\/wp-json\/wp\/v2\/types\/product"}],"replies":[{"embeddable":true,"href":"https:\/\/www.cotraneurope.com\/fr\/wp-json\/wp\/v2\/comments?post=1587"}],"wp:featuredmedia":[{"embeddable":true,"href":"https:\/\/www.cotraneurope.com\/fr\/wp-json\/wp\/v2\/media\/1594"}],"wp:attachment":[{"href":"https:\/\/www.cotraneurope.com\/fr\/wp-json\/wp\/v2\/media?parent=1587"}],"wp:term":[{"taxonomy":"product_brand","embeddable":true,"href":"https:\/\/www.cotraneurope.com\/fr\/wp-json\/wp\/v2\/product_brand?post=1587"},{"taxonomy":"product_cat","embeddable":true,"href":"https:\/\/www.cotraneurope.com\/fr\/wp-json\/wp\/v2\/product_cat?post=1587"},{"taxonomy":"product_tag","embeddable":true,"href":"https:\/\/www.cotraneurope.com\/fr\/wp-json\/wp\/v2\/product_tag?post=1587"}],"curies":[{"name":"wp","href":"https:\/\/api.w.org\/{rel}","templated":true}]}}