{"id":1595,"date":"2025-07-01T15:20:30","date_gmt":"2025-07-01T13:20:30","guid":{"rendered":"https:\/\/xenodochial-taussig.212-227-206-74.plesk.page\/?post_type=product&#038;p=1595"},"modified":"2025-08-15T12:44:13","modified_gmt":"2025-08-15T10:44:13","slug":"seringues-drogueuses","status":"publish","type":"product","link":"https:\/\/www.cotraneurope.com\/fr\/hygiene-soins\/seringues-manuelles-automatiques\/seringues-drogueuses\/","title":{"rendered":"Seringues drogueuses"},"content":{"rendered":"<p>&#8211; Livr\u00e9es avec canule drogueuse d\u00e9montable et embout luer-lock pour y fixer alternativement une aiguille<br \/>\n&#8211; Haute transparence<br \/>\n&#8211; R\u00e9sistance aux rayons UV<br \/>\n&#8211; Quasiment incassable<br \/>\n&#8211; St\u00e9rilisation par \u00e9bullition, vapeur ou autoclave<br \/>\n&#8211; Six formats disponibles : 10 ml, 20 ml, 30 ml, 30 ml compact (petites mains), 50 ml et 100 ml<br \/>\n&#8211; Embout standard pour aiguille luer-lock et canule drogueuse en inox<br \/>\n&#8211; Pi\u00e8ces d\u00e9tach\u00e9es disponibles sur demande<\/p>\n","protected":false},"excerpt":{"rendered":"<p>Gamme de seringues r\u00e9utilisables livr\u00e9es avec canule drogueuse en inox pour l\u2019administration de m\u00e9dicaments ou compl\u00e9ments par voie orale.<br \/>\nLa canule dispose d\u2019une embase \u00e9largie \u00e9pousant la t\u00eate de la seringue pour une solidit\u00e9 \u00e0 toute \u00e9preuve.<br \/>\nLa t\u00eate arrondie de la seringue permet d\u2019\u00e9viter tout dommage \u00e0 l\u2019animal pendant l\u2019op\u00e9ration.<br \/>\nLes seringues sont disponibles en diff\u00e9rentes capacit\u00e9s : 10 ml, 20 ml, 30 ml, 50 ml et 100 ml, permettant le meilleur compromis selon la dose \u00e0 administrer et sa pr\u00e9cision.<br \/>\nSeringues en plastique japonais TPX hautement r\u00e9sistant et st\u00e9rilisable par \u00e9bullition ou autoclave.<\/p>\n","protected":false},"featured_media":1602,"comment_status":"closed","ping_status":"closed","template":"","meta":[],"product_brand":[],"product_cat":[270,272],"product_tag":[],"class_list":{"0":"post-1595","1":"product","2":"type-product","3":"status-publish","4":"has-post-thumbnail","6":"product_cat-hygiene-soins","7":"product_cat-seringues-manuelles-automatiques","8":"has-post-title","9":"has-post-date","10":"has-post-category","11":"has-post-tag","12":"has-post-comment","13":"has-post-author","14":"","16":"first","17":"instock","18":"taxable","19":"shipping-taxable","20":"purchasable","21":"product-type-variable"},"builder_content":"","_links":{"self":[{"href":"https:\/\/www.cotraneurope.com\/fr\/wp-json\/wp\/v2\/product\/1595","targetHints":{"allow":["GET"]}}],"collection":[{"href":"https:\/\/www.cotraneurope.com\/fr\/wp-json\/wp\/v2\/product"}],"about":[{"href":"https:\/\/www.cotraneurope.com\/fr\/wp-json\/wp\/v2\/types\/product"}],"replies":[{"embeddable":true,"href":"https:\/\/www.cotraneurope.com\/fr\/wp-json\/wp\/v2\/comments?post=1595"}],"wp:featuredmedia":[{"embeddable":true,"href":"https:\/\/www.cotraneurope.com\/fr\/wp-json\/wp\/v2\/media\/1602"}],"wp:attachment":[{"href":"https:\/\/www.cotraneurope.com\/fr\/wp-json\/wp\/v2\/media?parent=1595"}],"wp:term":[{"taxonomy":"product_brand","embeddable":true,"href":"https:\/\/www.cotraneurope.com\/fr\/wp-json\/wp\/v2\/product_brand?post=1595"},{"taxonomy":"product_cat","embeddable":true,"href":"https:\/\/www.cotraneurope.com\/fr\/wp-json\/wp\/v2\/product_cat?post=1595"},{"taxonomy":"product_tag","embeddable":true,"href":"https:\/\/www.cotraneurope.com\/fr\/wp-json\/wp\/v2\/product_tag?post=1595"}],"curies":[{"name":"wp","href":"https:\/\/api.w.org\/{rel}","templated":true}]}}