{"id":1603,"date":"2025-04-04T10:21:33","date_gmt":"2025-04-04T08:21:33","guid":{"rendered":"https:\/\/xenodochial-taussig.212-227-206-74.plesk.page\/?post_type=product&#038;p=1603"},"modified":"2025-08-28T08:02:00","modified_gmt":"2025-08-28T06:02:00","slug":"bandes-cohesives","status":"publish","type":"product","link":"https:\/\/www.cotraneurope.com\/fr\/veterinary-wound-care-bandages\/bandes-cohesives\/","title":{"rendered":"Bandes coh\u00e9sives \u00e9lastiques"},"content":{"rendered":"<p>&#8211; Disponibles en 3 laizes : 5 cm, 7,5 cm ou 10 cm<br \/>\n&#8211; Nombreux coloris<br \/>\n&#8211; Conditionn\u00e9es sous emballage protecteur par bo\u00eetes en carton de 36 pcs (5 cm), 24 pcs (7,5 cm) ou 18 pcs (10 cm)<br \/>\n&#8211; Minimum de commande : boite<\/p>\n","protected":false},"excerpt":{"rendered":"<p>Les bandes coh\u00e9sives \u00e9lastiques et auto-adh\u00e9sives SHARPFLEX sont utilisables dans de nombreuses situations li\u00e9es au soin des animaux.<br \/>\nQue cela soit pour maintenir et prot\u00e9ger une compresse ou un pansement, pour fixer une attelle, r\u00e9aliser une contention musculaire, aider \u00e0 la r\u00e9sorption d\u2019un \u0153d\u00e8me ou un h\u00e9matome\u2026<br \/>\nElles poss\u00e8dent de nombreuses caract\u00e9ristiques uniques :<br \/>\n&#8211;\tAdh\u00e8rent sur elles-m\u00eames<br \/>\n&#8211;\tNe collent pas aux poils<br \/>\n&#8211;\tExtensibles et \u00e9lastiques : permet d\u2019adapter la pression exerc\u00e9e<br \/>\n&#8211;\tRepositionnables<br \/>\n&#8211;\tRespirantes et hydrophobes<br \/>\n&#8211;\tSe d\u00e9coupent \u00e0 la main<br \/>\nLes bandes coh\u00e9sives SHARPFLEX sont disponibles en de nombreux coloris et en 3 largeurs : 5 cm, 7,5 cm et 10 cm. Chaque rouleau fait 4,5 m\u00e8tres de bande \u00e9tendue.<\/p>\n","protected":false},"featured_media":1605,"comment_status":"closed","ping_status":"closed","template":"","meta":[],"product_brand":[1645],"product_cat":[1169,270],"product_tag":[],"class_list":{"0":"post-1603","1":"product","2":"type-product","3":"status-publish","4":"has-post-thumbnail","6":"product_brand-sharpflex","7":"product_cat-veterinary-wound-care-bandages","8":"product_cat-hygiene-and-care","9":"has-post-title","10":"has-post-date","11":"has-post-category","12":"has-post-tag","13":"has-post-comment","14":"has-post-author","15":"","17":"first","18":"instock","19":"taxable","20":"shipping-taxable","21":"purchasable","22":"product-type-variable"},"builder_content":"","_links":{"self":[{"href":"https:\/\/www.cotraneurope.com\/fr\/wp-json\/wp\/v2\/product\/1603","targetHints":{"allow":["GET"]}}],"collection":[{"href":"https:\/\/www.cotraneurope.com\/fr\/wp-json\/wp\/v2\/product"}],"about":[{"href":"https:\/\/www.cotraneurope.com\/fr\/wp-json\/wp\/v2\/types\/product"}],"replies":[{"embeddable":true,"href":"https:\/\/www.cotraneurope.com\/fr\/wp-json\/wp\/v2\/comments?post=1603"}],"wp:featuredmedia":[{"embeddable":true,"href":"https:\/\/www.cotraneurope.com\/fr\/wp-json\/wp\/v2\/media\/1605"}],"wp:attachment":[{"href":"https:\/\/www.cotraneurope.com\/fr\/wp-json\/wp\/v2\/media?parent=1603"}],"wp:term":[{"taxonomy":"product_brand","embeddable":true,"href":"https:\/\/www.cotraneurope.com\/fr\/wp-json\/wp\/v2\/product_brand?post=1603"},{"taxonomy":"product_cat","embeddable":true,"href":"https:\/\/www.cotraneurope.com\/fr\/wp-json\/wp\/v2\/product_cat?post=1603"},{"taxonomy":"product_tag","embeddable":true,"href":"https:\/\/www.cotraneurope.com\/fr\/wp-json\/wp\/v2\/product_tag?post=1603"}],"curies":[{"name":"wp","href":"https:\/\/api.w.org\/{rel}","templated":true}]}}