{"id":1623,"date":"2025-04-04T10:28:15","date_gmt":"2025-04-04T08:28:15","guid":{"rendered":"https:\/\/xenodochial-taussig.212-227-206-74.plesk.page\/?post_type=product&#038;p=1623"},"modified":"2025-07-05T07:27:23","modified_gmt":"2025-07-05T05:27:23","slug":"ciseaux-universels","status":"publish","type":"product","link":"https:\/\/www.cotraneurope.com\/fr\/veterinary-wound-care-bandages\/ciseaux-universels\/","title":{"rendered":"Ciseaux universels"},"content":{"rendered":"<p>&#8211; Ciseaux robustes \u00e0 usages multiples<br \/>\n&#8211; Id\u00e9al d\u00e9coupe bandes et pansements<br \/>\n&#8211; Ainsi que toute autre mati\u00e8re textile<br \/>\n&#8211; Peut \u00e9galement servir \u00e0 d\u00e9couper d\u2019autres mat\u00e9riaux l\u00e9gers (carton, m\u00e9tal fin, tuyau etc.)<br \/>\n&#8211; Lames en acier inoxydable<br \/>\n&#8211; Manche en plastique<br \/>\n&#8211; Peuvent \u00eatre st\u00e9rilis\u00e9s jusqu\u2019\u00e0 140\u00b0C<\/p>\n","protected":false},"excerpt":{"rendered":"<p>Ciseaux con\u00e7us pour d\u00e9couper ais\u00e9ment et pr\u00e9cis\u00e9ment les mati\u00e8res textiles gr\u00e2ce \u00e0 la lame dentel\u00e9e qui procure une bonne accroche sur le tissu.<br \/>\nLes ciseaux universels sont particuli\u00e8rement efficaces pour d\u00e9couper du gaze, bandages ou pansements.<br \/>\nIls peuvent \u00eatre par extension utilis\u00e9e sur un grand nombre d\u2019autres mat\u00e9riaux voire m\u00eame la d\u00e9coupe de mat\u00e9riaux m\u00e9talliques fins.<br \/>\nIls disposent d\u2019une but\u00e9e qui assure la stabilit\u00e9 de la d\u00e9coupe sur une surface plane comme une table. Lames en acier inoxydable et manche en plastique.<\/p>\n","protected":false},"featured_media":1626,"comment_status":"closed","ping_status":"closed","template":"","meta":[],"product_brand":[1645],"product_cat":[1169,270],"product_tag":[],"class_list":{"0":"post-1623","1":"product","2":"type-product","3":"status-publish","4":"has-post-thumbnail","6":"product_brand-sharpflex","7":"product_cat-veterinary-wound-care-bandages","8":"product_cat-hygiene-and-care","9":"has-post-title","10":"has-post-date","11":"has-post-category","12":"has-post-tag","13":"has-post-comment","14":"has-post-author","15":"","17":"first","18":"instock","19":"taxable","20":"shipping-taxable","21":"purchasable","22":"product-type-variable"},"builder_content":"","_links":{"self":[{"href":"https:\/\/www.cotraneurope.com\/fr\/wp-json\/wp\/v2\/product\/1623","targetHints":{"allow":["GET"]}}],"collection":[{"href":"https:\/\/www.cotraneurope.com\/fr\/wp-json\/wp\/v2\/product"}],"about":[{"href":"https:\/\/www.cotraneurope.com\/fr\/wp-json\/wp\/v2\/types\/product"}],"replies":[{"embeddable":true,"href":"https:\/\/www.cotraneurope.com\/fr\/wp-json\/wp\/v2\/comments?post=1623"}],"wp:featuredmedia":[{"embeddable":true,"href":"https:\/\/www.cotraneurope.com\/fr\/wp-json\/wp\/v2\/media\/1626"}],"wp:attachment":[{"href":"https:\/\/www.cotraneurope.com\/fr\/wp-json\/wp\/v2\/media?parent=1623"}],"wp:term":[{"taxonomy":"product_brand","embeddable":true,"href":"https:\/\/www.cotraneurope.com\/fr\/wp-json\/wp\/v2\/product_brand?post=1623"},{"taxonomy":"product_cat","embeddable":true,"href":"https:\/\/www.cotraneurope.com\/fr\/wp-json\/wp\/v2\/product_cat?post=1623"},{"taxonomy":"product_tag","embeddable":true,"href":"https:\/\/www.cotraneurope.com\/fr\/wp-json\/wp\/v2\/product_tag?post=1623"}],"curies":[{"name":"wp","href":"https:\/\/api.w.org\/{rel}","templated":true}]}}