{"id":1628,"date":"2025-04-04T10:31:40","date_gmt":"2025-04-04T08:31:40","guid":{"rendered":"https:\/\/xenodochial-taussig.212-227-206-74.plesk.page\/?post_type=product&#038;p=1628"},"modified":"2025-07-05T07:27:09","modified_gmt":"2025-07-05T05:27:09","slug":"thermometre-a-liquide","status":"publish","type":"product","link":"https:\/\/www.cotraneurope.com\/fr\/thermometers\/thermometre-a-liquide\/","title":{"rendered":"Thermom\u00e8tre \u00e0 liquide"},"content":{"rendered":"<p>&#8211; Thermom\u00e8tre \u00e0 lait ou tout autre liquide<br \/>\n&#8211; Gaine de protection antichoc en polypropyl\u00e8ne apte au contact alimentaire<br \/>\n&#8211; Plage de temp\u00e9rature mesur\u00e9e : de -10\u00b0C \u00e0 +120\u00b0C<br \/>\n&#8211; Hauteur : 33 cm<br \/>\n&#8211; Anneau de suspension<br \/>\n&#8211; Peut-\u00eatre st\u00e9rilis\u00e9 ainsi que sa gaine par \u00e9bullition<\/p>\n","protected":false},"excerpt":{"rendered":"<p>Le thermom\u00e8tre en verre sp\u00e9cial liquides SHARPTEMP est un thermom\u00e8tre en verre sans mercure disposant d\u2019une plage de mesure de temp\u00e9rature de -10 \u00e0 120\u00b0C.<br \/>\nGr\u00e2ce \u00e0 sa grande taille et sa plage de mesure \u00e9tendue, il facilite la prise de la temp\u00e9rature pour un grand nombre de liquides.<br \/>\nApte au contact alimentaire. Il est particuli\u00e8rement utilis\u00e9 en agriculture et en transformation laiti\u00e8re comme thermom\u00e8tre \u00e0 lait.<\/p>\n","protected":false},"featured_media":1629,"comment_status":"closed","ping_status":"closed","template":"","meta":[],"product_brand":[1651],"product_cat":[1171,270],"product_tag":[],"class_list":{"0":"post-1628","1":"product","2":"type-product","3":"status-publish","4":"has-post-thumbnail","6":"product_brand-sharptemp","7":"product_cat-thermometers","8":"product_cat-hygiene-and-care","9":"has-post-title","10":"has-post-date","11":"has-post-category","12":"has-post-tag","13":"has-post-comment","14":"has-post-author","15":"","17":"first","18":"instock","19":"taxable","20":"shipping-taxable","21":"purchasable","22":"product-type-simple"},"builder_content":"","_links":{"self":[{"href":"https:\/\/www.cotraneurope.com\/fr\/wp-json\/wp\/v2\/product\/1628","targetHints":{"allow":["GET"]}}],"collection":[{"href":"https:\/\/www.cotraneurope.com\/fr\/wp-json\/wp\/v2\/product"}],"about":[{"href":"https:\/\/www.cotraneurope.com\/fr\/wp-json\/wp\/v2\/types\/product"}],"replies":[{"embeddable":true,"href":"https:\/\/www.cotraneurope.com\/fr\/wp-json\/wp\/v2\/comments?post=1628"}],"wp:featuredmedia":[{"embeddable":true,"href":"https:\/\/www.cotraneurope.com\/fr\/wp-json\/wp\/v2\/media\/1629"}],"wp:attachment":[{"href":"https:\/\/www.cotraneurope.com\/fr\/wp-json\/wp\/v2\/media?parent=1628"}],"wp:term":[{"taxonomy":"product_brand","embeddable":true,"href":"https:\/\/www.cotraneurope.com\/fr\/wp-json\/wp\/v2\/product_brand?post=1628"},{"taxonomy":"product_cat","embeddable":true,"href":"https:\/\/www.cotraneurope.com\/fr\/wp-json\/wp\/v2\/product_cat?post=1628"},{"taxonomy":"product_tag","embeddable":true,"href":"https:\/\/www.cotraneurope.com\/fr\/wp-json\/wp\/v2\/product_tag?post=1628"}],"curies":[{"name":"wp","href":"https:\/\/api.w.org\/{rel}","templated":true}]}}