{"id":1630,"date":"2025-04-04T10:34:14","date_gmt":"2025-04-04T08:34:14","guid":{"rendered":"https:\/\/xenodochial-taussig.212-227-206-74.plesk.page\/?post_type=product&#038;p=1630"},"modified":"2025-07-05T07:28:21","modified_gmt":"2025-07-05T05:28:21","slug":"thermometre-de-laboratoire","status":"publish","type":"product","link":"https:\/\/www.cotraneurope.com\/fr\/thermometers\/thermometre-de-laboratoire\/","title":{"rendered":"Thermom\u00e8tre de laboratoire"},"content":{"rendered":"<p>&#8211; Thermom\u00e8tre de laboratoire en verre<br \/>\n&#8211; Plage de temp\u00e9rature mesur\u00e9e : de -20\u00b0C \u00e0 +110\u00b0C<br \/>\n&#8211; Hauteur : 30 cm<br \/>\n&#8211; Possibilit\u00e9 d\u2019y attacher une cordelette pour le suspendre<br \/>\n&#8211; Peut-\u00eatre st\u00e9rilis\u00e9 par \u00e9bullition<\/p>\n","protected":false},"excerpt":{"rendered":"<p>Thermom\u00e8tre de laboratoire en verre id\u00e9al pour la mesure de la temp\u00e9rature de liquides dans des r\u00e9cipients profonds gr\u00e2ce \u00e0 sa longueur de 30 cm.<br \/>\nThermom\u00e8tre sans mercure, hygi\u00e9nique gr\u00e2ce a sa fabrication monobloc en verre. Plage de mesure de la temp\u00e9rature : de -20\u00b0C \u00e0 +110\u00b0C<\/p>\n","protected":false},"featured_media":1631,"comment_status":"closed","ping_status":"closed","template":"","meta":[],"product_brand":[1651],"product_cat":[1171,270],"product_tag":[],"class_list":{"0":"post-1630","1":"product","2":"type-product","3":"status-publish","4":"has-post-thumbnail","6":"product_brand-sharptemp","7":"product_cat-thermometers","8":"product_cat-hygiene-and-care","9":"has-post-title","10":"has-post-date","11":"has-post-category","12":"has-post-tag","13":"has-post-comment","14":"has-post-author","15":"","17":"first","18":"instock","19":"taxable","20":"shipping-taxable","21":"purchasable","22":"product-type-simple"},"builder_content":"","_links":{"self":[{"href":"https:\/\/www.cotraneurope.com\/fr\/wp-json\/wp\/v2\/product\/1630","targetHints":{"allow":["GET"]}}],"collection":[{"href":"https:\/\/www.cotraneurope.com\/fr\/wp-json\/wp\/v2\/product"}],"about":[{"href":"https:\/\/www.cotraneurope.com\/fr\/wp-json\/wp\/v2\/types\/product"}],"replies":[{"embeddable":true,"href":"https:\/\/www.cotraneurope.com\/fr\/wp-json\/wp\/v2\/comments?post=1630"}],"wp:featuredmedia":[{"embeddable":true,"href":"https:\/\/www.cotraneurope.com\/fr\/wp-json\/wp\/v2\/media\/1631"}],"wp:attachment":[{"href":"https:\/\/www.cotraneurope.com\/fr\/wp-json\/wp\/v2\/media?parent=1630"}],"wp:term":[{"taxonomy":"product_brand","embeddable":true,"href":"https:\/\/www.cotraneurope.com\/fr\/wp-json\/wp\/v2\/product_brand?post=1630"},{"taxonomy":"product_cat","embeddable":true,"href":"https:\/\/www.cotraneurope.com\/fr\/wp-json\/wp\/v2\/product_cat?post=1630"},{"taxonomy":"product_tag","embeddable":true,"href":"https:\/\/www.cotraneurope.com\/fr\/wp-json\/wp\/v2\/product_tag?post=1630"}],"curies":[{"name":"wp","href":"https:\/\/api.w.org\/{rel}","templated":true}]}}