{"id":1632,"date":"2025-04-04T10:38:14","date_gmt":"2025-04-04T08:38:14","guid":{"rendered":"https:\/\/xenodochial-taussig.212-227-206-74.plesk.page\/?post_type=product&#038;p=1632"},"modified":"2025-07-05T07:30:01","modified_gmt":"2025-07-05T05:30:01","slug":"thermometre-electronique-rigide","status":"publish","type":"product","link":"https:\/\/www.cotraneurope.com\/fr\/thermometers\/thermometre-electronique-rigide\/","title":{"rendered":"Thermom\u00e8tre \u00e9lectronique rigide"},"content":{"rendered":"<p>&#8211; Thermom\u00e8tre clinique \u00e0 usage oral et rectal<br \/>\n&#8211; Sonde incassable et s\u00e9curit\u00e9 enfant<br \/>\n&#8211; Pile bouton rempla\u00e7able (LR41)<br \/>\n&#8211; Alarme sonore<\/p>\n","protected":false},"excerpt":{"rendered":"<p>Petit thermom\u00e8tre num\u00e9rique standard \u00e0 usage v\u00e9t\u00e9rinaire avec sonde rigide.<br \/>\nChaque thermom\u00e8tre est fourni avec un \u00e9tui de protection en plastique dans un emballage en carton et une pile LR41 de rechange.<br \/>\nFonctions : affichage du r\u00e9sultat, m\u00e9moire de la derni\u00e8re valeur mesur\u00e9e, extinction automatique.<\/p>\n","protected":false},"featured_media":1633,"comment_status":"closed","ping_status":"closed","template":"","meta":[],"product_brand":[1651],"product_cat":[1171,270],"product_tag":[],"class_list":{"0":"post-1632","1":"product","2":"type-product","3":"status-publish","4":"has-post-thumbnail","6":"product_brand-sharptemp","7":"product_cat-thermometers","8":"product_cat-hygiene-and-care","9":"has-post-title","10":"has-post-date","11":"has-post-category","12":"has-post-tag","13":"has-post-comment","14":"has-post-author","15":"","17":"first","18":"instock","19":"taxable","20":"shipping-taxable","21":"purchasable","22":"product-type-simple"},"builder_content":"","_links":{"self":[{"href":"https:\/\/www.cotraneurope.com\/fr\/wp-json\/wp\/v2\/product\/1632","targetHints":{"allow":["GET"]}}],"collection":[{"href":"https:\/\/www.cotraneurope.com\/fr\/wp-json\/wp\/v2\/product"}],"about":[{"href":"https:\/\/www.cotraneurope.com\/fr\/wp-json\/wp\/v2\/types\/product"}],"replies":[{"embeddable":true,"href":"https:\/\/www.cotraneurope.com\/fr\/wp-json\/wp\/v2\/comments?post=1632"}],"wp:featuredmedia":[{"embeddable":true,"href":"https:\/\/www.cotraneurope.com\/fr\/wp-json\/wp\/v2\/media\/1633"}],"wp:attachment":[{"href":"https:\/\/www.cotraneurope.com\/fr\/wp-json\/wp\/v2\/media?parent=1632"}],"wp:term":[{"taxonomy":"product_brand","embeddable":true,"href":"https:\/\/www.cotraneurope.com\/fr\/wp-json\/wp\/v2\/product_brand?post=1632"},{"taxonomy":"product_cat","embeddable":true,"href":"https:\/\/www.cotraneurope.com\/fr\/wp-json\/wp\/v2\/product_cat?post=1632"},{"taxonomy":"product_tag","embeddable":true,"href":"https:\/\/www.cotraneurope.com\/fr\/wp-json\/wp\/v2\/product_tag?post=1632"}],"curies":[{"name":"wp","href":"https:\/\/api.w.org\/{rel}","templated":true}]}}