{"id":1637,"date":"2025-04-04T10:48:22","date_gmt":"2025-04-04T08:48:22","guid":{"rendered":"https:\/\/xenodochial-taussig.212-227-206-74.plesk.page\/?post_type=product&#038;p=1637"},"modified":"2025-07-05T07:31:31","modified_gmt":"2025-07-05T05:31:31","slug":"thermometre-electronique-longue-sonde","status":"publish","type":"product","link":"https:\/\/www.cotraneurope.com\/fr\/thermometers\/thermometre-electronique-longue-sonde\/","title":{"rendered":"Thermom\u00e8tre \u00e9lectronique longue sonde"},"content":{"rendered":"<p>&#8211; Thermom\u00e8tre oral et rectal<br \/>\n&#8211; \u00c9cran large et facile \u00e0 lire<br \/>\n&#8211; Haute pr\u00e9cision garantie<br \/>\n&#8211; Mesures rapides : 10-15 secondes<br \/>\n&#8211; Alarme sonore<br \/>\n&#8211; Pile LR44 inclue<br \/>\n&#8211; \u00c9tui plastique solide<br \/>\n&#8211; \u00c9tanche<\/p>\n","protected":false},"excerpt":{"rendered":"<p>Thermom\u00e8tre digital \u00e0 usage v\u00e9t\u00e9rinaire avec grande sonde de 10 cm.<br \/>\nCe thermom\u00e8tre a \u00e9t\u00e9 sp\u00e9cialement con\u00e7u pour faciliter la prise de temp\u00e9rature du gros b\u00e9tail comme les chevaux, vaches, cochons\u2026<br \/>\nIl est plus grand qu\u2019un thermom\u00e8tre classique, dispose d\u2019un large \u00e9cran et d\u2019une sonde plus longue (10 cm).<br \/>\nAppareil tr\u00e8s pr\u00e9cis qui n\u00e9cessite 10 \u00e0 15 secondes pour prendre les mesures. Le capteur de temp\u00e9rature se situe \u00e0 l\u2019extr\u00e9mit\u00e9 de la sonde, ce qui signifie qu\u2019il n\u2019est pas n\u00e9cessaire d\u2019ins\u00e9rer la totalit\u00e9 de la sonde pour prendre les mesures.<br \/>\nChaque thermom\u00e8tre est fourni avec un \u00e9tui en plastique et une pile LR44 inclue.<br \/>\nFonctions : affichage du r\u00e9sultat, m\u00e9moire de la derni\u00e8re valeur mesur\u00e9e, extinction automatique.<\/p>\n","protected":false},"featured_media":1638,"comment_status":"closed","ping_status":"closed","template":"","meta":[],"product_brand":[1651],"product_cat":[1171,270],"product_tag":[],"class_list":{"0":"post-1637","1":"product","2":"type-product","3":"status-publish","4":"has-post-thumbnail","6":"product_brand-sharptemp","7":"product_cat-thermometers","8":"product_cat-hygiene-and-care","9":"has-post-title","10":"has-post-date","11":"has-post-category","12":"has-post-tag","13":"has-post-comment","14":"has-post-author","15":"","17":"first","18":"instock","19":"taxable","20":"shipping-taxable","21":"purchasable","22":"product-type-simple"},"builder_content":"","_links":{"self":[{"href":"https:\/\/www.cotraneurope.com\/fr\/wp-json\/wp\/v2\/product\/1637","targetHints":{"allow":["GET"]}}],"collection":[{"href":"https:\/\/www.cotraneurope.com\/fr\/wp-json\/wp\/v2\/product"}],"about":[{"href":"https:\/\/www.cotraneurope.com\/fr\/wp-json\/wp\/v2\/types\/product"}],"replies":[{"embeddable":true,"href":"https:\/\/www.cotraneurope.com\/fr\/wp-json\/wp\/v2\/comments?post=1637"}],"wp:featuredmedia":[{"embeddable":true,"href":"https:\/\/www.cotraneurope.com\/fr\/wp-json\/wp\/v2\/media\/1638"}],"wp:attachment":[{"href":"https:\/\/www.cotraneurope.com\/fr\/wp-json\/wp\/v2\/media?parent=1637"}],"wp:term":[{"taxonomy":"product_brand","embeddable":true,"href":"https:\/\/www.cotraneurope.com\/fr\/wp-json\/wp\/v2\/product_brand?post=1637"},{"taxonomy":"product_cat","embeddable":true,"href":"https:\/\/www.cotraneurope.com\/fr\/wp-json\/wp\/v2\/product_cat?post=1637"},{"taxonomy":"product_tag","embeddable":true,"href":"https:\/\/www.cotraneurope.com\/fr\/wp-json\/wp\/v2\/product_tag?post=1637"}],"curies":[{"name":"wp","href":"https:\/\/api.w.org\/{rel}","templated":true}]}}