{"id":1639,"date":"2025-04-04T10:51:06","date_gmt":"2025-04-04T08:51:06","guid":{"rendered":"https:\/\/xenodochial-taussig.212-227-206-74.plesk.page\/?post_type=product&#038;p=1639"},"modified":"2025-07-05T07:32:30","modified_gmt":"2025-07-05T05:32:30","slug":"lacto-densimetre","status":"publish","type":"product","link":"https:\/\/www.cotraneurope.com\/fr\/thermometers\/lacto-densimetre\/","title":{"rendered":"Lacto-densim\u00e8tre"},"content":{"rendered":"<p>&#8211; Lacto-densim\u00e8tre en verre transparent<br \/>\n&#8211; Plage de mesure (taux de lactose) : 1.015 \u2013 1.040 g\/ml<br \/>\n&#8211; Plage de mesure (temp\u00e9rature) : -5\u00b0C \u2013 +70\u00b0C<br \/>\n&#8211; Longueur totale : 31 cm<br \/>\n&#8211; Livr\u00e9 dans un \u00e9tui protecteur en plastique<\/p>\n","protected":false},"excerpt":{"rendered":"<p>Le lacto-densim\u00e8tre est un instrument destin\u00e9 principalement \u00e0 la mesure du taux de lactose dans le lait.<br \/>\nIl est \u00e9galement dot\u00e9 d\u2019un thermom\u00e8tre int\u00e9gr\u00e9.<br \/>\nGr\u00e2ce \u00e0 son lest calibr\u00e9, vous pourrez lire instantan\u00e9ment le taux de lactose de votre \u00e9chantillon sur la r\u00e9glette.<\/p>\n","protected":false},"featured_media":1640,"comment_status":"closed","ping_status":"closed","template":"","meta":[],"product_brand":[1651],"product_cat":[1171,270],"product_tag":[],"class_list":{"0":"post-1639","1":"product","2":"type-product","3":"status-publish","4":"has-post-thumbnail","6":"product_brand-sharptemp","7":"product_cat-thermometers","8":"product_cat-hygiene-and-care","9":"has-post-title","10":"has-post-date","11":"has-post-category","12":"has-post-tag","13":"has-post-comment","14":"has-post-author","15":"","17":"first","18":"instock","19":"taxable","20":"shipping-taxable","21":"purchasable","22":"product-type-simple"},"builder_content":"","_links":{"self":[{"href":"https:\/\/www.cotraneurope.com\/fr\/wp-json\/wp\/v2\/product\/1639","targetHints":{"allow":["GET"]}}],"collection":[{"href":"https:\/\/www.cotraneurope.com\/fr\/wp-json\/wp\/v2\/product"}],"about":[{"href":"https:\/\/www.cotraneurope.com\/fr\/wp-json\/wp\/v2\/types\/product"}],"replies":[{"embeddable":true,"href":"https:\/\/www.cotraneurope.com\/fr\/wp-json\/wp\/v2\/comments?post=1639"}],"wp:featuredmedia":[{"embeddable":true,"href":"https:\/\/www.cotraneurope.com\/fr\/wp-json\/wp\/v2\/media\/1640"}],"wp:attachment":[{"href":"https:\/\/www.cotraneurope.com\/fr\/wp-json\/wp\/v2\/media?parent=1639"}],"wp:term":[{"taxonomy":"product_brand","embeddable":true,"href":"https:\/\/www.cotraneurope.com\/fr\/wp-json\/wp\/v2\/product_brand?post=1639"},{"taxonomy":"product_cat","embeddable":true,"href":"https:\/\/www.cotraneurope.com\/fr\/wp-json\/wp\/v2\/product_cat?post=1639"},{"taxonomy":"product_tag","embeddable":true,"href":"https:\/\/www.cotraneurope.com\/fr\/wp-json\/wp\/v2\/product_tag?post=1639"}],"curies":[{"name":"wp","href":"https:\/\/api.w.org\/{rel}","templated":true}]}}