{"id":1641,"date":"2025-04-04T10:55:44","date_gmt":"2025-04-04T08:55:44","guid":{"rendered":"https:\/\/xenodochial-taussig.212-227-206-74.plesk.page\/?post_type=product&#038;p=1641"},"modified":"2025-07-05T07:33:18","modified_gmt":"2025-07-05T05:33:18","slug":"stethoscope-a-double-pavillon","status":"publish","type":"product","link":"https:\/\/www.cotraneurope.com\/fr\/stethoscope\/stethoscope-a-double-pavillon\/","title":{"rendered":"St\u00e9thoscope \u00e0 double pavillon"},"content":{"rendered":"<p>&#8211; St\u00e9thoscope \u00e0 usage v\u00e9t\u00e9rinaire<br \/>\n&#8211; Double pavillon : 1 c\u00f4t\u00e9 cloche et 1 c\u00f4t\u00e9 membrane<br \/>\n&#8211; Double tube : pour une pr\u00e9cision et un confort accru<\/p>\n","protected":false},"excerpt":{"rendered":"<p>Le st\u00e9thoscope \u00e0 double pavillon et double tube offre ce qu\u2019il a de mieux en terme de polyvalence d\u2019auscultation clinique et de pr\u00e9cision pour \u00e9tablir un diagnostic.<br \/>\nLe double pavillon avec un c\u00f4t\u00e9 cloche et un c\u00f4t\u00e9 membrane permettra d\u2019alterner l\u2019auscultation entre les sons basses et hautes fr\u00e9quences afin d\u2019obtenir l\u2019image la plus compl\u00e8te possible des sons corporels.<br \/>\nLe double-tube permet une meilleure transmission des sons jusqu\u2019au deux oreilles.<br \/>\nLe poids de l\u2019instrument est \u00e9galement mieux r\u00e9parti donc plus confortable \u00e0 utiliser.<\/p>\n","protected":false},"featured_media":1642,"comment_status":"closed","ping_status":"closed","template":"","meta":[],"product_brand":[1651],"product_cat":[1173,270],"product_tag":[],"class_list":{"0":"post-1641","1":"product","2":"type-product","3":"status-publish","4":"has-post-thumbnail","6":"product_brand-sharptemp","7":"product_cat-stethoscope","8":"product_cat-hygiene-and-care","9":"has-post-title","10":"has-post-date","11":"has-post-category","12":"has-post-tag","13":"has-post-comment","14":"has-post-author","15":"","17":"first","18":"instock","19":"taxable","20":"shipping-taxable","21":"purchasable","22":"product-type-simple"},"builder_content":"","_links":{"self":[{"href":"https:\/\/www.cotraneurope.com\/fr\/wp-json\/wp\/v2\/product\/1641","targetHints":{"allow":["GET"]}}],"collection":[{"href":"https:\/\/www.cotraneurope.com\/fr\/wp-json\/wp\/v2\/product"}],"about":[{"href":"https:\/\/www.cotraneurope.com\/fr\/wp-json\/wp\/v2\/types\/product"}],"replies":[{"embeddable":true,"href":"https:\/\/www.cotraneurope.com\/fr\/wp-json\/wp\/v2\/comments?post=1641"}],"wp:featuredmedia":[{"embeddable":true,"href":"https:\/\/www.cotraneurope.com\/fr\/wp-json\/wp\/v2\/media\/1642"}],"wp:attachment":[{"href":"https:\/\/www.cotraneurope.com\/fr\/wp-json\/wp\/v2\/media?parent=1641"}],"wp:term":[{"taxonomy":"product_brand","embeddable":true,"href":"https:\/\/www.cotraneurope.com\/fr\/wp-json\/wp\/v2\/product_brand?post=1641"},{"taxonomy":"product_cat","embeddable":true,"href":"https:\/\/www.cotraneurope.com\/fr\/wp-json\/wp\/v2\/product_cat?post=1641"},{"taxonomy":"product_tag","embeddable":true,"href":"https:\/\/www.cotraneurope.com\/fr\/wp-json\/wp\/v2\/product_tag?post=1641"}],"curies":[{"name":"wp","href":"https:\/\/api.w.org\/{rel}","templated":true}]}}