{"id":1643,"date":"2025-04-04T10:59:36","date_gmt":"2025-04-04T08:59:36","guid":{"rendered":"https:\/\/xenodochial-taussig.212-227-206-74.plesk.page\/?post_type=product&#038;p=1643"},"modified":"2025-07-05T07:36:37","modified_gmt":"2025-07-05T05:36:37","slug":"pince-a-tatouer-petit-modele-5-x-7-mm","status":"publish","type":"product","link":"https:\/\/www.cotraneurope.com\/fr\/tattoo-products\/pince-a-tatouer-petit-modele-5-x-7-mm\/","title":{"rendered":"Pince \u00e0 tatouer petit mod\u00e8le (5 x 7 mm)"},"content":{"rendered":"<p>Ce kit de tatouage permet un tatouage en une seule action de l&rsquo;animal gr\u00e2ce \u00e0 une pince robuste qui soul\u00e8ve des aiguilles et emp\u00eache un tatouage flou. Les caract\u00e8res de petite taille conviennent particuli\u00e8rement aux petits animaux. Kit complet avec une pince, un jeu de lettres (A-Z), un jeu de chiffres (0-9) un pot d&rsquo;encre noire permanente de 90 ml et 5 paires de gants en nitrile. D\u00e9sinfecter la peau et les aiguilles avant utilisation. Nettoyage de la pince et des caract\u00e8res \u00e0 l&rsquo;eau claire imm\u00e9diatement apr\u00e8s utilisation.<br \/>\n&#8211; Pince \u00e0 tatouer 5 caract\u00e8res 7 mm (lettres et chiffres)<br \/>\n&#8211; Inclus jeu complet de caract\u00e8res : Lettres A-Z + Chiffres 0-9<br \/>\n&#8211; Les caract\u00e8res se glissent dans la pince dans l&rsquo;ordre souhait\u00e9<br \/>\n&#8211; Tatouage permanent des animaux dans l&rsquo;oreille<br \/>\n&#8211; Pince v\u00e9t\u00e9rinaire sp\u00e9ciale pour Ch\u00e8vre, Mouton, Chien, Chat, Lapin, porcelet et autres petits animaux<\/p>\n","protected":false},"excerpt":{"rendered":"<p>Kit de tatouage pour animaux (chien, chat, agneau, chevreau porcelet etc.). Pince \u00e0 tatouer + encre noire + set complet chiffres et de lettres.<br \/>\nPince et caract\u00e8res de 7 mm de hauteur.<br \/>\nChaque caract\u00e8re (chiffres et lettres) est fourni en 1 exemplaire avec le kit.<br \/>\nEn cas de num\u00e9ros redondants, pr\u00e9voir un kit de chiffres et\/ou de lettres suppl\u00e9mentaire.<\/p>\n","protected":false},"featured_media":1644,"comment_status":"closed","ping_status":"closed","template":"","meta":[],"product_brand":[1653],"product_cat":[1175,270],"product_tag":[],"class_list":{"0":"post-1643","1":"product","2":"type-product","3":"status-publish","4":"has-post-thumbnail","6":"product_brand-sharpmark","7":"product_cat-tattoo-products","8":"product_cat-hygiene-and-care","9":"has-post-title","10":"has-post-date","11":"has-post-category","12":"has-post-tag","13":"has-post-comment","14":"has-post-author","15":"","17":"first","18":"instock","19":"taxable","20":"shipping-taxable","21":"purchasable","22":"product-type-simple"},"builder_content":"","_links":{"self":[{"href":"https:\/\/www.cotraneurope.com\/fr\/wp-json\/wp\/v2\/product\/1643","targetHints":{"allow":["GET"]}}],"collection":[{"href":"https:\/\/www.cotraneurope.com\/fr\/wp-json\/wp\/v2\/product"}],"about":[{"href":"https:\/\/www.cotraneurope.com\/fr\/wp-json\/wp\/v2\/types\/product"}],"replies":[{"embeddable":true,"href":"https:\/\/www.cotraneurope.com\/fr\/wp-json\/wp\/v2\/comments?post=1643"}],"wp:featuredmedia":[{"embeddable":true,"href":"https:\/\/www.cotraneurope.com\/fr\/wp-json\/wp\/v2\/media\/1644"}],"wp:attachment":[{"href":"https:\/\/www.cotraneurope.com\/fr\/wp-json\/wp\/v2\/media?parent=1643"}],"wp:term":[{"taxonomy":"product_brand","embeddable":true,"href":"https:\/\/www.cotraneurope.com\/fr\/wp-json\/wp\/v2\/product_brand?post=1643"},{"taxonomy":"product_cat","embeddable":true,"href":"https:\/\/www.cotraneurope.com\/fr\/wp-json\/wp\/v2\/product_cat?post=1643"},{"taxonomy":"product_tag","embeddable":true,"href":"https:\/\/www.cotraneurope.com\/fr\/wp-json\/wp\/v2\/product_tag?post=1643"}],"curies":[{"name":"wp","href":"https:\/\/api.w.org\/{rel}","templated":true}]}}