{"id":1716,"date":"2025-04-07T09:02:23","date_gmt":"2025-04-07T07:02:23","guid":{"rendered":"https:\/\/xenodochial-taussig.212-227-206-74.plesk.page\/?post_type=product&#038;p=1716"},"modified":"2025-07-05T07:35:58","modified_gmt":"2025-07-05T05:35:58","slug":"crayon-marqueur-special-boucles","status":"publish","type":"product","link":"https:\/\/www.cotraneurope.com\/fr\/identification-ear-tags\/crayon-marqueur-special-boucles\/","title":{"rendered":"Crayon marqueur sp\u00e9cial boucles"},"content":{"rendered":"<p>Le crayon marqueur permanent SHARPMARK a \u00e9t\u00e9 sp\u00e9cialement s\u00e9lectionn\u00e9 pour l\u2019efficacit\u00e9 de sa formule pour marquer les boucles de marquage animal en polyur\u00e9thane. Il permet de marquer des boucles neutres,  de raviver le marquage de boucles grav\u00e9es ou y ajouter des caract\u00e8res. Le marquage p\u00e9n\u00e8tre dans le plastique de mani\u00e8re permanente et r\u00e9siste \u00e0 l\u2019eau et aux UV. Le feutre marqueur est livr\u00e9 avec 2 pointes de rechanges (2 pointes \u00e9paisses et 1 pointe fine au total).<br \/>\n&#8211; Marqueur permanent \u00e0 encre liquide noire<br \/>\n&#8211; Tenue sur tout type de surfaces<br \/>\n&#8211; Marquage r\u00e9sistant \u00e0 l\u2019eau et aux UV<br \/>\n&#8211; Livr\u00e9 avec 3 pointes (2 pointes \u00e9paisses + 1 pointe fine)<br \/>\n&#8211; S\u00e9chage rapide<br \/>\n&#8211; Conteneur d\u2019encre en aluminium<\/p>\n","protected":false},"excerpt":{"rendered":"<p>Crayon marqueur permanent \u00e0 encre liquide noire livr\u00e9 avec 3 pointes interchangeables (2 pointes larges et 1 fine).<br \/>\nS\u00e9chage rapide et tenue permanente sur tout type de surface. R\u00e9siste \u00e0 l\u2019eau et aux UV.<\/p>\n","protected":false},"featured_media":1719,"comment_status":"closed","ping_status":"closed","template":"","meta":[],"product_brand":[1653],"product_cat":[1177,270],"product_tag":[],"class_list":{"0":"post-1716","1":"product","2":"type-product","3":"status-publish","4":"has-post-thumbnail","6":"product_brand-sharpmark","7":"product_cat-identification-ear-tags","8":"product_cat-hygiene-and-care","9":"has-post-title","10":"has-post-date","11":"has-post-category","12":"has-post-tag","13":"has-post-comment","14":"has-post-author","15":"","17":"first","18":"instock","19":"taxable","20":"shipping-taxable","21":"purchasable","22":"product-type-simple"},"builder_content":"","_links":{"self":[{"href":"https:\/\/www.cotraneurope.com\/fr\/wp-json\/wp\/v2\/product\/1716","targetHints":{"allow":["GET"]}}],"collection":[{"href":"https:\/\/www.cotraneurope.com\/fr\/wp-json\/wp\/v2\/product"}],"about":[{"href":"https:\/\/www.cotraneurope.com\/fr\/wp-json\/wp\/v2\/types\/product"}],"replies":[{"embeddable":true,"href":"https:\/\/www.cotraneurope.com\/fr\/wp-json\/wp\/v2\/comments?post=1716"}],"wp:featuredmedia":[{"embeddable":true,"href":"https:\/\/www.cotraneurope.com\/fr\/wp-json\/wp\/v2\/media\/1719"}],"wp:attachment":[{"href":"https:\/\/www.cotraneurope.com\/fr\/wp-json\/wp\/v2\/media?parent=1716"}],"wp:term":[{"taxonomy":"product_brand","embeddable":true,"href":"https:\/\/www.cotraneurope.com\/fr\/wp-json\/wp\/v2\/product_brand?post=1716"},{"taxonomy":"product_cat","embeddable":true,"href":"https:\/\/www.cotraneurope.com\/fr\/wp-json\/wp\/v2\/product_cat?post=1716"},{"taxonomy":"product_tag","embeddable":true,"href":"https:\/\/www.cotraneurope.com\/fr\/wp-json\/wp\/v2\/product_tag?post=1716"}],"curies":[{"name":"wp","href":"https:\/\/api.w.org\/{rel}","templated":true}]}}